{"id":173,"date":"2009-05-25T13:31:33","date_gmt":"2009-05-25T11:31:33","guid":{"rendered":"https:\/\/webs.uab.cat\/llibersegur\/que-fem\/"},"modified":"2022-11-21T16:28:19","modified_gmt":"2022-11-21T14:28:19","slug":"que-fem","status":"publish","type":"page","link":"https:\/\/webs.uab.cat\/llibersegur\/que-fem\/","title":{"rendered":"Qu\u00e8 fem?"},"content":{"rendered":"\n<p><strong>Estudiem les tensions entre els valors de la llibertat i al seguretat al m\u00f3n d&#8217;avui. El civisme \u00e9s un concepte que pot superar aquesta dicotomia.<\/strong><\/p>\n\n\n\n<p><strong>Fem informes, estudis, publicacions sobre aquests aspectes.<\/strong><\/p>\n\n\n\n<p><strong>El nostre enfoc \u00e9s fonamentalment jur\u00eddic, des de la concepci\u00f3 de la teoria de l&#8217;estat, oberts a una reflexi\u00f3 \u00e8tico-pol\u00edtica.<\/strong><\/p>\n","protected":false},"excerpt":{"rendered":"<p>Estudiem les tensions entre els valors de la llibertat i al seguretat al m\u00f3n d&#8217;avui. El civisme \u00e9s un concepte que pot superar aquesta dicotomia. Fem informes, estudis, publicacions sobre aquests aspectes. El nostre enfoc \u00e9s fonamentalment jur\u00eddic, des de la concepci\u00f3 de la teoria de l&#8217;estat, oberts a una reflexi\u00f3 \u00e8tico-pol\u00edtica.<\/p>\n","protected":false},"author":20,"featured_media":0,"parent":0,"menu_order":0,"comment_status":"closed","ping_status":"closed","template":"","meta":{"footnotes":""},"class_list":["post-173","page","type-page","status-publish","hentry"],"_links":{"self":[{"href":"https:\/\/webs.uab.cat\/llibersegur\/wp-json\/wp\/v2\/pages\/173","targetHints":{"allow":["GET"]}}],"collection":[{"href":"https:\/\/webs.uab.cat\/llibersegur\/wp-json\/wp\/v2\/pages"}],"about":[{"href":"https:\/\/webs.uab.cat\/llibersegur\/wp-json\/wp\/v2\/types\/page"}],"author":[{"embeddable":true,"href":"https:\/\/webs.uab.cat\/llibersegur\/wp-json\/wp\/v2\/users\/20"}],"replies":[{"embeddable":true,"href":"https:\/\/webs.uab.cat\/llibersegur\/wp-json\/wp\/v2\/comments?post=173"}],"version-history":[{"count":2,"href":"https:\/\/webs.uab.cat\/llibersegur\/wp-json\/wp\/v2\/pages\/173\/revisions"}],"predecessor-version":[{"id":465,"href":"https:\/\/webs.uab.cat\/llibersegur\/wp-json\/wp\/v2\/pages\/173\/revisions\/465"}],"wp:attachment":[{"href":"https:\/\/webs.uab.cat\/llibersegur\/wp-json\/wp\/v2\/media?parent=173"}],"curies":[{"name":"wp","href":"https:\/\/api.w.org\/{rel}","templated":true}]}}