{"id":184,"date":"2009-05-25T13:54:03","date_gmt":"2009-05-25T11:54:03","guid":{"rendered":"https:\/\/webs.uab.cat\/llibersegur\/fons-publics\/"},"modified":"2009-05-25T13:54:03","modified_gmt":"2009-05-25T11:54:03","slug":"fons-publics","status":"publish","type":"page","link":"https:\/\/webs.uab.cat\/llibersegur\/fons-publics\/","title":{"rendered":"Finan\u00e7ats amb fons p\u00fablics"},"content":{"rendered":"<p>Projectes finan\u00e7ats amb fons p\u00fablics<\/p>\n<p>Hem participat: Tomas Gil M\u00e1rquez i Joan Llu\u00eds P\u00e9rez Francesch:<\/p>\n<p><strong>INTEGRA &#8211; Investigaci\u00f3n en Tecnolog\u00ed&shy;as para la Gesti\u00f3n de la Migraci\u00f3n<\/strong> (CEN2008-1018)<br \/>Principal Researcher: Jos\u00c3\u00a9 M. Molina &amp; M.A. Patricio<br \/>Principal Researcher IDT: Marta Poblet<br \/>Coordinator: Telvent Interactiva <br \/>Awarding institution: CDTI<br \/>Link: <br \/>Period: 2008\/01\/01 to 2011\/12\/31<\/p>\n<p><strong>CAPER &#8211; Collaborative information, Acquisition, Processing, Exploitation and Reporting for the prevention of organised crime<\/strong> (261712-FP7-SEC-2010-1)<br \/>Principal Researcher: Daniel Ch\u00e1varri<br \/>Principal Researcher IDT: Pompeu Casanovas<br \/>Coordinator: S21sec<br \/>Awarding institution: European Commission (VII Framework Programme)<br \/>Link: <br \/>Period: 2011\/07\/18 to 2013\/12\/31<\/p>\n","protected":false},"excerpt":{"rendered":"<p>Projectes finan\u00e7ats amb fons p\u00fablics Hem participat: Tomas Gil M\u00e1rquez i Joan Llu\u00eds P\u00e9rez Francesch: INTEGRA &#8211; Investigaci\u00f3n en Tecnolog\u00ed&shy;as para la Gesti\u00f3n de la Migraci\u00f3n (CEN2008-1018)Principal Researcher: Jos\u00c3\u00a9 M. Molina &amp; M.A. PatricioPrincipal Researcher IDT: Marta PobletCoordinator: Telvent Interactiva Awarding institution: CDTILink: Period: 2008\/01\/01 to 2011\/12\/31 CAPER &#8211; Collaborative information, Acquisition, Processing, Exploitation and [&hellip;]<\/p>\n","protected":false},"author":20,"featured_media":0,"parent":0,"menu_order":0,"comment_status":"closed","ping_status":"closed","template":"","meta":{"footnotes":""},"class_list":["post-184","page","type-page","status-publish","hentry"],"_links":{"self":[{"href":"https:\/\/webs.uab.cat\/llibersegur\/wp-json\/wp\/v2\/pages\/184","targetHints":{"allow":["GET"]}}],"collection":[{"href":"https:\/\/webs.uab.cat\/llibersegur\/wp-json\/wp\/v2\/pages"}],"about":[{"href":"https:\/\/webs.uab.cat\/llibersegur\/wp-json\/wp\/v2\/types\/page"}],"author":[{"embeddable":true,"href":"https:\/\/webs.uab.cat\/llibersegur\/wp-json\/wp\/v2\/users\/20"}],"replies":[{"embeddable":true,"href":"https:\/\/webs.uab.cat\/llibersegur\/wp-json\/wp\/v2\/comments?post=184"}],"version-history":[{"count":0,"href":"https:\/\/webs.uab.cat\/llibersegur\/wp-json\/wp\/v2\/pages\/184\/revisions"}],"wp:attachment":[{"href":"https:\/\/webs.uab.cat\/llibersegur\/wp-json\/wp\/v2\/media?parent=184"}],"curies":[{"name":"wp","href":"https:\/\/api.w.org\/{rel}","templated":true}]}}