{"id":186,"date":"2009-05-25T14:05:25","date_gmt":"2009-05-25T12:05:25","guid":{"rendered":"https:\/\/webs.uab.cat\/llibersegur\/on-som\/"},"modified":"2009-05-25T14:05:25","modified_gmt":"2009-05-25T12:05:25","slug":"on-som","status":"publish","type":"page","link":"https:\/\/webs.uab.cat\/llibersegur\/on-som\/","title":{"rendered":"On som?"},"content":{"rendered":"<p>Ens trobem a la seg\u00fcent ADRE\u00c7A:<\/p>\n<p>Despatx B2-156<br \/>Unitat de Dret Constitucional<br \/>Departament de Ci\u00e8ncia Pol\u00edtica i de Dret P\u00fablic<br \/>Universitat Aut\u00f2noma de Barcelona<br \/>Edifici B. Facultat de Dret<br \/>Campus de la UAB<br \/>08193- Bellaterra (Cerdanyola del Vall\u00e8s),&nbsp;<br \/>Barcelona (Spain)<\/p>\n<p>Tel\u00e8fon: 935812246<br \/>M\u00f2bil: 607853635<\/p>\n","protected":false},"excerpt":{"rendered":"<p>Ens trobem a la seg\u00fcent ADRE\u00c7A: Despatx B2-156Unitat de Dret ConstitucionalDepartament de Ci\u00e8ncia Pol\u00edtica i de Dret P\u00fablicUniversitat Aut\u00f2noma de BarcelonaEdifici B. Facultat de DretCampus de la UAB08193- Bellaterra (Cerdanyola del Vall\u00e8s),&nbsp;Barcelona (Spain) Tel\u00e8fon: 935812246M\u00f2bil: 607853635<\/p>\n","protected":false},"author":20,"featured_media":0,"parent":0,"menu_order":0,"comment_status":"closed","ping_status":"closed","template":"","meta":{"footnotes":""},"class_list":["post-186","page","type-page","status-publish","hentry"],"_links":{"self":[{"href":"https:\/\/webs.uab.cat\/llibersegur\/wp-json\/wp\/v2\/pages\/186","targetHints":{"allow":["GET"]}}],"collection":[{"href":"https:\/\/webs.uab.cat\/llibersegur\/wp-json\/wp\/v2\/pages"}],"about":[{"href":"https:\/\/webs.uab.cat\/llibersegur\/wp-json\/wp\/v2\/types\/page"}],"author":[{"embeddable":true,"href":"https:\/\/webs.uab.cat\/llibersegur\/wp-json\/wp\/v2\/users\/20"}],"replies":[{"embeddable":true,"href":"https:\/\/webs.uab.cat\/llibersegur\/wp-json\/wp\/v2\/comments?post=186"}],"version-history":[{"count":0,"href":"https:\/\/webs.uab.cat\/llibersegur\/wp-json\/wp\/v2\/pages\/186\/revisions"}],"wp:attachment":[{"href":"https:\/\/webs.uab.cat\/llibersegur\/wp-json\/wp\/v2\/media?parent=186"}],"curies":[{"name":"wp","href":"https:\/\/api.w.org\/{rel}","templated":true}]}}