{"id":365,"date":"2019-07-09T11:56:43","date_gmt":"2019-07-09T11:56:43","guid":{"rendered":"https:\/\/webs.uab.cat\/lloguerespais\/aules\/"},"modified":"2019-07-09T11:56:43","modified_gmt":"2019-07-09T11:56:43","slug":"aules","status":"publish","type":"page","link":"https:\/\/webs.uab.cat\/lloguerespais\/aules\/","title":{"rendered":"Aules"},"content":{"rendered":"<p>Les aules que posem a la vostre disposici\u00f3 les clasifiquem en funci\u00f3 de la capacitat, per tal d&#8217;adaptar-nos a les vostres necessitats.<\/p>\n<p>Al men\u00fa desplegable hi trobareu les diferents classificacions d&#8217;aquest tipus d&#8217;espai.<\/p>\n","protected":false},"excerpt":{"rendered":"<p>Les aules que posem a la vostre disposici\u00f3 les clasifiquem en funci\u00f3 de la capacitat, per tal d&#8217;adaptar-nos a les vostres necessitats. Al men\u00fa desplegable hi trobareu les diferents classificacions d&#8217;aquest tipus d&#8217;espai.<\/p>\n","protected":false},"author":20,"featured_media":0,"parent":0,"menu_order":0,"comment_status":"closed","ping_status":"closed","template":"","meta":{"footnotes":""},"class_list":["post-365","page","type-page","status-publish","hentry"],"_links":{"self":[{"href":"https:\/\/webs.uab.cat\/lloguerespais\/wp-json\/wp\/v2\/pages\/365","targetHints":{"allow":["GET"]}}],"collection":[{"href":"https:\/\/webs.uab.cat\/lloguerespais\/wp-json\/wp\/v2\/pages"}],"about":[{"href":"https:\/\/webs.uab.cat\/lloguerespais\/wp-json\/wp\/v2\/types\/page"}],"author":[{"embeddable":true,"href":"https:\/\/webs.uab.cat\/lloguerespais\/wp-json\/wp\/v2\/users\/20"}],"replies":[{"embeddable":true,"href":"https:\/\/webs.uab.cat\/lloguerespais\/wp-json\/wp\/v2\/comments?post=365"}],"version-history":[{"count":0,"href":"https:\/\/webs.uab.cat\/lloguerespais\/wp-json\/wp\/v2\/pages\/365\/revisions"}],"wp:attachment":[{"href":"https:\/\/webs.uab.cat\/lloguerespais\/wp-json\/wp\/v2\/media?parent=365"}],"curies":[{"name":"wp","href":"https:\/\/api.w.org\/{rel}","templated":true}]}}