{"id":425,"date":"2019-07-09T12:10:40","date_gmt":"2019-07-09T12:10:40","guid":{"rendered":"https:\/\/webs.uab.cat\/lloguerespais\/laboratoris-docents-equipats\/"},"modified":"2022-08-09T10:06:12","modified_gmt":"2022-08-09T10:06:12","slug":"laboratoris-docents-equipats","status":"publish","type":"page","link":"https:\/\/webs.uab.cat\/lloguerespais\/laboratoris-docents-equipats\/","title":{"rendered":"Laboratoris Docents Equipats"},"content":{"rendered":"\n<figure class=\"wp-block-image\"><img loading=\"lazy\" decoding=\"async\" width=\"800\" height=\"600\" src=\"https:\/\/webs.uab.cat\/lloguerespais\/wp-content\/uploads\/sites\/138\/2019\/07\/q_laboratori_quimica_2b_-_q6_1006.jpg\" alt=\"q_laboratori_quimica_2b_-_q6_1006.jpg\" class=\"wp-image-416\" srcset=\"https:\/\/webs.uab.cat\/lloguerespais\/wp-content\/uploads\/sites\/138\/2019\/07\/q_laboratori_quimica_2b_-_q6_1006.jpg 800w, https:\/\/webs.uab.cat\/lloguerespais\/wp-content\/uploads\/sites\/138\/2019\/07\/q_laboratori_quimica_2b_-_q6_1006-300x225.jpg 300w, https:\/\/webs.uab.cat\/lloguerespais\/wp-content\/uploads\/sites\/138\/2019\/07\/q_laboratori_quimica_2b_-_q6_1006-768x576.jpg 768w\" sizes=\"auto, (max-width: 800px) 100vw, 800px\" \/><figcaption>Laboratori Qu\u00edmica 2B-Q6. Facultats de Ci\u00e8ncies i de Bioci\u00e8ncies<\/figcaption><\/figure>\n\n\n\n<figure class=\"wp-block-image\"><img loading=\"lazy\" decoding=\"async\" width=\"800\" height=\"600\" src=\"https:\/\/webs.uab.cat\/lloguerespais\/wp-content\/uploads\/sites\/138\/2019\/07\/c_laboratori_docent_b_biociencies_ii_c5_-118.jpg\" alt=\"c_laboratori_docent_b_biociencies_ii_c5_-118.jpg\" class=\"wp-image-419\" srcset=\"https:\/\/webs.uab.cat\/lloguerespais\/wp-content\/uploads\/sites\/138\/2019\/07\/c_laboratori_docent_b_biociencies_ii_c5_-118.jpg 800w, https:\/\/webs.uab.cat\/lloguerespais\/wp-content\/uploads\/sites\/138\/2019\/07\/c_laboratori_docent_b_biociencies_ii_c5_-118-300x225.jpg 300w, https:\/\/webs.uab.cat\/lloguerespais\/wp-content\/uploads\/sites\/138\/2019\/07\/c_laboratori_docent_b_biociencies_ii_c5_-118-768x576.jpg 768w\" sizes=\"auto, (max-width: 800px) 100vw, 800px\" \/><figcaption>Laboratori Docent B Facultats de Ci\u00e8ncies i de Bioci\u00e8ncies<\/figcaption><\/figure>\n\n\n\n<figure class=\"wp-block-image\"><img loading=\"lazy\" decoding=\"async\" width=\"800\" height=\"600\" src=\"https:\/\/webs.uab.cat\/lloguerespais\/wp-content\/uploads\/sites\/138\/2019\/07\/q_laboratori_quimica_2b_-_q6_.jpg\" alt=\"q_laboratori_quimica_2b_-_q6_.jpg\" class=\"wp-image-422\" srcset=\"https:\/\/webs.uab.cat\/lloguerespais\/wp-content\/uploads\/sites\/138\/2019\/07\/q_laboratori_quimica_2b_-_q6_.jpg 800w, https:\/\/webs.uab.cat\/lloguerespais\/wp-content\/uploads\/sites\/138\/2019\/07\/q_laboratori_quimica_2b_-_q6_-300x225.jpg 300w, https:\/\/webs.uab.cat\/lloguerespais\/wp-content\/uploads\/sites\/138\/2019\/07\/q_laboratori_quimica_2b_-_q6_-768x576.jpg 768w\" sizes=\"auto, (max-width: 800px) 100vw, 800px\" \/><figcaption>Laboratori Qu\u00edmica 2B-Q6. Facultats de Ci\u00e8ncies i de Bioci\u00e8ncies<\/figcaption><\/figure>\n","protected":false},"excerpt":{"rendered":"","protected":false},"author":20,"featured_media":0,"parent":0,"menu_order":0,"comment_status":"closed","ping_status":"closed","template":"","meta":{"footnotes":""},"class_list":["post-425","page","type-page","status-publish","hentry"],"_links":{"self":[{"href":"https:\/\/webs.uab.cat\/lloguerespais\/wp-json\/wp\/v2\/pages\/425","targetHints":{"allow":["GET"]}}],"collection":[{"href":"https:\/\/webs.uab.cat\/lloguerespais\/wp-json\/wp\/v2\/pages"}],"about":[{"href":"https:\/\/webs.uab.cat\/lloguerespais\/wp-json\/wp\/v2\/types\/page"}],"author":[{"embeddable":true,"href":"https:\/\/webs.uab.cat\/lloguerespais\/wp-json\/wp\/v2\/users\/20"}],"replies":[{"embeddable":true,"href":"https:\/\/webs.uab.cat\/lloguerespais\/wp-json\/wp\/v2\/comments?post=425"}],"version-history":[{"count":1,"href":"https:\/\/webs.uab.cat\/lloguerespais\/wp-json\/wp\/v2\/pages\/425\/revisions"}],"predecessor-version":[{"id":545,"href":"https:\/\/webs.uab.cat\/lloguerespais\/wp-json\/wp\/v2\/pages\/425\/revisions\/545"}],"wp:attachment":[{"href":"https:\/\/webs.uab.cat\/lloguerespais\/wp-json\/wp\/v2\/media?parent=425"}],"curies":[{"name":"wp","href":"https:\/\/api.w.org\/{rel}","templated":true}]}}