{"id":433,"date":"2019-07-09T12:25:05","date_gmt":"2019-07-09T12:25:05","guid":{"rendered":"https:\/\/webs.uab.cat\/lloguerespais\/plato-tv\/"},"modified":"2022-08-09T10:05:17","modified_gmt":"2022-08-09T10:05:17","slug":"plato-tv","status":"publish","type":"page","link":"https:\/\/webs.uab.cat\/lloguerespais\/plato-tv\/","title":{"rendered":"Plat\u00f3 TV"},"content":{"rendered":"\n<figure class=\"wp-block-image\"><img loading=\"lazy\" decoding=\"async\" width=\"800\" height=\"600\" src=\"https:\/\/webs.uab.cat\/lloguerespais\/wp-content\/uploads\/sites\/138\/2019\/07\/i_tv_plato_1.jpg\" alt=\"i_tv_plato_1.jpg\" class=\"wp-image-427\" srcset=\"https:\/\/webs.uab.cat\/lloguerespais\/wp-content\/uploads\/sites\/138\/2019\/07\/i_tv_plato_1.jpg 800w, https:\/\/webs.uab.cat\/lloguerespais\/wp-content\/uploads\/sites\/138\/2019\/07\/i_tv_plato_1-300x225.jpg 300w, https:\/\/webs.uab.cat\/lloguerespais\/wp-content\/uploads\/sites\/138\/2019\/07\/i_tv_plato_1-768x576.jpg 768w\" sizes=\"auto, (max-width: 800px) 100vw, 800px\" \/><figcaption>Plat\u00f3 TV 1. Facultat de Ci\u00e8ncies de la Comunicaci\u00f3<\/figcaption><\/figure>\n\n\n\n<figure class=\"wp-block-image\"><img loading=\"lazy\" decoding=\"async\" width=\"800\" height=\"600\" src=\"https:\/\/webs.uab.cat\/lloguerespais\/wp-content\/uploads\/sites\/138\/2019\/07\/i_tv_plato_3.jpg\" alt=\"i_tv_plato_3.jpg\" class=\"wp-image-430\" srcset=\"https:\/\/webs.uab.cat\/lloguerespais\/wp-content\/uploads\/sites\/138\/2019\/07\/i_tv_plato_3.jpg 800w, https:\/\/webs.uab.cat\/lloguerespais\/wp-content\/uploads\/sites\/138\/2019\/07\/i_tv_plato_3-300x225.jpg 300w, https:\/\/webs.uab.cat\/lloguerespais\/wp-content\/uploads\/sites\/138\/2019\/07\/i_tv_plato_3-768x576.jpg 768w\" sizes=\"auto, (max-width: 800px) 100vw, 800px\" \/><figcaption>Plat\u00f3 TV 3. Facultat de Ci\u00e8ncies de la Comunicaci\u00f3<\/figcaption><\/figure>\n","protected":false},"excerpt":{"rendered":"","protected":false},"author":20,"featured_media":0,"parent":0,"menu_order":0,"comment_status":"closed","ping_status":"closed","template":"","meta":{"footnotes":""},"class_list":["post-433","page","type-page","status-publish","hentry"],"_links":{"self":[{"href":"https:\/\/webs.uab.cat\/lloguerespais\/wp-json\/wp\/v2\/pages\/433","targetHints":{"allow":["GET"]}}],"collection":[{"href":"https:\/\/webs.uab.cat\/lloguerespais\/wp-json\/wp\/v2\/pages"}],"about":[{"href":"https:\/\/webs.uab.cat\/lloguerespais\/wp-json\/wp\/v2\/types\/page"}],"author":[{"embeddable":true,"href":"https:\/\/webs.uab.cat\/lloguerespais\/wp-json\/wp\/v2\/users\/20"}],"replies":[{"embeddable":true,"href":"https:\/\/webs.uab.cat\/lloguerespais\/wp-json\/wp\/v2\/comments?post=433"}],"version-history":[{"count":1,"href":"https:\/\/webs.uab.cat\/lloguerespais\/wp-json\/wp\/v2\/pages\/433\/revisions"}],"predecessor-version":[{"id":544,"href":"https:\/\/webs.uab.cat\/lloguerespais\/wp-json\/wp\/v2\/pages\/433\/revisions\/544"}],"wp:attachment":[{"href":"https:\/\/webs.uab.cat\/lloguerespais\/wp-json\/wp\/v2\/media?parent=433"}],"curies":[{"name":"wp","href":"https:\/\/api.w.org\/{rel}","templated":true}]}}