{"id":448,"date":"2019-07-09T12:28:25","date_gmt":"2019-07-09T12:28:25","guid":{"rendered":"https:\/\/webs.uab.cat\/lloguerespais\/plato-fotografia\/"},"modified":"2022-08-09T10:04:41","modified_gmt":"2022-08-09T10:04:41","slug":"plato-fotografia","status":"publish","type":"page","link":"https:\/\/webs.uab.cat\/lloguerespais\/plato-fotografia\/","title":{"rendered":"Plat\u00f3 Fotografia"},"content":{"rendered":"\n<figure class=\"wp-block-image\"><img loading=\"lazy\" decoding=\"async\" width=\"800\" height=\"600\" src=\"https:\/\/webs.uab.cat\/lloguerespais\/wp-content\/uploads\/sites\/138\/2019\/07\/i_fotografia_plato_1_-persones-.jpg\" alt=\"i_fotografia_plato_1_-persones-.jpg\" class=\"wp-image-442\" srcset=\"https:\/\/webs.uab.cat\/lloguerespais\/wp-content\/uploads\/sites\/138\/2019\/07\/i_fotografia_plato_1_-persones-.jpg 800w, https:\/\/webs.uab.cat\/lloguerespais\/wp-content\/uploads\/sites\/138\/2019\/07\/i_fotografia_plato_1_-persones--300x225.jpg 300w, https:\/\/webs.uab.cat\/lloguerespais\/wp-content\/uploads\/sites\/138\/2019\/07\/i_fotografia_plato_1_-persones--768x576.jpg 768w\" sizes=\"auto, (max-width: 800px) 100vw, 800px\" \/><figcaption>Plat\u00f3 Fotografia 1. Facultat de Ci\u00e8ncies de la Comunicaci\u00f3<\/figcaption><\/figure>\n\n\n\n<figure class=\"wp-block-image\"><img loading=\"lazy\" decoding=\"async\" width=\"800\" height=\"600\" src=\"https:\/\/webs.uab.cat\/lloguerespais\/wp-content\/uploads\/sites\/138\/2019\/07\/i_fotografia_plato_2_-objectes-.jpg\" alt=\"i_fotografia_plato_2_-objectes-.jpg\" class=\"wp-image-445\" srcset=\"https:\/\/webs.uab.cat\/lloguerespais\/wp-content\/uploads\/sites\/138\/2019\/07\/i_fotografia_plato_2_-objectes-.jpg 800w, https:\/\/webs.uab.cat\/lloguerespais\/wp-content\/uploads\/sites\/138\/2019\/07\/i_fotografia_plato_2_-objectes--300x225.jpg 300w, https:\/\/webs.uab.cat\/lloguerespais\/wp-content\/uploads\/sites\/138\/2019\/07\/i_fotografia_plato_2_-objectes--768x576.jpg 768w\" sizes=\"auto, (max-width: 800px) 100vw, 800px\" \/><figcaption>Plat\u00f3 Fotografia 2 Facultat de Ci\u00e8ncies de la Comunicaci\u00f3<\/figcaption><\/figure>\n","protected":false},"excerpt":{"rendered":"","protected":false},"author":20,"featured_media":0,"parent":0,"menu_order":0,"comment_status":"closed","ping_status":"closed","template":"","meta":{"footnotes":""},"class_list":["post-448","page","type-page","status-publish","hentry"],"_links":{"self":[{"href":"https:\/\/webs.uab.cat\/lloguerespais\/wp-json\/wp\/v2\/pages\/448","targetHints":{"allow":["GET"]}}],"collection":[{"href":"https:\/\/webs.uab.cat\/lloguerespais\/wp-json\/wp\/v2\/pages"}],"about":[{"href":"https:\/\/webs.uab.cat\/lloguerespais\/wp-json\/wp\/v2\/types\/page"}],"author":[{"embeddable":true,"href":"https:\/\/webs.uab.cat\/lloguerespais\/wp-json\/wp\/v2\/users\/20"}],"replies":[{"embeddable":true,"href":"https:\/\/webs.uab.cat\/lloguerespais\/wp-json\/wp\/v2\/comments?post=448"}],"version-history":[{"count":1,"href":"https:\/\/webs.uab.cat\/lloguerespais\/wp-json\/wp\/v2\/pages\/448\/revisions"}],"predecessor-version":[{"id":543,"href":"https:\/\/webs.uab.cat\/lloguerespais\/wp-json\/wp\/v2\/pages\/448\/revisions\/543"}],"wp:attachment":[{"href":"https:\/\/webs.uab.cat\/lloguerespais\/wp-json\/wp\/v2\/media?parent=448"}],"curies":[{"name":"wp","href":"https:\/\/api.w.org\/{rel}","templated":true}]}}