{"id":27,"date":"2018-12-19T14:50:39","date_gmt":"2018-12-19T14:50:39","guid":{"rendered":"https:\/\/webs.uab.cat\/lluisalbarracin\/mes-publicacions\/"},"modified":"2025-08-27T06:17:56","modified_gmt":"2025-08-27T06:17:56","slug":"mes-publicacions","status":"publish","type":"page","link":"https:\/\/webs.uab.cat\/lluisalbarracin\/mes-publicacions\/","title":{"rendered":"M\u00e9s publicacions"},"content":{"rendered":"\n<h2 class=\"wp-block-heading\"><strong>Llibres i cap\u00edtols de llibres:<\/strong><\/h2>\n\n\n\n<p>Albarrac\u00edn, L., \u00c4rleb\u00e4ck, J., Sevinc, S., &amp; Ferrando, I. (2025). Developing Local Representative Solutions to Fermi Problems. In T. Ikeda, A.Saeki, V. Geiger &amp; G. Kaiser (Eds.), <em>International Horizons in Mathematics Modelling Education<\/em> (pp. 113-124)- Springer. <a href=\"https:\/\/doi.org\/10.1007\/978-3-031-53533-8_7\">https:\/\/doi.org\/10.1007\/978-3-031-53533-8_7<\/a><\/p>\n\n\n\n<p>Albarrac\u00edn, L., Ferrando, I., Segura, C., &amp; Gorgori\u00f3, N. (2025). <a href=\"https:\/\/editorialsomidem.org.mx\/?view=capitulo&amp;id=1026&amp;idp=1019\" data-type=\"link\" data-id=\"https:\/\/editorialsomidem.org.mx\/?view=capitulo&amp;id=1026&amp;idp=1019\">Secuencias de problemas de Fermi para introducir la modelizaci\u00f3n matem\u00e1tica<\/a>. En A. Solares-Rojas, &amp; A. P. Preciado Babb (Eds.), <em>La investigaci\u00f3n en modelizaci\u00f3n matem\u00e1tica: un di\u00e1logo entre educadores de Latinoam\u00e9rica y Espa\u00f1a<\/em> (pp. 153\u2013177). Editorial SOMIDEM. https:\/\/doi.org\/10.24844\/SOMIDEM\/S2\/2025\/01-07<\/p>\n\n\n\n<p>\u00c4rleb\u00e4ck, J.,  &amp; Albarrac\u00edn, L. (2024). <a href=\"https:\/\/link.springer.com\/chapter\/10.1007\/978-981-97-2728-5_12\">Lessons Learned from Research on Fermi Problems and Mathematical Modelling: Theoretical and Practical Implications for School STEM Education<\/a>. In J. Anderson &amp; K. Makar (Eds.), <em>The Contribution of Mathematics to School STEM Education<\/em>, (201-219). Springer. https:\/\/doi.org\/10.1007\/978-981-97-2728-5_12<\/p>\n\n\n\n<p>\u00c4rleb\u00e4ck, J., Albarrac\u00edn, L., Orey, D., Rosa, M., &amp; Sevinc, S. (2024). <a href=\"https:\/\/link.springer.com\/chapter\/10.1007\/978-3-031-53322-8_43\">Exploring the Potential of Using Fermi Problems to Elicit and Develop Cultural Aspects in Modelling Processes<\/a>. In H. S. Siller, V. Geiger &amp; G. Kaiser, (Eds.), <em>Researching Mathematical Modelling Education in Disruptive Times<\/em>. Springer. https:\/\/doi.org\/10.1007\/978-3-031-53322-8_43<\/p>\n\n\n\n<p>Ramos, O., Albarrac\u00edn, L., Mart\u00ed, E., Hern\u00e0ndez-Sabat\u00e9, A., &amp; Gil, D. (2021). <a href=\"https:\/\/ddd.uab.cat\/pub\/caplli\/2021\/243271\/eines8_a2021p111.pdf\">Activitats d&#8217;aula inversa en l&#8217;\u00e0mbit de l&#8217;enginyeria. Experi\u00e8ncia en la doc\u00e8ncia de bases de dades<\/a>. Cap\u00edtol del llibre <em>Experi\u00e8ncies docents innovadores a la UAB<\/em>, (pp. 111-126). Publicacions de la UAB.<\/p>\n\n\n\n<p>L\u00f3pez, M., Albarrac\u00edn, L., Ferrando, I., Montejo, J. Ramos, P., Serrad\u00f3, A., Thibaut, Mallavibarrena, R. (2020). <a href=\"https:\/\/www.fundacionareces.es\/recursos\/doc\/portal\/2020\/10\/14\/la-educacion-matematica-en-las-ensenanzas-obligatorias-y-el-bachillerato.pdf\">La Educaci\u00f3n Matem\u00e1tica en las ense\u00f1anzas obligatorias y el bachillerato<\/a>. En D. Mart\u00edn, T. Chac\u00f3n, G. Curbera, F. Marcell\u00e1n y M. Siles (Coord.), <em>Libro Blanco de las Matem\u00e1ticas <\/em>(pp. 1-94). RSME.<\/p>\n\n\n\n<p>Gorgori\u00f3, N. y&nbsp;Albarrac\u00edn,&nbsp;L. (2019). <a href=\"https:\/\/www.eusal.es\/index.php\/eusal\/catalog\/view\/978-84-1311-073-8\/5054\/4199-1\">El&nbsp;conocimiento&nbsp;matem\u00e1tico&nbsp;previo a la&nbsp;formaci\u00f3n&nbsp;inicial de los maestros: necesidad y concreci\u00f3n de una prueba para su evaluaci\u00f3n<\/a>. En E. Badillo, N. Climent, C. Fern\u00e1ndez y M. T. Gonz\u00e1lez (Eds.),<em> Investigaci\u00f3n sobre el profesor de matem\u00e1ticas: formaci\u00f3n, pr\u00e1ctica de aula, conocimiento y competencia&nbsp;profesional <\/em>(pp. 111-132).&nbsp;Ediciones Universidad Salamanca.<\/p>\n\n\n\n<p>Ortega, M., Puig, L., &amp; Albarrac\u00edn, L. (2019).&nbsp;<a href=\"https:\/\/link.springer.com\/chapter\/10.1007\/978-3-030-14931-4_9\">The Influence of Technology on the Mathematical Modelling of Physical Phenomena<\/a>. In G. Stillman &amp; J. P. Brown (Eds.),&nbsp;<em>Lines of Inquiry in Mathematical Modelling Research in Education<\/em>, pp.&nbsp;161-178. Springer.<\/p>\n\n\n\n<p>Albarrac\u00edn, L.,&nbsp;Badillo, E.,&nbsp;Gim\u00e9nez, J.,&nbsp;Vanegas, Y., &amp;&nbsp;Villella. X. (2018).&nbsp;<a href=\"https:\/\/www.sintesis.com\/did%C3%A1cticas%2C%20recursos%20y%20aprendizaje-223\/aprender%20a%20ense%C3%B1ar%20matem%C3%A1ticas%20en%20la%20educaci%C3%B3n%20primaria-ebook-2449.html\"><em>Aprender a ense\u00f1ar Matem\u00e1ticas en la Educaci\u00f3n Primaria<\/em><\/a>. Editorial S\u00edntesis.<\/p>\n\n\n\n<p>Gallart, C., Ferrando, I., Garc\u00eda-Raffi, L. M., Albarrac\u00edn, L., &amp; Gorgori\u00f3, N. (2017). <a href=\"https:\/\/link.springer.com\/chapter\/10.1007\/978-3-319-62968-1_23\">Design and Implementation of a Tool for Analysing Student Products When They Solve Fermi Problems<\/a>. In G. A. Stillman, W. Blum &amp; G. Kaiser (Eds.),&nbsp;<i>Mathematical Modelling and Applications<\/i>&nbsp;(pp. 265-275). Springer.<\/p>\n\n\n\n<p>Aymerich, \u00c0., Gorgori\u00f3, N., &amp; Albarrac\u00edn, L. (2017). <a href=\"https:\/\/link.springer.com\/chapter\/10.1007\/978-3-319-62968-1_3\">Modelling with Statistical Data: Characterisation of Student Models<\/a>. In&nbsp;G. A. Stillman, W. Blum &amp; G. Kaiser (Eds.),&nbsp;<i>Mathematical Modelling and Applications<\/i>&nbsp;(pp. 37-47). Springer.<\/p>\n\n\n\n<p>Flores,&nbsp;M., Dur\u00e1n, D., &amp; Albarrac\u00edn, L.&nbsp;(2016). <a href=\"http:\/\/tienda.horsori.net\/coleccion-manuales\/384-cm-37-enraonem-en-parella-tutoria-entre-iguals-per-a-la-resolucio-cooperativa-de-problemes-quotidians-9788415212904.html\"><em>(En)Raonem en parella. Tutoria entre iguals per a la resoluci\u00f3 cooperativa de problemes quotidians<\/em><\/a>. Horsori Editorial.&nbsp;<\/p>\n\n\n\n<p>Flores,&nbsp;M., Dur\u00e1n, D., &amp; Albarrac\u00edn, L.&nbsp;(2016). <a href=\"http:\/\/tienda.horsori.net\/coleccion-manuales\/383-cm-36-razonar-en-pareja-tutoria-entre-iguales-para-la-resolucion-cooperativa-de-problemas-cotidianos-9788415212805.html\"><em>Razonar en pareja: tutor\u00eda entre iguales para desarrollar la resoluci\u00f3n cooperativa de problemas<\/em><\/a>.&nbsp;Horsori Editorial.&nbsp;<\/p>\n\n\n\n<p>Hern\u00e1ndez-Sabat\u00e9, A., Albarrac\u00edn, L., Calvo, D., &amp; Gorgori\u00f3, N. (2016). <a href=\"https:\/\/link.springer.com\/chapter\/10.1007\/978-3-319-50182-6_5\">EyeMath: Identifying mathematics problem solving processes in a RTS video game<\/a>. In R. Botino, J. Jeuring &amp; R. C. Veltkamp (Eds.),&nbsp;<em>Lecture Notes in Computer Science<\/em> 10056&nbsp;(pp. 50-59). Springer, Cham.<\/p>\n\n\n\n<p>Albarrac\u00edn, L., &amp; Gorgori\u00f3, N. (2015). <a href=\"https:\/\/link.springer.com\/chapter\/10.1007\/978-3-319-15410-7_17\">On the role of inconceivable magnitude estimation problems to improve critical thinking<\/a>. In U.&nbsp;Gellert, J. Gim\u00e9nez, C. Hahn &amp; S. Kafoussi (Eds.),&nbsp;<i>Educational Paths to Mathematics<\/i>&nbsp;(pp. 263-277). Springer, Cham.<\/p>\n\n\n\n<h2 class=\"wp-block-heading\"><strong>Altres publicacions en revistes no indexades:<\/strong><\/h2>\n\n\n\n<p>L. Albarrac\u00edn, &amp; \u00c4rleb\u00e4ck, J. (2025). Usando esquemas de resoluci\u00f3n de problemas de Fermi. Guiar actividades de modelizaci\u00f3n matem\u00e1tica. <em>UNO, 107<\/em>, 7-13.<\/p>\n\n\n\n<p>Ferrando, I., Albarrac\u00edn, L., Segura, C., &amp; Gallart, C. (2024). Secuencias de problemas de Fermi como actividad para introducir la modelizaci\u00f3n matem\u00e1tica en las aulas. <em>La Gaceta de la RSME, 27<\/em>(2), 357-373.<\/p>\n\n\n\n<p>Rojas, F., &amp; Albarrac\u00edn, L. (2024). Uso de actividades de medidas indirectas en la formaci\u00f3n de maestros. <em>N\u00fameros, 116<\/em>(1), 23-42.<\/p>\n\n\n\n<p>Albarrac\u00edn, L. (2024). Todos contra la m\u00e1quina. <em>La Gaceta de la RSME, 27<\/em>(1), 149-166.<\/p>\n\n\n\n<p>Albarrac\u00edn, L., &amp; Rojas, F. (2023). Desarrollo colaborativo de estrategias de medida indirecta: \u00a1Vamos a medir al patio! <em>UNO<i>-Revista de Did\u00e1ctica de las Matem\u00e1ticas<\/i>, 102<\/em>, 67-73.<\/p>\n\n\n\n<p>Tinoco, J. C., Albarrac\u00edn, L., &amp; Deulofeu, J. (2022). Interdisciplinariedad: haciendo crecer el concepto de proporcionalidad. <em>UNO<i>-Revista de Did\u00e1ctica de las Matem\u00e1ticas<\/i>, 96<\/em>, 68-74.<\/p>\n\n\n\n<p>Albarrac\u00edn, L., Gorba, A., &amp; Gorgori\u00f3, N.&nbsp;(2022). Un proyecto de modelizaci\u00f3n matem\u00e1tica para aprender a ir seguros a la escuela.&nbsp;<i>UNO-Revista de Did\u00e1ctica de las Matem\u00e1ticas,<\/i>&nbsp;<i>95<\/i>, 64-69.<\/p>\n\n\n\n<p>Aymerich, \u00c0., &amp; Albarrac\u00edn, L. (2021). <a href=\"https:\/\/quadrante.apm.pt\/article\/view\/23686\">Modelizaci\u00f3n matem\u00e1tica en actividades estad\u00edsticas: identificando elementos clave del dise\u00f1o para promover la generaci\u00f3n de modelos en el estudio de la variabilidad<\/a>.&nbsp;<i>Quadrante<\/i>,&nbsp;<i>30<\/i>(2), 179\u2013199. https:\/\/doi.org\/10.48489\/quadrante.23686<\/p>\n\n\n\n<p>Segura, C., Ferrando, I. &amp; Albarrac\u00edn, L. (2021).&nbsp;<a href=\"https:\/\/quadrante.apm.pt\/article\/view\/23592\">An\u00e1lisis de los factores de complejidad en planes de resoluci\u00f3n individuales y resoluciones grupales de problemas de estimaci\u00f3n de contexto real<\/a>. <em>Quadrante, 30<\/em>(1), 31-51.<\/p>\n\n\n\n<p>Albarrac\u00edn, L., &amp; Hern\u00e0ndez-Sabat\u00e9, A. (2020).&nbsp;<a href=\"https:\/\/ojs.uv.es\/index.php\/ietem\/article\/view\/16285\/15203\">El potencial del eye-tracker como herramienta para estudiar el razonamiento matem\u00e1tico: Una experiencia usando videojuegos<\/a>.&nbsp;<em>Investigaci\u00f3n en Entornos Tecnol\u00f3gicos en Educaci\u00f3n Matem\u00e1tica, 1<\/em>, 1-8.<\/p>\n\n\n\n<p>Fuertes, R., &amp; Albarrac\u00edn, L. (2019).&nbsp;<a href=\"https:\/\/polipapers.upv.es\/index.php\/MSEL\/article\/view\/10977\">Un estudio exploratorio sobre el conocimiento del maestro para guiar actividades de modelizaci\u00f3n matem\u00e1tica en Educaci\u00f3n Primaria<\/a>.&nbsp;<em>Modelling in Science Education and Learning, 12<\/em>(2), 77-98.<\/p>\n\n\n\n<p>Albarrac\u00edn, L. (2019). <a href=\"https:\/\/thales.cica.es\/epsilon\/?q=node\/4779\">Una gu\u00eda pr\u00e1ctica para el uso de videojuegos en el aula de matem\u00e1ticas<\/a>. \u00c9psilon, 101, 101-119.<\/p>\n\n\n\n<p>Flores,&nbsp;M., Dur\u00e1n, D., &amp; Albarrac\u00edn, L.&nbsp;(2017). (En)Raonem en parella: tutoria entre iguals per desenvolupar la resoluci\u00f3 cooperativa de problemes.&nbsp;<i>Guix: Elements d&#8217;acci\u00f3 educativa<\/i>, (439), 69-73.<\/p>\n\n\n\n<p>Flores,&nbsp;M., Dur\u00e1n, D., &amp; Albarrac\u00edn, L.&nbsp;(2017). Razonar en pareja: tutor\u00eda entre iguales para desarrollar la resoluci\u00f3n cooperativa de problemas.&nbsp;<i>Aula de innovaci\u00f3n educativa<\/i>, (266), 69-73.<\/p>\n\n\n\n<p>Albarrac\u00edn, L. (2017). Los problemas de Fermi como actividades para introducir la modelizaci\u00f3n: qu\u00e9 sabemos y qu\u00e9 m\u00e1s deber\u00edamos saber. <i>Modelling in Science Education and Learning,<\/i>&nbsp;<em>10<\/em>(2), 117-136.<\/p>\n\n\n\n<p>G\u00f3mez, C., &amp; Albarrac\u00edn, L. (2017).&nbsp;Estimaci\u00f3n de grandes cantidades, en primaria.&nbsp;<em>UNO<i>-Revista de Did\u00e1ctica de las Matem\u00e1ticas<\/i><\/em>,<em> 76<\/em>, 57-63.<\/p>\n\n\n\n<p>Gorgori\u00f3, N., Albarrac\u00edn, L., &amp; Villarreal, A. (2017). Examen de compet\u00e8ncia logicomatem\u00e0tica en la nova prova d\u2019acc\u00e9s als graus de mestre.&nbsp;<i>Noubiaix<\/i>, <em>39<\/em>, 58-64.<\/p>\n\n\n\n<p>Albarrac\u00edn, L., Hern\u00e1ndez-Sabat\u00e9, A., &amp; Gorgori\u00f3, N. (2017). Los videojuegos como objeto de investigaci\u00f3n incipiente en Educaci\u00f3n Matem\u00e1tica. <i>Modelling in Science Education and Learning, 10<\/i>(1),&nbsp;53-72.<\/p>\n\n\n\n<p>Albarrac\u00edn, L. (2016). Retos en el uso de los videojuegos en el aula.&nbsp;<i>UNO<i>-Revista de Did\u00e1ctica de las Matem\u00e1ticas<\/i><\/i>, <em>74<\/em>, 27-33.<\/p>\n\n\n\n<p>Pizarro, N., Gorgori\u00f3, N., &amp; Albarrac\u00edn, L. (2016). Caracterizaci\u00f3n de las tareas de estimaci\u00f3n y medici\u00f3n de magnitudes.&nbsp;<i>N\u00fameros<\/i>,&nbsp;<i>91<\/i>, 91-103.<\/p>\n\n\n\n<p>Joanpere, M., Nicolich, M., Vila, M., &amp; Albarrac\u00edn, L. (2016). Un videojoc d\u2019estrat\u00e8gia per proposar problemes de matem\u00e0tiques.&nbsp;<i>Guix: Elements d&#8217;acci\u00f3 educativa<\/i>, (421), 24-28.<\/p>\n\n\n\n<p>Joanpere, M., Nicolich, M., Vila, M., &amp; Albarrac\u00edn, L. (2016). Un videojuego de estrategia para proponer problemas de matem\u00e1ticas.&nbsp;<i>Aula de innovaci\u00f3n educativa<\/i>, (248), 24-28.<\/p>\n\n\n\n<p>Aymerich, \u00c0., &amp; Albarrac\u00edn, L. (2016). Complejidad en el proceso de modelizaci\u00f3n de una tarea estad\u00edstica. <i>Modelling in Science Education and Learning, 9<\/i>(9),&nbsp;5-24.<\/p>\n\n\n\n<p>Albarrac\u00edn, L. (2016).&nbsp;Jugando con el espacio y el tiempo<em>. Suma: Revista sobre Ense\u00f1anza y Aprendizaje de las Matem\u00e1ticas, 80<\/em>, 79-85.<\/p>\n\n\n\n<p>Albarrac\u00edn, L., Chico, J., &amp; Guinjoan, M. (2015). Aprendiendo a ense\u00f1ar matem\u00e1ticas a partir de la propia experiencia.&nbsp;<i>Procedia-Social and Behavioral Sciences<\/i>,&nbsp;<i>196<\/i>, 113-119.<\/p>\n\n\n\n<p>Albarrac\u00edn, L. (2015). La creatividad hecha videojuego: Minecraft.&nbsp;<i>Suma: Revista sobre Ense\u00f1anza y Aprendizaje de las Matem\u00e1ticas<\/i>, 79, 77-84.<\/p>\n\n\n\n<p>Albarrac\u00edn, L., Lorente, C., Lopera, A., P\u00e9rez, H., &amp; Gorgori\u00f3, N. (2015). Problemas de estimaci\u00f3n de grandes cantidades en las aulas de Educaci\u00f3n Primaria.&nbsp;<i>Epsilon<\/i>,&nbsp;<i>32<\/i>(89), 19-33.<\/p>\n\n\n\n<p>Albarrac\u00edn, L. (2015). Videojuegos. Dise\u00f1ando ciudades en SimCity.&nbsp;<i>Suma: Revista sobre Ense\u00f1anza y Aprendizaje de las Matem\u00e1ticas<\/i>, 78, 65-71.<\/p>\n\n\n\n<p>Albarrac\u00edn, L. (2014). Los videojuegos de defensa de torres.&nbsp;<i>Suma: Revista sobre Ense\u00f1anza y Aprendizaje de las Matem\u00e1ticas<\/i>, 77, 61-67.<\/p>\n\n\n\n<p>Albarrac\u00edn, L. (2014). Los videojuegos de gesti\u00f3n deportiva: FX F\u00fatbol 2.0.&nbsp;<i>Suma: Revista sobre Ense\u00f1anza y Aprendizaje de las Matem\u00e1ticas<\/i>, 76, 75-82.<\/p>\n\n\n\n<p>Albarrac\u00edn, L. , &amp; Gorgori\u00f3, N. (2014). Trabajando con n\u00fameros grandes: Estimaci\u00f3n de magnitudes no alcanzables.&nbsp;<i>Uno: Revista de did\u00e1ctica de las matematicas<\/i>, 65, 71-77.<\/p>\n\n\n\n<p>Albarrac\u00edn, L. (2014).&nbsp;Videojuegos de estrategia en tiempo real.&nbsp;<i>Suma: Revista sobre Ense\u00f1anza y Aprendizaje de las Matem\u00e1ticas<\/i>, <em>75<\/em>, 77-83.<\/p>\n\n\n\n<p>Albarrac\u00edn, L., &amp; Gorgori\u00f3, N. (2013). Problemas de estimaci\u00f3n de magnitudes no alcanzables: una propuesta de aula a partir de los modelos generados por los alumnos.&nbsp;<i>Modelling in Science Education and Learning<\/i>,&nbsp;<i>6<\/i>, 33-48.<\/p>\n\n\n\n<p>Albarrac\u00edn, L. (2013). Portal 2.&nbsp;<i>Suma: Revista sobre Ense\u00f1anza y Aprendizaje de las Matem\u00e1ticas<\/i>, 74, 77-82.<\/p>\n\n\n\n<p>Albarrac\u00edn, L., &amp; Gorgori\u00f3, N. (2012). Inconceivable magnitude estimation problems: An opportunity to introduce modelling in secondary school.&nbsp;<i>Journal of Mathematical Modelling and Application<\/i>,&nbsp;<i>1<\/i>(7), 20-33.<\/p>\n\n\n\n<p>Albarrac\u00edn, L., &amp; Gorgori\u00f3, N. (2011). Una propuesta de modelizaci\u00f3n en secundaria: problemas de estimaci\u00f3n de magnitudes no alcanzables.&nbsp;<em>Modelling in Science Education and Learning, 4<\/em>(5), 71-81.<\/p>\n","protected":false},"excerpt":{"rendered":"<p>Llibres i cap\u00edtols de llibres: Albarrac\u00edn, L., \u00c4rleb\u00e4ck, J., Sevinc, S., &amp; Ferrando, I. (2025). Developing Local Representative Solutions to Fermi Problems. In T. Ikeda, A.Saeki, V. Geiger &amp; G. Kaiser (Eds.), International Horizons in Mathematics Modelling Education (pp. 113-124)- Springer. https:\/\/doi.org\/10.1007\/978-3-031-53533-8_7 Albarrac\u00edn, L., Ferrando, I., Segura, C., &amp; Gorgori\u00f3, N. (2025). Secuencias de problemas [&hellip;]<\/p>\n","protected":false},"author":20,"featured_media":0,"parent":0,"menu_order":0,"comment_status":"closed","ping_status":"closed","template":"","meta":{"footnotes":""},"class_list":["post-27","page","type-page","status-publish","hentry"],"_links":{"self":[{"href":"https:\/\/webs.uab.cat\/lluisalbarracin\/wp-json\/wp\/v2\/pages\/27","targetHints":{"allow":["GET"]}}],"collection":[{"href":"https:\/\/webs.uab.cat\/lluisalbarracin\/wp-json\/wp\/v2\/pages"}],"about":[{"href":"https:\/\/webs.uab.cat\/lluisalbarracin\/wp-json\/wp\/v2\/types\/page"}],"author":[{"embeddable":true,"href":"https:\/\/webs.uab.cat\/lluisalbarracin\/wp-json\/wp\/v2\/users\/20"}],"replies":[{"embeddable":true,"href":"https:\/\/webs.uab.cat\/lluisalbarracin\/wp-json\/wp\/v2\/comments?post=27"}],"version-history":[{"count":12,"href":"https:\/\/webs.uab.cat\/lluisalbarracin\/wp-json\/wp\/v2\/pages\/27\/revisions"}],"predecessor-version":[{"id":166,"href":"https:\/\/webs.uab.cat\/lluisalbarracin\/wp-json\/wp\/v2\/pages\/27\/revisions\/166"}],"wp:attachment":[{"href":"https:\/\/webs.uab.cat\/lluisalbarracin\/wp-json\/wp\/v2\/media?parent=27"}],"curies":[{"name":"wp","href":"https:\/\/api.w.org\/{rel}","templated":true}]}}