{"id":58,"date":"2016-04-26T13:47:42","date_gmt":"2016-04-26T13:47:42","guid":{"rendered":"https:\/\/webs.uab.cat\/lmt\/personal-directivo\/"},"modified":"2022-09-16T15:31:31","modified_gmt":"2022-09-16T15:31:31","slug":"personal-directivo","status":"publish","type":"page","link":"https:\/\/webs.uab.cat\/lmt\/es\/personal-directivo\/","title":{"rendered":"Contacto"},"content":{"rendered":"\n<p><strong>Coordinadores:<\/strong><\/p>\n\n\n\n<p>Pau Solsona \/ Santi Suri\u00f1ach<\/p>\n\n\n\n<p><strong>Direcci\u00f3n<\/strong><em>:<\/em><\/p>\n\n\n\n<p>Edifici C,&nbsp; C3\/202, Carrer dels Til\u00b7lers, &nbsp;Universitat Aut\u00f2noma de Barcelona&nbsp;, Bellaterra (Cerdanyola del Vall\u00e8s)<\/p>\n\n\n\n<p><strong>Tel\u00e9fono<\/strong><em>:<\/em>\u00a0+34 93 581 1657 <strong>\/<\/strong>\u00a0+34 93 581 1401<\/p>\n\n\n\n<p><strong>E-mail:<\/strong><a href=\"mailto:LMT@uab.cat\">LMT@uab.cat<\/a><\/p>\n\n\n\n<p><strong>Web<\/strong><em>:<\/em><a rel=\"noreferrer noopener\" href=\"https:\/\/www.lmt.uab.cat\/\" target=\"_blank\">www.lmt.uab.cat\/<\/a><\/p>\n","protected":false},"excerpt":{"rendered":"<p>Coordinadores: Pau Solsona \/ Santi Suri\u00f1ach Direcci\u00f3n: Edifici C,&nbsp; C3\/202, Carrer dels Til\u00b7lers, &nbsp;Universitat Aut\u00f2noma de Barcelona&nbsp;, Bellaterra (Cerdanyola del Vall\u00e8s) Tel\u00e9fono:\u00a0+34 93 581 1657 \/\u00a0+34 93 581 1401 E-mail:LMT@uab.cat Web:www.lmt.uab.cat\/<\/p>\n","protected":false},"author":20,"featured_media":0,"parent":0,"menu_order":0,"comment_status":"closed","ping_status":"closed","template":"","meta":{"footnotes":""},"class_list":["post-58","page","type-page","status-publish","hentry"],"_links":{"self":[{"href":"https:\/\/webs.uab.cat\/lmt\/es\/wp-json\/wp\/v2\/pages\/58","targetHints":{"allow":["GET"]}}],"collection":[{"href":"https:\/\/webs.uab.cat\/lmt\/es\/wp-json\/wp\/v2\/pages"}],"about":[{"href":"https:\/\/webs.uab.cat\/lmt\/es\/wp-json\/wp\/v2\/types\/page"}],"author":[{"embeddable":true,"href":"https:\/\/webs.uab.cat\/lmt\/es\/wp-json\/wp\/v2\/users\/20"}],"replies":[{"embeddable":true,"href":"https:\/\/webs.uab.cat\/lmt\/es\/wp-json\/wp\/v2\/comments?post=58"}],"version-history":[{"count":4,"href":"https:\/\/webs.uab.cat\/lmt\/es\/wp-json\/wp\/v2\/pages\/58\/revisions"}],"predecessor-version":[{"id":150,"href":"https:\/\/webs.uab.cat\/lmt\/es\/wp-json\/wp\/v2\/pages\/58\/revisions\/150"}],"wp:attachment":[{"href":"https:\/\/webs.uab.cat\/lmt\/es\/wp-json\/wp\/v2\/media?parent=58"}],"curies":[{"name":"wp","href":"https:\/\/api.w.org\/{rel}","templated":true}]}}