{"id":81,"date":"2018-12-09T19:05:20","date_gmt":"2018-12-09T19:05:20","guid":{"rendered":"https:\/\/webs.uab.cat\/lmt\/presentacion\/"},"modified":"2018-12-09T19:05:20","modified_gmt":"2018-12-09T19:05:20","slug":"presentacion","status":"publish","type":"page","link":"https:\/\/webs.uab.cat\/lmt\/es\/","title":{"rendered":"Presentaci\u00f3n"},"content":{"rendered":"<p>El objetivo principal es el de poner nuestros servicios de caracterizaci\u00f3n de sistemas, y nuestra experiencia, al alcance de los laboratorios de I + D + i de diversos sectores industriales como el farmac\u00e9utico, metal\u00fargico, reciclado &#8230;, as\u00ed como al servicio de investigadores del sector p\u00fablico.<\/p>\n<p>Los servicios que se ofrecen son los siguientes:<\/p>\n<ul>\n<li>Caracterizaci\u00f3n t\u00e9rmica de materiales: an\u00e1lisis calorim\u00e9trico diferencial (DSC); an\u00e1lisis termogravim\u00e9trico (TGA); an\u00e1lisis dilatom\u00e9trico; microscop\u00eda \u00f3ptica<\/li>\n<li>Caracterizaci\u00f3n mec\u00e1nica de materiales: nano, micro y macro dureza; m\u00f3dulo de elasticidad<\/li>\n<li>Caracterizaci\u00f3n magn\u00e9tica: magnetometr\u00eda de muestra vibrante (VSM); termomagnetometr\u00eda (TGM)<\/li>\n<li>Estudios de corrosi\u00f3n: curvas de polarizaci\u00f3n potencio-din\u00e1mica<\/li>\n<li>Metalizaci\u00f3n de peque\u00f1as piezas<\/li>\n<li>Tratamientos t\u00e9rmicos de peque\u00f1as piezas en atm\u00f3sfera controlada<\/li>\n<li>Molturaci\u00f3n y mezcla de muestras en atm\u00f3sfera controlada<\/li>\n<\/ul>\n<p>&nbsp;<\/p>\n<p>&nbsp;<\/p>\n","protected":false},"excerpt":{"rendered":"<p>El objetivo principal es el de poner nuestros servicios de caracterizaci\u00f3n de sistemas, y nuestra experiencia, al alcance de los laboratorios de I + D + i de diversos sectores industriales como el farmac\u00e9utico, metal\u00fargico, reciclado &#8230;, as\u00ed como al servicio de investigadores del sector p\u00fablico. Los servicios que se ofrecen son los siguientes: Caracterizaci\u00f3n [&hellip;]<\/p>\n","protected":false},"author":20,"featured_media":0,"parent":0,"menu_order":0,"comment_status":"closed","ping_status":"closed","template":"","meta":{"footnotes":""},"class_list":["post-81","page","type-page","status-publish","hentry"],"_links":{"self":[{"href":"https:\/\/webs.uab.cat\/lmt\/es\/wp-json\/wp\/v2\/pages\/81","targetHints":{"allow":["GET"]}}],"collection":[{"href":"https:\/\/webs.uab.cat\/lmt\/es\/wp-json\/wp\/v2\/pages"}],"about":[{"href":"https:\/\/webs.uab.cat\/lmt\/es\/wp-json\/wp\/v2\/types\/page"}],"author":[{"embeddable":true,"href":"https:\/\/webs.uab.cat\/lmt\/es\/wp-json\/wp\/v2\/users\/20"}],"replies":[{"embeddable":true,"href":"https:\/\/webs.uab.cat\/lmt\/es\/wp-json\/wp\/v2\/comments?post=81"}],"version-history":[{"count":0,"href":"https:\/\/webs.uab.cat\/lmt\/es\/wp-json\/wp\/v2\/pages\/81\/revisions"}],"wp:attachment":[{"href":"https:\/\/webs.uab.cat\/lmt\/es\/wp-json\/wp\/v2\/media?parent=81"}],"curies":[{"name":"wp","href":"https:\/\/api.w.org\/{rel}","templated":true}]}}