{"id":83,"date":"2018-12-09T19:08:21","date_gmt":"2018-12-09T19:08:21","guid":{"rendered":"https:\/\/webs.uab.cat\/lmt\/equipamento-cientifico-y-tecnico\/"},"modified":"2018-12-09T19:08:21","modified_gmt":"2018-12-09T19:08:21","slug":"equipamento-cientifico-y-tecnico","status":"publish","type":"page","link":"https:\/\/webs.uab.cat\/lmt\/es\/equipamento-cientifico-y-tecnico\/","title":{"rendered":"Equipamento cient\u00edfico y t\u00e9cnico"},"content":{"rendered":"<ul>\n<li>Equipo de an\u00e1lisis calorim\u00e9trico diferencial (2): DSC7 y DSC8000 de Perkin Elmer.<\/li>\n<li>Equipo de an\u00e1lisis termogravim\u00e9trico (2): TGA7 de Perkin Elmer<\/li>\n<li>Equipo de an\u00e1lisis dilatom\u00e9trico Netzsch<\/li>\n<li>Microscopio \u00f3ptico (Zeiss) con platina de calentamiento (Linkam)<\/li>\n<li>Nanoindentadores (3): Anton Paar, MTS, UMIS<\/li>\n<li>Equipo de microdureza Anton Paar<\/li>\n<li>Dur\u00f3metro Vickers<\/li>\n<li>Equipo de ultrasonidos pulso-eco Olympus<\/li>\n<li>Magnet\u00f3metro de muestra vibrante VSM Oxford<\/li>\n<li>Equipo Potenciostato \/ galvanostato Autolab (2)<\/li>\n<li>Hornos para tratamientos t\u00e9rmicos: Carbolite (2) y Lenton (2)<\/li>\n<li>Molinos planetarios Fritsch (2)<\/li>\n<li>Molino de bolas Spex<\/li>\n<\/ul>\n<p>&nbsp;<\/p>\n","protected":false},"excerpt":{"rendered":"<p>Equipo de an\u00e1lisis calorim\u00e9trico diferencial (2): DSC7 y DSC8000 de Perkin Elmer. Equipo de an\u00e1lisis termogravim\u00e9trico (2): TGA7 de Perkin Elmer Equipo de an\u00e1lisis dilatom\u00e9trico Netzsch Microscopio \u00f3ptico (Zeiss) con platina de calentamiento (Linkam) Nanoindentadores (3): Anton Paar, MTS, UMIS Equipo de microdureza Anton Paar Dur\u00f3metro Vickers Equipo de ultrasonidos pulso-eco Olympus Magnet\u00f3metro de muestra [&hellip;]<\/p>\n","protected":false},"author":20,"featured_media":0,"parent":0,"menu_order":0,"comment_status":"closed","ping_status":"closed","template":"","meta":{"footnotes":""},"class_list":["post-83","page","type-page","status-publish","hentry"],"_links":{"self":[{"href":"https:\/\/webs.uab.cat\/lmt\/es\/wp-json\/wp\/v2\/pages\/83","targetHints":{"allow":["GET"]}}],"collection":[{"href":"https:\/\/webs.uab.cat\/lmt\/es\/wp-json\/wp\/v2\/pages"}],"about":[{"href":"https:\/\/webs.uab.cat\/lmt\/es\/wp-json\/wp\/v2\/types\/page"}],"author":[{"embeddable":true,"href":"https:\/\/webs.uab.cat\/lmt\/es\/wp-json\/wp\/v2\/users\/20"}],"replies":[{"embeddable":true,"href":"https:\/\/webs.uab.cat\/lmt\/es\/wp-json\/wp\/v2\/comments?post=83"}],"version-history":[{"count":0,"href":"https:\/\/webs.uab.cat\/lmt\/es\/wp-json\/wp\/v2\/pages\/83\/revisions"}],"wp:attachment":[{"href":"https:\/\/webs.uab.cat\/lmt\/es\/wp-json\/wp\/v2\/media?parent=83"}],"curies":[{"name":"wp","href":"https:\/\/api.w.org\/{rel}","templated":true}]}}