{"id":56,"date":"2016-04-26T13:47:42","date_gmt":"2016-04-26T13:47:42","guid":{"rendered":"https:\/\/webs.uab.cat\/lmt\/equip-directiu\/"},"modified":"2022-09-16T13:16:37","modified_gmt":"2022-09-16T13:16:37","slug":"equip-directiu","status":"publish","type":"page","link":"https:\/\/webs.uab.cat\/lmt\/equip-directiu\/","title":{"rendered":"Contacte"},"content":{"rendered":"\n<p><strong>Coordinadors:<\/strong> <\/p>\n\n\n\n<p>Pau Solsona \/ Santi Suri\u00f1ach<\/p>\n\n\n\n<p><strong>Adre\u00e7a<\/strong><em>:<\/em>&nbsp; <\/p>\n\n\n\n<p>Edifici C,&nbsp; C3\/202, Carrer dels Til\u00b7lers, &nbsp;Universitat Aut\u00f2noma de Barcelona&nbsp;, Bellaterra (Cerdanyola del Vall\u00e8s)<\/p>\n\n\n\n<p><strong>Tel\u00e8fon<\/strong><em>:<\/em>&nbsp;+34 93 581 1657   <strong>\/<\/strong>&nbsp;+34 93 581 1401<\/p>\n\n\n\n<p><strong>E-mail:<\/strong><a href=\"mailto:LMT@uab.cat\"> LMT@uab.cat<\/a><\/p>\n\n\n\n<p><strong>Web<\/strong><a rel=\"noreferrer noopener\" href=\"https:\/\/www.lmt.uab.cat\/\" target=\"_blank\">: <\/a><a rel=\"noreferrer noopener\" href=\"https:\/\/www.lmt.uab.cat\/\" target=\"_blank\">www.lmt.uab.cat\/<\/a><\/p>\n\n\n\n<p><\/p>\n","protected":false},"excerpt":{"rendered":"<p>Coordinadors: Pau Solsona \/ Santi Suri\u00f1ach Adre\u00e7a:&nbsp; Edifici C,&nbsp; C3\/202, Carrer dels Til\u00b7lers, &nbsp;Universitat Aut\u00f2noma de Barcelona&nbsp;, Bellaterra (Cerdanyola del Vall\u00e8s) Tel\u00e8fon:&nbsp;+34 93 581 1657 \/&nbsp;+34 93 581 1401 E-mail: LMT@uab.cat Web: www.lmt.uab.cat\/<\/p>\n","protected":false},"author":20,"featured_media":0,"parent":0,"menu_order":0,"comment_status":"closed","ping_status":"closed","template":"","meta":{"footnotes":""},"class_list":["post-56","page","type-page","status-publish","hentry"],"_links":{"self":[{"href":"https:\/\/webs.uab.cat\/lmt\/wp-json\/wp\/v2\/pages\/56","targetHints":{"allow":["GET"]}}],"collection":[{"href":"https:\/\/webs.uab.cat\/lmt\/wp-json\/wp\/v2\/pages"}],"about":[{"href":"https:\/\/webs.uab.cat\/lmt\/wp-json\/wp\/v2\/types\/page"}],"author":[{"embeddable":true,"href":"https:\/\/webs.uab.cat\/lmt\/wp-json\/wp\/v2\/users\/20"}],"replies":[{"embeddable":true,"href":"https:\/\/webs.uab.cat\/lmt\/wp-json\/wp\/v2\/comments?post=56"}],"version-history":[{"count":6,"href":"https:\/\/webs.uab.cat\/lmt\/wp-json\/wp\/v2\/pages\/56\/revisions"}],"predecessor-version":[{"id":146,"href":"https:\/\/webs.uab.cat\/lmt\/wp-json\/wp\/v2\/pages\/56\/revisions\/146"}],"wp:attachment":[{"href":"https:\/\/webs.uab.cat\/lmt\/wp-json\/wp\/v2\/media?parent=56"}],"curies":[{"name":"wp","href":"https:\/\/api.w.org\/{rel}","templated":true}]}}