{"id":79,"date":"2016-05-02T10:11:34","date_gmt":"2016-05-02T10:11:34","guid":{"rendered":"https:\/\/webs.uab.cat\/lmt\/equipament-cientific-i-tecnic\/"},"modified":"2016-05-02T10:11:34","modified_gmt":"2016-05-02T10:11:34","slug":"equipament-cientific-i-tecnic","status":"publish","type":"page","link":"https:\/\/webs.uab.cat\/lmt\/equipament-cientific-i-tecnic\/","title":{"rendered":"Equipament cient\u00edfic i t\u00e8cnic"},"content":{"rendered":"<ul>\n<li>Equip d&#8217;an\u00e0lisi calorim\u00e8trica diferencial (2): DSC7 i DSC8000 de Perkin Elmer.<\/li>\n<li>Equip d&#8217;an\u00e0lisi termogravim\u00e8trica (2): TGA7 de Perkin Elmer<\/li>\n<li>Equip d&#8217;an\u00e0lisi dilatom\u00e8trica Netzsch<\/li>\n<li>Microscopi \u00f2ptic (Zeiss) amb platina d&#8217;escalfament (Linkam)<\/li>\n<li>Nanoindentadors (3): Anton Paar, MTS, UMIS<\/li>\n<li>Equip de microduresa Anton Paar<\/li>\n<li>Dur\u00f2metre Vickers<\/li>\n<li>Equip d&#8217;ultrasons pols-eco Olympus<\/li>\n<li>Magnet\u00f2metre de mostra vibrant VSM Oxford<\/li>\n<li>Equip Potenciostat \/ galvanostat Autolab (2)<\/li>\n<li>Forns per a tractaments t\u00e8rmics: Carbolite (2) i Lenton (2)<\/li>\n<li>Molins planetaris Fritsch (2)<\/li>\n<li>Mol\u00ed de boles Spex<\/li>\n<\/ul>\n","protected":false},"excerpt":{"rendered":"<p>Equip d&#8217;an\u00e0lisi calorim\u00e8trica diferencial (2): DSC7 i DSC8000 de Perkin Elmer. Equip d&#8217;an\u00e0lisi termogravim\u00e8trica (2): TGA7 de Perkin Elmer Equip d&#8217;an\u00e0lisi dilatom\u00e8trica Netzsch Microscopi \u00f2ptic (Zeiss) amb platina d&#8217;escalfament (Linkam) Nanoindentadors (3): Anton Paar, MTS, UMIS Equip de microduresa Anton Paar Dur\u00f2metre Vickers Equip d&#8217;ultrasons pols-eco Olympus Magnet\u00f2metre de mostra vibrant VSM Oxford Equip Potenciostat [&hellip;]<\/p>\n","protected":false},"author":20,"featured_media":0,"parent":0,"menu_order":0,"comment_status":"closed","ping_status":"closed","template":"","meta":{"footnotes":""},"class_list":["post-79","page","type-page","status-publish","hentry"],"_links":{"self":[{"href":"https:\/\/webs.uab.cat\/lmt\/wp-json\/wp\/v2\/pages\/79","targetHints":{"allow":["GET"]}}],"collection":[{"href":"https:\/\/webs.uab.cat\/lmt\/wp-json\/wp\/v2\/pages"}],"about":[{"href":"https:\/\/webs.uab.cat\/lmt\/wp-json\/wp\/v2\/types\/page"}],"author":[{"embeddable":true,"href":"https:\/\/webs.uab.cat\/lmt\/wp-json\/wp\/v2\/users\/20"}],"replies":[{"embeddable":true,"href":"https:\/\/webs.uab.cat\/lmt\/wp-json\/wp\/v2\/comments?post=79"}],"version-history":[{"count":0,"href":"https:\/\/webs.uab.cat\/lmt\/wp-json\/wp\/v2\/pages\/79\/revisions"}],"wp:attachment":[{"href":"https:\/\/webs.uab.cat\/lmt\/wp-json\/wp\/v2\/media?parent=79"}],"curies":[{"name":"wp","href":"https:\/\/api.w.org\/{rel}","templated":true}]}}