{"id":55,"date":"2022-07-27T14:50:19","date_gmt":"2022-07-27T12:50:19","guid":{"rendered":"https:\/\/webs.uab.cat\/lps-ceafm\/?page_id=55"},"modified":"2022-07-28T12:52:24","modified_gmt":"2022-07-28T10:52:24","slug":"presentacion","status":"publish","type":"page","link":"https:\/\/webs.uab.cat\/lps-ceafm\/es\/","title":{"rendered":"Presentaci\u00f3n"},"content":{"rendered":"\n<p>El \u00ablaboratorio de caracterizaci\u00f3n el\u00e9ctrica y evaluaci\u00f3n de fiabilidad de materiales, dispositivos y circuitos electr\u00f3nicos\u00bb es un Laboratorio de Prestaci\u00f3n de Servicios (LPS) en el entorno de las TIC, dentro del grupo de investigaci\u00f3n REDEC (Reliability of Electron Devices and Circuits) de la UAB.<\/p>\n\n\n\n<p>El grupo REDEC pertenece al Departamento de Ingenier\u00eda Electr\u00f3nica de la UAB, y tiene una larga trayectoria en el campo de la caracterizaci\u00f3n de materiales y dispositivos electr\u00f3nicos en la nanoscala, mediante t\u00e9cnicas AFM, as\u00ed como en la caracterizaci\u00f3n el\u00e9ctrica y estudio de la fiabilidad de dispositivos y circuitos electr\u00f3nicos. Cuenta con dos laboratorios con las t\u00e9cnicas necesarias para realizar esta actividad. <\/p>\n\n\n\n<p>El objetivo de este LPS es ofrecer la experiencia y herramientas disponibles en el grupo REDEC para todos aquellos grupos e instituciones que puedan estar interesadas.<\/p>\n","protected":false},"excerpt":{"rendered":"<p>El \u00ablaboratorio de caracterizaci\u00f3n el\u00e9ctrica y evaluaci\u00f3n de fiabilidad de materiales, dispositivos y circuitos electr\u00f3nicos\u00bb es un Laboratorio de Prestaci\u00f3n de Servicios (LPS) en el entorno de las TIC, dentro del grupo de investigaci\u00f3n REDEC (Reliability of Electron Devices and Circuits) de la UAB. El grupo REDEC pertenece al Departamento de Ingenier\u00eda Electr\u00f3nica de la [&hellip;]<\/p>\n","protected":false},"author":37,"featured_media":0,"parent":0,"menu_order":0,"comment_status":"closed","ping_status":"closed","template":"","meta":{"footnotes":""},"class_list":["post-55","page","type-page","status-publish","hentry"],"_links":{"self":[{"href":"https:\/\/webs.uab.cat\/lps-ceafm\/es\/wp-json\/wp\/v2\/pages\/55","targetHints":{"allow":["GET"]}}],"collection":[{"href":"https:\/\/webs.uab.cat\/lps-ceafm\/es\/wp-json\/wp\/v2\/pages"}],"about":[{"href":"https:\/\/webs.uab.cat\/lps-ceafm\/es\/wp-json\/wp\/v2\/types\/page"}],"author":[{"embeddable":true,"href":"https:\/\/webs.uab.cat\/lps-ceafm\/es\/wp-json\/wp\/v2\/users\/37"}],"replies":[{"embeddable":true,"href":"https:\/\/webs.uab.cat\/lps-ceafm\/es\/wp-json\/wp\/v2\/comments?post=55"}],"version-history":[{"count":5,"href":"https:\/\/webs.uab.cat\/lps-ceafm\/es\/wp-json\/wp\/v2\/pages\/55\/revisions"}],"predecessor-version":[{"id":90,"href":"https:\/\/webs.uab.cat\/lps-ceafm\/es\/wp-json\/wp\/v2\/pages\/55\/revisions\/90"}],"wp:attachment":[{"href":"https:\/\/webs.uab.cat\/lps-ceafm\/es\/wp-json\/wp\/v2\/media?parent=55"}],"curies":[{"name":"wp","href":"https:\/\/api.w.org\/{rel}","templated":true}]}}