{"id":224,"date":"2010-06-22T16:20:27","date_gmt":"2010-06-22T16:20:27","guid":{"rendered":"https:\/\/webs.uab.cat\/lrec\/specialized-courses-and-postgraduates\/"},"modified":"2023-01-17T09:25:42","modified_gmt":"2023-01-17T09:25:42","slug":"specialized-courses-and-postgraduates","status":"publish","type":"page","link":"https:\/\/webs.uab.cat\/lrec\/en\/specialized-courses-and-postgraduates\/","title":{"rendered":"Specialized courses and postgraduates"},"content":{"rendered":"\n<p>To date, the LREC has provided scientific and technical training to the staff of the following organizations:<\/p>\n\n\n\n<div class=\"wp-block-group alignwide\"><div class=\"wp-block-group__inner-container is-layout-flow wp-block-group-is-layout-flow\">\n<ul class=\"wp-block-list\"><li>Associaci\u00f3 Catalana de Ci\u00e8ncies de Laboratori Cl\u00ednic (<a rel=\"noreferrer noopener\" href=\"http:\/\/www.acclc.cat\/ca\" target=\"_blank\">ACCLC<\/a>). Course <em>Fonaments de les Ci\u00e8ncies de Laboratori Cl\u00ednic<\/em>. 6 editions, since 2003-2013.<\/li><li>Roche Diagnostics S.L. and Universidad Complutense de Madrid. <em>Diploma de Innovaci\u00f3n Tecnol\u00f3gica y Gesti\u00f3n en el Laboratorio Cl\u00ednico<\/em>. 11 editions, from 2005 to 2015.<\/li><li>Universitat Aut\u00f2noma de Barcelona. <em>M\u00e0ster en Bioqu\u00edmica, Biologia Molecular i Biomedicina, m\u00f2dul Aven\u00e7os en Bioqu\u00edmica Cl\u00ednica i Patologia Molecular<\/em>, since 2006.<\/li><li>Entidad Costarricense de Acreditaci\u00f3n (<a rel=\"noreferrer noopener\" href=\"http:\/\/www.eca.or.cr\/\" target=\"_blank\">ECA<\/a>). Course: <em>Metrolog\u00eda Aplicada al Laboratorio Cl\u00ednico<\/em>. San Jos\u00e9 (Costa Rica), May 2012.<\/li><li>Sociedad Espa\u00f1ola de Medicina de laboratorio (<a rel=\"noreferrer noopener\" href=\"https:\/\/www.seqc.es\/\" data-type=\"URL\" data-id=\"https:\/\/www.seqc.es\/\" target=\"_blank\">SEQC<sup>ML<\/sup><\/a>). Course: <em>Validaci\u00f3n anal\u00edtica de los procedimientos de medida en el laboratorio cl\u00ednico<\/em>. M\u00e1laga, May 2017; Barcelona, September 2018 and June 2022.<\/li><\/ul>\n<\/div><\/div>\n","protected":false},"excerpt":{"rendered":"<p>To date, the LREC has provided scientific and technical training to the staff of the following organizations: Associaci\u00f3 Catalana de Ci\u00e8ncies de Laboratori Cl\u00ednic (ACCLC). Course Fonaments de les Ci\u00e8ncies de Laboratori Cl\u00ednic. 6 editions, since 2003-2013. Roche Diagnostics S.L. and Universidad Complutense de Madrid. Diploma de Innovaci\u00f3n Tecnol\u00f3gica y Gesti\u00f3n en el Laboratorio Cl\u00ednico. [&hellip;]<\/p>\n","protected":false},"author":20,"featured_media":0,"parent":0,"menu_order":0,"comment_status":"closed","ping_status":"closed","template":"","meta":{"footnotes":""},"class_list":["post-224","page","type-page","status-publish","hentry"],"_links":{"self":[{"href":"https:\/\/webs.uab.cat\/lrec\/en\/wp-json\/wp\/v2\/pages\/224","targetHints":{"allow":["GET"]}}],"collection":[{"href":"https:\/\/webs.uab.cat\/lrec\/en\/wp-json\/wp\/v2\/pages"}],"about":[{"href":"https:\/\/webs.uab.cat\/lrec\/en\/wp-json\/wp\/v2\/types\/page"}],"author":[{"embeddable":true,"href":"https:\/\/webs.uab.cat\/lrec\/en\/wp-json\/wp\/v2\/users\/20"}],"replies":[{"embeddable":true,"href":"https:\/\/webs.uab.cat\/lrec\/en\/wp-json\/wp\/v2\/comments?post=224"}],"version-history":[{"count":8,"href":"https:\/\/webs.uab.cat\/lrec\/en\/wp-json\/wp\/v2\/pages\/224\/revisions"}],"predecessor-version":[{"id":1214,"href":"https:\/\/webs.uab.cat\/lrec\/en\/wp-json\/wp\/v2\/pages\/224\/revisions\/1214"}],"wp:attachment":[{"href":"https:\/\/webs.uab.cat\/lrec\/en\/wp-json\/wp\/v2\/media?parent=224"}],"curies":[{"name":"wp","href":"https:\/\/api.w.org\/{rel}","templated":true}]}}