{"id":517,"date":"2013-01-23T15:30:20","date_gmt":"2013-01-23T15:30:20","guid":{"rendered":"https:\/\/webs.uab.cat\/lrec\/links\/"},"modified":"2023-01-18T09:52:44","modified_gmt":"2023-01-18T09:52:44","slug":"links","status":"publish","type":"page","link":"https:\/\/webs.uab.cat\/lrec\/en\/links\/","title":{"rendered":"Links"},"content":{"rendered":"\n<ul class=\"wp-block-list\"><li><strong>Associaci\u00f3 Catalana de Ci\u00e8ncies de Laboratori Cl\u00ednic (ACCLC)<\/strong><br><a href=\"http:\/\/www.acclc.cat\/ca\">http:\/\/www.acclc.cat\/ca<\/a><br><\/li><li><strong>Biocat<\/strong><br><a href=\"https:\/\/www.biocat.cat\/en\">http:\/\/www.biocat.cat\/en<\/a><br><\/li><li><strong>Clinical and Laboratory Standards Institute (CLSI)<\/strong><br><a href=\"http:\/\/www.clsi.org\">http:\/\/www.clsi.org<\/a><br><\/li><li><strong>European Federation of Clinical Chemistry and Laboratory Medicine (EFLM)<\/strong><br><a href=\"http:\/\/eflm.eu\">http:\/\/eflm.eu<br><\/a><\/li><li><strong>Entidad Nacional de Acreditaci\u00f3n (ENAC)<\/strong><br><a href=\"https:\/\/www.enac.es\/web\/english\">https:\/\/www.enac.es\/web\/english<\/a><br><\/li><li><strong>IFCC-DGKL-RELA<\/strong>, external quality assessment program for refference laboratories with results of several years programs.<br>http:\/\/www.dgkl-rfb.de:81<br><\/li><li><strong>International Federation of Clinical Chemistry and Laboratory Medicine (IFCC)<\/strong><br><a href=\"http:\/\/www.ifcc.org\">http:\/\/www.ifcc.org<\/a><br><\/li><li><strong>Joint Research Centre (JRC)<\/strong><br><a href=\"https:\/\/ec.europa.eu\/jrc\/en\/reference-materials\">https:\/\/ec.europa.eu\/jrc\/en\/reference-materials<\/a><br><\/li><li><strong>International Organization for Standardization (ISO)<\/strong><br><a href=\"http:\/\/www.iso.org\">http:\/\/www.iso.org<\/a><br><\/li><li><strong>Joint Committee for Traceability in Laboratory Medicine (JCTLM)<\/strong>, database with refference mesurement method, refference materials and refference laboratories.<br><a href=\"http:\/\/www.bipm.org\/jctlm\/\">http:\/\/www.bipm.org\/jctlm<br><\/a><\/li><li><strong>Secci\u00f3 Catalana de Metrologia<\/strong><br><a href=\"http:\/\/www.scmetro-sct.cat\">http:\/\/www.scmetro-sct.cat<br><\/a><\/li><li><strong>UAB Scientific-technical services<\/strong><br><a href=\"https:\/\/www.uab.cat\/web\/research\/itineraries\/innovation-and-knowledge-transfer\/scientific-technical-services\/scientific-and-technical-services--1345667278676.html\">https:\/\/www.uab.cat\/web\/research\/itineraries\/innovation-and-knowledge-transfer\/scientific-technical-services\/scientific-and-technical-services&#8211;1345667278676.html<\/a><br><\/li><li><strong>Sociedad Espa\u00f1ola de Medicina de Laboratorio (SEQC)<\/strong><br><a href=\"https:\/\/www.seqcinternational.com\/\">https:\/\/www.seqcinternational.com\/<\/a><\/li><\/ul>\n","protected":false},"excerpt":{"rendered":"<p>Associaci\u00f3 Catalana de Ci\u00e8ncies de Laboratori Cl\u00ednic (ACCLC)http:\/\/www.acclc.cat\/ca Biocathttp:\/\/www.biocat.cat\/en Clinical and Laboratory Standards Institute (CLSI)http:\/\/www.clsi.org European Federation of Clinical Chemistry and Laboratory Medicine (EFLM)http:\/\/eflm.eu Entidad Nacional de Acreditaci\u00f3n (ENAC)https:\/\/www.enac.es\/web\/english IFCC-DGKL-RELA, external quality assessment program for refference laboratories with results of several years programs.http:\/\/www.dgkl-rfb.de:81 International Federation of Clinical Chemistry and Laboratory Medicine (IFCC)http:\/\/www.ifcc.org Joint Research Centre [&hellip;]<\/p>\n","protected":false},"author":20,"featured_media":0,"parent":0,"menu_order":0,"comment_status":"closed","ping_status":"closed","template":"","meta":{"footnotes":""},"class_list":["post-517","page","type-page","status-publish","hentry"],"_links":{"self":[{"href":"https:\/\/webs.uab.cat\/lrec\/en\/wp-json\/wp\/v2\/pages\/517","targetHints":{"allow":["GET"]}}],"collection":[{"href":"https:\/\/webs.uab.cat\/lrec\/en\/wp-json\/wp\/v2\/pages"}],"about":[{"href":"https:\/\/webs.uab.cat\/lrec\/en\/wp-json\/wp\/v2\/types\/page"}],"author":[{"embeddable":true,"href":"https:\/\/webs.uab.cat\/lrec\/en\/wp-json\/wp\/v2\/users\/20"}],"replies":[{"embeddable":true,"href":"https:\/\/webs.uab.cat\/lrec\/en\/wp-json\/wp\/v2\/comments?post=517"}],"version-history":[{"count":1,"href":"https:\/\/webs.uab.cat\/lrec\/en\/wp-json\/wp\/v2\/pages\/517\/revisions"}],"predecessor-version":[{"id":1257,"href":"https:\/\/webs.uab.cat\/lrec\/en\/wp-json\/wp\/v2\/pages\/517\/revisions\/1257"}],"wp:attachment":[{"href":"https:\/\/webs.uab.cat\/lrec\/en\/wp-json\/wp\/v2\/media?parent=517"}],"curies":[{"name":"wp","href":"https:\/\/api.w.org\/{rel}","templated":true}]}}