{"id":131,"date":"2010-06-22T15:30:20","date_gmt":"2010-06-22T15:30:20","guid":{"rendered":"https:\/\/webs.uab.cat\/lrec\/presentacion\/"},"modified":"2023-01-13T09:39:50","modified_gmt":"2023-01-13T09:39:50","slug":"presentacion","status":"publish","type":"page","link":"https:\/\/webs.uab.cat\/lrec\/es\/","title":{"rendered":"PRESENTACI\u00d3N"},"content":{"rendered":"<p>El Laboratorio de Referencia de Enzimolog\u00eda Cl\u00ednica (LREC) colabora con las organizaciones internacionales de estandarizaci\u00f3n y los fabricantes de la industria del diagn\u00f3stico in vitro en el desarrollo de procedimientos de medida y de materiales de referencia para enzimas en el \u00e1mbito del laboratorio cl\u00ednico. Tambi\u00e9n ofrece sus servicios a los laboratorios cl\u00ednicos, a los grupos de investigaci\u00f3n, a les empresas y a los organismos p\u00fablicos y privados, entre otros.<\/p>\n","protected":false},"excerpt":{"rendered":"<p>El Laboratorio de Referencia de Enzimolog\u00eda Cl\u00ednica (LREC) colabora con las organizaciones internacionales de estandarizaci\u00f3n y los fabricantes de la industria del diagn\u00f3stico in vitro en el desarrollo de procedimientos de medida y de materiales de referencia para enzimas en el \u00e1mbito del laboratorio cl\u00ednico. Tambi\u00e9n ofrece sus servicios a los laboratorios cl\u00ednicos, a los [&hellip;]<\/p>\n","protected":false},"author":20,"featured_media":0,"parent":0,"menu_order":0,"comment_status":"closed","ping_status":"closed","template":"","meta":{"footnotes":""},"class_list":["post-131","page","type-page","status-publish","hentry"],"_links":{"self":[{"href":"https:\/\/webs.uab.cat\/lrec\/es\/wp-json\/wp\/v2\/pages\/131","targetHints":{"allow":["GET"]}}],"collection":[{"href":"https:\/\/webs.uab.cat\/lrec\/es\/wp-json\/wp\/v2\/pages"}],"about":[{"href":"https:\/\/webs.uab.cat\/lrec\/es\/wp-json\/wp\/v2\/types\/page"}],"author":[{"embeddable":true,"href":"https:\/\/webs.uab.cat\/lrec\/es\/wp-json\/wp\/v2\/users\/20"}],"replies":[{"embeddable":true,"href":"https:\/\/webs.uab.cat\/lrec\/es\/wp-json\/wp\/v2\/comments?post=131"}],"version-history":[{"count":1,"href":"https:\/\/webs.uab.cat\/lrec\/es\/wp-json\/wp\/v2\/pages\/131\/revisions"}],"predecessor-version":[{"id":945,"href":"https:\/\/webs.uab.cat\/lrec\/es\/wp-json\/wp\/v2\/pages\/131\/revisions\/945"}],"wp:attachment":[{"href":"https:\/\/webs.uab.cat\/lrec\/es\/wp-json\/wp\/v2\/media?parent=131"}],"curies":[{"name":"wp","href":"https:\/\/api.w.org\/{rel}","templated":true}]}}