{"id":139,"date":"2010-06-22T16:07:07","date_gmt":"2010-06-22T16:07:07","guid":{"rendered":"https:\/\/webs.uab.cat\/lrec\/resen-historica\/"},"modified":"2023-01-16T07:51:13","modified_gmt":"2023-01-16T07:51:13","slug":"resen-historica","status":"publish","type":"page","link":"https:\/\/webs.uab.cat\/lrec\/es\/resen-historica\/","title":{"rendered":"Rese\u00f1a hist\u00f3rica"},"content":{"rendered":"<p>El Laboratorio de Referencia de Enzimolog\u00eda Cl\u00ednica (LREC) del Departamento de Bioqu\u00edmica y Biolog\u00eda Molecular de la UAB se cre\u00f3 en el a\u00f1o 2005, y est\u00e1 reconocido como\u00a0<em><strong>Laboratorio de Prestaci\u00f3n de Servicios<\/strong><\/em> (LPS) y como <strong><em>Grupo de Investigaci\u00f3n Singular<\/em><\/strong>.<\/p>\n<p>El laboratorio se cre\u00f3 con el objetivo de colaborar con las organizaciones internacionales de estandarizaci\u00f3n en el desarrollo de procedimientos de medida de referencia y de materiales de referencia para enzimas en el \u00e1mbito del laboratorio cl\u00ednico.<\/p>\n","protected":false},"excerpt":{"rendered":"<p>El Laboratorio de Referencia de Enzimolog\u00eda Cl\u00ednica (LREC) del Departamento de Bioqu\u00edmica y Biolog\u00eda Molecular de la UAB se cre\u00f3 en el a\u00f1o 2005, y est\u00e1 reconocido como\u00a0Laboratorio de Prestaci\u00f3n de Servicios (LPS) y como Grupo de Investigaci\u00f3n Singular. El laboratorio se cre\u00f3 con el objetivo de colaborar con las organizaciones internacionales de estandarizaci\u00f3n en [&hellip;]<\/p>\n","protected":false},"author":20,"featured_media":0,"parent":0,"menu_order":0,"comment_status":"closed","ping_status":"closed","template":"","meta":{"footnotes":""},"class_list":["post-139","page","type-page","status-publish","hentry"],"_links":{"self":[{"href":"https:\/\/webs.uab.cat\/lrec\/es\/wp-json\/wp\/v2\/pages\/139","targetHints":{"allow":["GET"]}}],"collection":[{"href":"https:\/\/webs.uab.cat\/lrec\/es\/wp-json\/wp\/v2\/pages"}],"about":[{"href":"https:\/\/webs.uab.cat\/lrec\/es\/wp-json\/wp\/v2\/types\/page"}],"author":[{"embeddable":true,"href":"https:\/\/webs.uab.cat\/lrec\/es\/wp-json\/wp\/v2\/users\/20"}],"replies":[{"embeddable":true,"href":"https:\/\/webs.uab.cat\/lrec\/es\/wp-json\/wp\/v2\/comments?post=139"}],"version-history":[{"count":1,"href":"https:\/\/webs.uab.cat\/lrec\/es\/wp-json\/wp\/v2\/pages\/139\/revisions"}],"predecessor-version":[{"id":1017,"href":"https:\/\/webs.uab.cat\/lrec\/es\/wp-json\/wp\/v2\/pages\/139\/revisions\/1017"}],"wp:attachment":[{"href":"https:\/\/webs.uab.cat\/lrec\/es\/wp-json\/wp\/v2\/media?parent=139"}],"curies":[{"name":"wp","href":"https:\/\/api.w.org\/{rel}","templated":true}]}}