{"id":190,"date":"2010-06-22T15:31:18","date_gmt":"2010-06-22T15:31:18","guid":{"rendered":"https:\/\/webs.uab.cat\/lrec\/servicios\/"},"modified":"2023-01-18T09:56:41","modified_gmt":"2023-01-18T09:56:41","slug":"servicios","status":"publish","type":"page","link":"https:\/\/webs.uab.cat\/lrec\/es\/servicios\/","title":{"rendered":"SERVICIOS"},"content":{"rendered":"\n<p>LREC ofrece su servicio de medida de refer\u00e9ncia de enzimas a la industria del diagn\u00f3stico in vitro, a los organismos internacionales de estandarizaci\u00f3n, a los organizadores de programas de evaluaci\u00f3n externa de la calidad, a los laboratorios cl\u00ednicos y a todas aquellas organizaciones que lo requieran.<\/p>\n\n\n\n<p>Como complemento a las actividades de laboratorio de refer\u00e9ncia, el LREC realiza cursos de formaci\u00f3n dirigidos a las empresas, instituciones y organismos interesados.<\/p>\n\n\n\n<h2 class=\"wp-block-heading\">Tarifas<\/h2>\n\n\n\n<p>Puede dirigirse al LREC por correo electr\u00f3nico o mediante el formulario de contacto y le realizaremos un presupuesto ajustado a sus necesidades.<\/p>\n","protected":false},"excerpt":{"rendered":"<p>LREC ofrece su servicio de medida de refer\u00e9ncia de enzimas a la industria del diagn\u00f3stico in vitro, a los organismos internacionales de estandarizaci\u00f3n, a los organizadores de programas de evaluaci\u00f3n externa de la calidad, a los laboratorios cl\u00ednicos y a todas aquellas organizaciones que lo requieran. Como complemento a las actividades de laboratorio de refer\u00e9ncia, [&hellip;]<\/p>\n","protected":false},"author":20,"featured_media":0,"parent":0,"menu_order":0,"comment_status":"closed","ping_status":"closed","template":"","meta":{"footnotes":""},"class_list":["post-190","page","type-page","status-publish","hentry"],"_links":{"self":[{"href":"https:\/\/webs.uab.cat\/lrec\/es\/wp-json\/wp\/v2\/pages\/190","targetHints":{"allow":["GET"]}}],"collection":[{"href":"https:\/\/webs.uab.cat\/lrec\/es\/wp-json\/wp\/v2\/pages"}],"about":[{"href":"https:\/\/webs.uab.cat\/lrec\/es\/wp-json\/wp\/v2\/types\/page"}],"author":[{"embeddable":true,"href":"https:\/\/webs.uab.cat\/lrec\/es\/wp-json\/wp\/v2\/users\/20"}],"replies":[{"embeddable":true,"href":"https:\/\/webs.uab.cat\/lrec\/es\/wp-json\/wp\/v2\/comments?post=190"}],"version-history":[{"count":4,"href":"https:\/\/webs.uab.cat\/lrec\/es\/wp-json\/wp\/v2\/pages\/190\/revisions"}],"predecessor-version":[{"id":1261,"href":"https:\/\/webs.uab.cat\/lrec\/es\/wp-json\/wp\/v2\/pages\/190\/revisions\/1261"}],"wp:attachment":[{"href":"https:\/\/webs.uab.cat\/lrec\/es\/wp-json\/wp\/v2\/media?parent=190"}],"curies":[{"name":"wp","href":"https:\/\/api.w.org\/{rel}","templated":true}]}}