{"id":219,"date":"2010-06-22T16:19:20","date_gmt":"2010-06-22T16:19:20","guid":{"rendered":"https:\/\/webs.uab.cat\/lrec\/asesoria\/"},"modified":"2023-01-17T07:50:17","modified_gmt":"2023-01-17T07:50:17","slug":"asesoria","status":"publish","type":"page","link":"https:\/\/webs.uab.cat\/lrec\/es\/asesoria\/","title":{"rendered":"Asesor\u00eda"},"content":{"rendered":"\n<p>Nuestro equipo puede asesoraros en los siguientes aspectos:<\/p>\n\n\n\n<div class=\"wp-block-group alignwide\"><div class=\"wp-block-group__inner-container is-layout-flow wp-block-group-is-layout-flow\">\n<ul class=\"wp-block-list\"><li>Asistencia cient\u00edfica y t\u00e9cnica en la validaci\u00f3n de procedimentos de medida.<\/li><li>Recomendaciones para la mejora de procesos y procedimentos.<\/li><li>Recomendaciones para el cumplimiento de requisitos metrol\u00f3gicos.<\/li><li>Informaci\u00f3n en an\u00e1lisis enzim\u00e1ticos con el nivel de calidad t\u00e9cnica que marcan los referentes internacionales.<\/li><\/ul>\n<\/div><\/div>\n","protected":false},"excerpt":{"rendered":"<p>Nuestro equipo puede asesoraros en los siguientes aspectos: Asistencia cient\u00edfica y t\u00e9cnica en la validaci\u00f3n de procedimentos de medida. Recomendaciones para la mejora de procesos y procedimentos. Recomendaciones para el cumplimiento de requisitos metrol\u00f3gicos. Informaci\u00f3n en an\u00e1lisis enzim\u00e1ticos con el nivel de calidad t\u00e9cnica que marcan los referentes internacionales.<\/p>\n","protected":false},"author":20,"featured_media":0,"parent":0,"menu_order":0,"comment_status":"closed","ping_status":"closed","template":"","meta":{"footnotes":""},"class_list":["post-219","page","type-page","status-publish","hentry"],"_links":{"self":[{"href":"https:\/\/webs.uab.cat\/lrec\/es\/wp-json\/wp\/v2\/pages\/219","targetHints":{"allow":["GET"]}}],"collection":[{"href":"https:\/\/webs.uab.cat\/lrec\/es\/wp-json\/wp\/v2\/pages"}],"about":[{"href":"https:\/\/webs.uab.cat\/lrec\/es\/wp-json\/wp\/v2\/types\/page"}],"author":[{"embeddable":true,"href":"https:\/\/webs.uab.cat\/lrec\/es\/wp-json\/wp\/v2\/users\/20"}],"replies":[{"embeddable":true,"href":"https:\/\/webs.uab.cat\/lrec\/es\/wp-json\/wp\/v2\/comments?post=219"}],"version-history":[{"count":3,"href":"https:\/\/webs.uab.cat\/lrec\/es\/wp-json\/wp\/v2\/pages\/219\/revisions"}],"predecessor-version":[{"id":1148,"href":"https:\/\/webs.uab.cat\/lrec\/es\/wp-json\/wp\/v2\/pages\/219\/revisions\/1148"}],"wp:attachment":[{"href":"https:\/\/webs.uab.cat\/lrec\/es\/wp-json\/wp\/v2\/media?parent=219"}],"curies":[{"name":"wp","href":"https:\/\/api.w.org\/{rel}","templated":true}]}}