{"id":223,"date":"2010-06-22T16:20:27","date_gmt":"2010-06-22T16:20:27","guid":{"rendered":"https:\/\/webs.uab.cat\/lrec\/cursos-de-especializacion-y-postgrado\/"},"modified":"2023-01-17T09:25:29","modified_gmt":"2023-01-17T09:25:29","slug":"cursos-de-especializacion-y-postgrado","status":"publish","type":"page","link":"https:\/\/webs.uab.cat\/lrec\/es\/cursos-de-especializacion-y-postgrado\/","title":{"rendered":"Cursos de especializaci\u00f3n y postgrado"},"content":{"rendered":"\n<p>Hasta la actualidad, el personal del LREC ha ofrecido formaci\u00f3n cient\u00edfica y t\u00e9cnica al personal de las siguientes organizaciones:<\/p>\n\n\n\n<div class=\"wp-block-group alignwide\"><div class=\"wp-block-group__inner-container is-layout-flow wp-block-group-is-layout-flow\">\n<ul class=\"wp-block-list\"><li>Associaci\u00f3 Catalana de Ci\u00e8ncies de Laboratori Cl\u00ednic (<a rel=\"noreferrer noopener\" href=\"http:\/\/www.acclc.cat\/ca\" target=\"_blank\">ACCLC<\/a>). Curso: <em>Fonaments de les Ci\u00e8ncies de Laboratori Cl\u00ednic<\/em>. 6 ediciones, desde 2003 a 2013.<\/li><li>Roche Diagnostics S.L. y Universidad Complutense de Madrid. <em>Diploma de Innovaci\u00f3n Tecnol\u00f3gica y Gesti\u00f3n en el Laboratorio Cl\u00ednico<\/em>. 11 ediciones, de 2005 a 2015.<\/li><li>Universitat Aut\u00f2noma de Barcelona. <em>M\u00e0ster en Bioqu\u00edmica, Biologia Molecular i Biomedicina, m\u00f2dul Aven\u00e7os en Bioqu\u00edmica Cl\u00ednica i Patologia Molecular<\/em>, desde 2006.<\/li><li>Entidad Costarricense de Acreditaci\u00f3n (<a rel=\"noreferrer noopener\" href=\"http:\/\/www.eca.or.cr\/\" target=\"_blank\">ECA<\/a>). Curso: <em>Metrolog\u00eda Aplicada al Laboratorio Cl\u00ednico<\/em>. San Jos\u00e9 (Costa Rica), Mayo de 2012.<\/li><li>Sociedad Espa\u00f1ola de Medicina de laboratorio (<a rel=\"noreferrer noopener\" href=\"https:\/\/www.seqc.es\/\" data-type=\"URL\" data-id=\"https:\/\/www.seqc.es\/\" target=\"_blank\">SEQC<sup>ML<\/sup><\/a>). Curso: <em>Validaci\u00f3n anal\u00edtica de los procedimientos de medida en el laboratorio cl\u00ednico<\/em>. M\u00e1laga, Mayo de 2017; Barcelona, Septiembre de 2018 y Junio de 2022.<\/li><\/ul>\n<\/div><\/div>\n","protected":false},"excerpt":{"rendered":"<p>Hasta la actualidad, el personal del LREC ha ofrecido formaci\u00f3n cient\u00edfica y t\u00e9cnica al personal de las siguientes organizaciones: Associaci\u00f3 Catalana de Ci\u00e8ncies de Laboratori Cl\u00ednic (ACCLC). Curso: Fonaments de les Ci\u00e8ncies de Laboratori Cl\u00ednic. 6 ediciones, desde 2003 a 2013. Roche Diagnostics S.L. y Universidad Complutense de Madrid. Diploma de Innovaci\u00f3n Tecnol\u00f3gica y Gesti\u00f3n [&hellip;]<\/p>\n","protected":false},"author":20,"featured_media":0,"parent":0,"menu_order":0,"comment_status":"closed","ping_status":"closed","template":"","meta":{"footnotes":""},"class_list":["post-223","page","type-page","status-publish","hentry"],"_links":{"self":[{"href":"https:\/\/webs.uab.cat\/lrec\/es\/wp-json\/wp\/v2\/pages\/223","targetHints":{"allow":["GET"]}}],"collection":[{"href":"https:\/\/webs.uab.cat\/lrec\/es\/wp-json\/wp\/v2\/pages"}],"about":[{"href":"https:\/\/webs.uab.cat\/lrec\/es\/wp-json\/wp\/v2\/types\/page"}],"author":[{"embeddable":true,"href":"https:\/\/webs.uab.cat\/lrec\/es\/wp-json\/wp\/v2\/users\/20"}],"replies":[{"embeddable":true,"href":"https:\/\/webs.uab.cat\/lrec\/es\/wp-json\/wp\/v2\/comments?post=223"}],"version-history":[{"count":5,"href":"https:\/\/webs.uab.cat\/lrec\/es\/wp-json\/wp\/v2\/pages\/223\/revisions"}],"predecessor-version":[{"id":1213,"href":"https:\/\/webs.uab.cat\/lrec\/es\/wp-json\/wp\/v2\/pages\/223\/revisions\/1213"}],"wp:attachment":[{"href":"https:\/\/webs.uab.cat\/lrec\/es\/wp-json\/wp\/v2\/media?parent=223"}],"curies":[{"name":"wp","href":"https:\/\/api.w.org\/{rel}","templated":true}]}}