{"id":226,"date":"2010-07-06T14:33:12","date_gmt":"2010-07-06T14:33:12","guid":{"rendered":"https:\/\/webs.uab.cat\/lrec\/publicaciones\/"},"modified":"2010-07-06T14:33:12","modified_gmt":"2010-07-06T14:33:12","slug":"publicaciones","status":"publish","type":"page","link":"https:\/\/webs.uab.cat\/lrec\/es\/publicaciones\/","title":{"rendered":"PUBLICACIONES"},"content":{"rendered":"<p>El nivel de calidad de las investigaciones del grupo de investigaci\u00f3n desde antes de 1995 hasta la creaci\u00f3n del LREC se refleja y viene avalado por publicaciones en revistas nacionales e internacionales de reconocido prestigio.<\/p>\n<p>El LREC, desde su creaci\u00f3n en 2005, ha conseguido mantener y mejorar este nivel publicando en revistas del primer quartil de su \u00e1rea de especializaci\u00f3n.<\/p>\n","protected":false},"excerpt":{"rendered":"<p>El nivel de calidad de las investigaciones del grupo de investigaci\u00f3n desde antes de 1995 hasta la creaci\u00f3n del LREC se refleja y viene avalado por publicaciones en revistas nacionales e internacionales de reconocido prestigio. El LREC, desde su creaci\u00f3n en 2005, ha conseguido mantener y mejorar este nivel publicando en revistas del primer quartil [&hellip;]<\/p>\n","protected":false},"author":20,"featured_media":0,"parent":0,"menu_order":0,"comment_status":"closed","ping_status":"closed","template":"","meta":{"footnotes":""},"class_list":["post-226","page","type-page","status-publish","hentry"],"_links":{"self":[{"href":"https:\/\/webs.uab.cat\/lrec\/es\/wp-json\/wp\/v2\/pages\/226","targetHints":{"allow":["GET"]}}],"collection":[{"href":"https:\/\/webs.uab.cat\/lrec\/es\/wp-json\/wp\/v2\/pages"}],"about":[{"href":"https:\/\/webs.uab.cat\/lrec\/es\/wp-json\/wp\/v2\/types\/page"}],"author":[{"embeddable":true,"href":"https:\/\/webs.uab.cat\/lrec\/es\/wp-json\/wp\/v2\/users\/20"}],"replies":[{"embeddable":true,"href":"https:\/\/webs.uab.cat\/lrec\/es\/wp-json\/wp\/v2\/comments?post=226"}],"version-history":[{"count":0,"href":"https:\/\/webs.uab.cat\/lrec\/es\/wp-json\/wp\/v2\/pages\/226\/revisions"}],"wp:attachment":[{"href":"https:\/\/webs.uab.cat\/lrec\/es\/wp-json\/wp\/v2\/media?parent=226"}],"curies":[{"name":"wp","href":"https:\/\/api.w.org\/{rel}","templated":true}]}}