{"id":373,"date":"2012-12-17T12:17:40","date_gmt":"2012-12-17T12:17:40","guid":{"rendered":"https:\/\/webs.uab.cat\/lrec\/nuestros-clientes\/"},"modified":"2023-01-16T09:07:21","modified_gmt":"2023-01-16T09:07:21","slug":"nuestros-clientes","status":"publish","type":"page","link":"https:\/\/webs.uab.cat\/lrec\/es\/nuestros-clientes\/","title":{"rendered":"Nuestros clientes"},"content":{"rendered":"\n<p>Entre nuestros clientes potenciales destacamos entre otros:<\/p>\n\n\n\n<div class=\"wp-block-group alignwide\"><div class=\"wp-block-group__inner-container is-layout-flow wp-block-group-is-layout-flow\">\n<ul class=\"wp-block-list\"><li>Centros y organizaciones nacionales o internacionales de estandarizaci\u00f3n<\/li><li>Industria del diagnostico in vitro<\/li><li>Organizadores de programas de evaluaci\u00f3n externa de la calidad<\/li><li>Laboratorios cl\u00ednicos<\/li><li>Otros centros e instituciones<\/li><\/ul>\n<\/div><\/div>\n\n\n\n<p>&nbsp;Hasta la actualidad nuestro trabajo se ha realizado mayoritariamente en los siguientes \u00e1mbitos:<\/p>\n\n\n\n<h2 class=\"wp-block-heading\"><strong>Organismos de estandarizaci\u00f3n<\/strong><\/h2>\n\n\n\n<p>El LREC ha colaborado a lo largo de estos a\u00f1os con importantes organismos internacionales de estandarizaci\u00f3n entre los que destacan:<\/p>\n\n\n\n<div class=\"wp-block-group alignwide\"><div class=\"wp-block-group__inner-container is-layout-flow wp-block-group-is-layout-flow\">\n<ul class=\"wp-block-list\"><li><a href=\"https:\/\/ec.europa.eu\/jrc\/en\/reference-materials\"><em>Joint Research Centre<\/em><\/a> (JRC) (antiguo Institute for Reference Materials and Measurements (Geel, B\u00e8lgica), siendo proveedor oficial validado (<a href=\"http:\/\/sct.uab.cat\/lrec\/sites\/sct.uab.cat.lrec\/files\/carta_IRMM.pdf\">carta<\/a>).<\/li><li><em>Committee on Reference Systems of Enzymes<\/em> de la <em>International Federation of Clinical Chemistry and Laboratory Medicine<\/em> (C-RSE IFCC).<\/li><li><em>Working Group on Pancreatic Enzymes <\/em>(WG-PE IFCC).\u00a0<\/li><\/ul>\n<\/div><\/div>\n\n\n\n<h2 class=\"wp-block-heading\"><strong>Empresas<\/strong><\/h2>\n\n\n\n<p>Entre nuestros clientes actuales se encuentran fabricantes de la industria del diagn\u00f3stico in vitro y otros relacionados como:<\/p>\n\n\n\n<div class=\"wp-block-group alignwide\"><div class=\"wp-block-group__inner-container is-layout-flow wp-block-group-is-layout-flow\">\n<ul class=\"wp-block-list\"><li>Wiener Laboratorios, SAIC (Rosario, Argentina).<\/li><li>BioSystems, S.A. (Barcelona, Espa\u00f1a).<\/li><li>Jos\u00e9 Collado, S.A. (Barcelona, Espa\u00f1a).<\/li><li>Laboratorios Hipra, S.A. (Amer, Girona, Espa\u00f1a).<\/li><li>Abbott Ireland Diagnostic (Lisnamuck, Lonford, Ireland).<\/li><li>Medicon Hellas SA (Gerakas, Greece).<\/li><li>Bioiberica, SAU (Palafolls, Barcelona, Espa\u00f1a).<\/li><\/ul>\n<\/div><\/div>\n\n\n\n<h2 class=\"wp-block-heading\"><strong>Otras organizaciones<\/strong><\/h2>\n\n\n\n<div class=\"wp-block-group alignwide\"><div class=\"wp-block-group__inner-container is-layout-flow wp-block-group-is-layout-flow\">\n<ul class=\"wp-block-list\"><li>Institut de Recerca i Tecnologia Agroaliment\u00e0ries de Catalunya (IRTA), Unitat de Remugants (Bellaterra, Espa\u00f1a).<\/li><li>Universitat de Barcelona, Departament de Biologia Animal (Barcelona, Espa\u00f1a).\u00a0<\/li><\/ul>\n<\/div><\/div>\n","protected":false},"excerpt":{"rendered":"<p>Entre nuestros clientes potenciales destacamos entre otros: Centros y organizaciones nacionales o internacionales de estandarizaci\u00f3n Industria del diagnostico in vitro Organizadores de programas de evaluaci\u00f3n externa de la calidad Laboratorios cl\u00ednicos Otros centros e instituciones &nbsp;Hasta la actualidad nuestro trabajo se ha realizado mayoritariamente en los siguientes \u00e1mbitos: Organismos de estandarizaci\u00f3n El LREC ha colaborado [&hellip;]<\/p>\n","protected":false},"author":20,"featured_media":0,"parent":0,"menu_order":0,"comment_status":"closed","ping_status":"closed","template":"","meta":{"footnotes":""},"class_list":["post-373","page","type-page","status-publish","hentry"],"_links":{"self":[{"href":"https:\/\/webs.uab.cat\/lrec\/es\/wp-json\/wp\/v2\/pages\/373","targetHints":{"allow":["GET"]}}],"collection":[{"href":"https:\/\/webs.uab.cat\/lrec\/es\/wp-json\/wp\/v2\/pages"}],"about":[{"href":"https:\/\/webs.uab.cat\/lrec\/es\/wp-json\/wp\/v2\/types\/page"}],"author":[{"embeddable":true,"href":"https:\/\/webs.uab.cat\/lrec\/es\/wp-json\/wp\/v2\/users\/20"}],"replies":[{"embeddable":true,"href":"https:\/\/webs.uab.cat\/lrec\/es\/wp-json\/wp\/v2\/comments?post=373"}],"version-history":[{"count":1,"href":"https:\/\/webs.uab.cat\/lrec\/es\/wp-json\/wp\/v2\/pages\/373\/revisions"}],"predecessor-version":[{"id":1043,"href":"https:\/\/webs.uab.cat\/lrec\/es\/wp-json\/wp\/v2\/pages\/373\/revisions\/1043"}],"wp:attachment":[{"href":"https:\/\/webs.uab.cat\/lrec\/es\/wp-json\/wp\/v2\/media?parent=373"}],"curies":[{"name":"wp","href":"https:\/\/api.w.org\/{rel}","templated":true}]}}