{"id":413,"date":"2012-12-13T10:19:35","date_gmt":"2012-12-13T10:19:35","guid":{"rendered":"https:\/\/webs.uab.cat\/lrec\/calidad\/"},"modified":"2023-01-16T09:13:16","modified_gmt":"2023-01-16T09:13:16","slug":"calidad","status":"publish","type":"page","link":"https:\/\/webs.uab.cat\/lrec\/es\/calidad\/","title":{"rendered":"CALIDAD"},"content":{"rendered":"<p>El <strong>LREC<\/strong> desarrolla actividades y procesos en los que calidad es un elemento determinante en el \u00e9xito de la organizaci\u00f3n.\u00a0 Con esta finalidad se rige por una Pol\u00edtica de Calidad que define un sistema de gesti\u00f3n de la calidad para sus actividades de gesti\u00f3n y t\u00e9cniques.<\/p>\n","protected":false},"excerpt":{"rendered":"<p>El LREC desarrolla actividades y procesos en los que calidad es un elemento determinante en el \u00e9xito de la organizaci\u00f3n.\u00a0 Con esta finalidad se rige por una Pol\u00edtica de Calidad que define un sistema de gesti\u00f3n de la calidad para sus actividades de gesti\u00f3n y t\u00e9cniques.<\/p>\n","protected":false},"author":20,"featured_media":0,"parent":0,"menu_order":0,"comment_status":"closed","ping_status":"closed","template":"","meta":{"footnotes":""},"class_list":["post-413","page","type-page","status-publish","hentry"],"_links":{"self":[{"href":"https:\/\/webs.uab.cat\/lrec\/es\/wp-json\/wp\/v2\/pages\/413","targetHints":{"allow":["GET"]}}],"collection":[{"href":"https:\/\/webs.uab.cat\/lrec\/es\/wp-json\/wp\/v2\/pages"}],"about":[{"href":"https:\/\/webs.uab.cat\/lrec\/es\/wp-json\/wp\/v2\/types\/page"}],"author":[{"embeddable":true,"href":"https:\/\/webs.uab.cat\/lrec\/es\/wp-json\/wp\/v2\/users\/20"}],"replies":[{"embeddable":true,"href":"https:\/\/webs.uab.cat\/lrec\/es\/wp-json\/wp\/v2\/comments?post=413"}],"version-history":[{"count":1,"href":"https:\/\/webs.uab.cat\/lrec\/es\/wp-json\/wp\/v2\/pages\/413\/revisions"}],"predecessor-version":[{"id":1048,"href":"https:\/\/webs.uab.cat\/lrec\/es\/wp-json\/wp\/v2\/pages\/413\/revisions\/1048"}],"wp:attachment":[{"href":"https:\/\/webs.uab.cat\/lrec\/es\/wp-json\/wp\/v2\/media?parent=413"}],"curies":[{"name":"wp","href":"https:\/\/api.w.org\/{rel}","templated":true}]}}