{"id":421,"date":"2012-12-14T11:43:12","date_gmt":"2012-12-14T11:43:12","guid":{"rendered":"https:\/\/webs.uab.cat\/lrec\/acreditacion-enac\/"},"modified":"2023-01-16T09:55:59","modified_gmt":"2023-01-16T09:55:59","slug":"acreditacion-enac","status":"publish","type":"page","link":"https:\/\/webs.uab.cat\/lrec\/es\/acreditacion-enac\/","title":{"rendered":"Colaboraci\u00f3n con la IFCC"},"content":{"rendered":"\n<p>El LREC mide por espectrometr\u00eda de absorci\u00f3n molecular, siguiendo los procedimientos de medida de referencia primarios de la International Federation of Clinical Chemistry and Laboratory Medicine (<a rel=\"noreferrer noopener\" href=\"http:\/\/www.ifcc.org\/\" target=\"_blank\">IFCC<\/a>), la concentraci\u00f3n catal\u00edtica de enzimas de inter\u00e9s cl\u00ednico en muestras biol\u00f3gicas. Realiza medidas en las siguientes enzimas:<\/p>\n\n\n\n<figure class=\"wp-block-table\"><table><thead><tr><td>&nbsp;<\/td><td class=\"has-text-align-center\" data-align=\"center\">Incertidumbre de medida<\/td><\/tr><\/thead><tbody><tr><td>Alanina aminotransferasa (ALT)<\/td><td class=\"has-text-align-center\" data-align=\"center\">2,2 %<\/td><\/tr><tr><td>a-Amilasa (AMI)<\/td><td class=\"has-text-align-center\" data-align=\"center\">2,2 %<\/td><\/tr><tr><td>Aspartat aminotransferasa (AST)<\/td><td class=\"has-text-align-center\" data-align=\"center\">2,5 %<\/td><\/tr><tr><td>Creatina cinasa (CK)<\/td><td class=\"has-text-align-center\" data-align=\"center\">2,2 %<\/td><\/tr><tr><td>g-Glutamiltransferasa (GGT)<\/td><td class=\"has-text-align-center\" data-align=\"center\">2,2 %<\/td><\/tr><tr><td>L-Lactat deshidrogenasa (LD)<\/td><td class=\"has-text-align-center\" data-align=\"center\">2,3 %<\/td><\/tr><tr><td>Fosfatasa alcalina (FAL)<\/td><td class=\"has-text-align-center\" data-align=\"center\">2,8 %<\/td><\/tr><\/tbody><\/table><\/figure>\n","protected":false},"excerpt":{"rendered":"<p>El LREC mide por espectrometr\u00eda de absorci\u00f3n molecular, siguiendo los procedimientos de medida de referencia primarios de la International Federation of Clinical Chemistry and Laboratory Medicine (IFCC), la concentraci\u00f3n catal\u00edtica de enzimas de inter\u00e9s cl\u00ednico en muestras biol\u00f3gicas. Realiza medidas en las siguientes enzimas: &nbsp; Incertidumbre de medida Alanina aminotransferasa (ALT) 2,2 % a-Amilasa (AMI) [&hellip;]<\/p>\n","protected":false},"author":20,"featured_media":0,"parent":0,"menu_order":0,"comment_status":"closed","ping_status":"closed","template":"","meta":{"footnotes":""},"class_list":["post-421","page","type-page","status-publish","hentry"],"_links":{"self":[{"href":"https:\/\/webs.uab.cat\/lrec\/es\/wp-json\/wp\/v2\/pages\/421","targetHints":{"allow":["GET"]}}],"collection":[{"href":"https:\/\/webs.uab.cat\/lrec\/es\/wp-json\/wp\/v2\/pages"}],"about":[{"href":"https:\/\/webs.uab.cat\/lrec\/es\/wp-json\/wp\/v2\/types\/page"}],"author":[{"embeddable":true,"href":"https:\/\/webs.uab.cat\/lrec\/es\/wp-json\/wp\/v2\/users\/20"}],"replies":[{"embeddable":true,"href":"https:\/\/webs.uab.cat\/lrec\/es\/wp-json\/wp\/v2\/comments?post=421"}],"version-history":[{"count":7,"href":"https:\/\/webs.uab.cat\/lrec\/es\/wp-json\/wp\/v2\/pages\/421\/revisions"}],"predecessor-version":[{"id":1073,"href":"https:\/\/webs.uab.cat\/lrec\/es\/wp-json\/wp\/v2\/pages\/421\/revisions\/1073"}],"wp:attachment":[{"href":"https:\/\/webs.uab.cat\/lrec\/es\/wp-json\/wp\/v2\/media?parent=421"}],"curies":[{"name":"wp","href":"https:\/\/api.w.org\/{rel}","templated":true}]}}