{"id":425,"date":"2012-12-13T12:00:01","date_gmt":"2012-12-13T12:00:01","guid":{"rendered":"https:\/\/webs.uab.cat\/lrec\/acciones-para-la-la-mejora-continua\/"},"modified":"2023-01-16T10:43:58","modified_gmt":"2023-01-16T10:43:58","slug":"acciones-para-la-la-mejora-continua","status":"publish","type":"page","link":"https:\/\/webs.uab.cat\/lrec\/es\/acciones-para-la-la-mejora-continua\/","title":{"rendered":"Acciones para la Mejora Continua"},"content":{"rendered":"\n<p>Con el objetivo de mejorar y seguir ofreciendo a nuestros clientes unos servicios con una alta calidad t\u00e9cnica, el LREC define acciones para conseguir un aumento de la eficacia y la eficiencia de su actividad. Nuestros esfuerzos van dirigidos a: Nuestros esfuerzos van dirigidos a:<\/p>\n\n\n\n<ul class=\"wp-block-list\"><li>Control peri\u00f3dico para garantizar la mejora continua<\/li><\/ul>\n\n\n\n<ul class=\"wp-block-list\"><li>Participaci\u00f3n en el programa anual de comparaci\u00f3n entre laboratorios de referencia organizado por la IFCC y coordinado por el <em>Committee on Traceability in Laboratory Medicine<\/em> (C-TLM) en colaboraci\u00f3n con el JCTLM (IFCC <em>Ring Trials for Reference Laboratories<\/em>, RELA). Los resultados de cada laboratorio que participa en el programa son p\u00fablicos.<\/li><\/ul>\n\n\n\n<p>Programa 2018 (<a href=\"http:\/\/sct.uab.cat\/lrec\/sites\/sct.uab.cat.lrec\/files\/046_rela18_amylase.png\">resultados RELA AMI programa 2018<\/a>)<br>&#8211; Programa 2015 (<a href=\"https:\/\/webs.uab.cat\/lrec\/wp-content\/uploads\/sites\/163\/2017\/02\/RELA-GGT-2015.PNG\" data-type=\"attachment\" data-id=\"304\">resultados RELA GGT programa 2015<\/a>)<br>&#8211; Programa 2014 (<a href=\"https:\/\/webs.uab.cat\/lrec\/wp-content\/uploads\/sites\/163\/2017\/02\/RELA_ALT_2014_0.pdf\" data-type=\"attachment\" data-id=\"301\">resultados RELA ALT programa 2014<\/a>)<br>&#8211; Programa 2011 (<a href=\"https:\/\/webs.uab.cat\/lrec\/wp-content\/uploads\/sites\/163\/2017\/02\/RELA_fal_11.pdf\" data-type=\"attachment\" data-id=\"295\">resultados RELA FAL programa 2011<\/a>)<br>&#8211; Programa 2010 (<a href=\"https:\/\/webs.uab.cat\/lrec\/wp-content\/uploads\/sites\/163\/2017\/02\/RELA_ld_10_2.pdf\" data-type=\"attachment\" data-id=\"289\">resultados RELA LD programa 2010<\/a>)<\/p>\n\n\n\n<ul class=\"wp-block-list\"><li>Mejora de la incertidumbre de medida de los resultados de concentraci\u00f3n catal\u00edtica de las enzimas. El laboratorio conoce la contribuci\u00f3n de las diferentes fuentes de incertidumbre de las mediciones y las agrupa en lo que se conoce como \u201c<em>uncertainty budget<\/em>\u201d.<\/li><\/ul>\n","protected":false},"excerpt":{"rendered":"<p>Con el objetivo de mejorar y seguir ofreciendo a nuestros clientes unos servicios con una alta calidad t\u00e9cnica, el LREC define acciones para conseguir un aumento de la eficacia y la eficiencia de su actividad. Nuestros esfuerzos van dirigidos a: Nuestros esfuerzos van dirigidos a: Control peri\u00f3dico para garantizar la mejora continua Participaci\u00f3n en el [&hellip;]<\/p>\n","protected":false},"author":20,"featured_media":0,"parent":0,"menu_order":0,"comment_status":"closed","ping_status":"closed","template":"","meta":{"footnotes":""},"class_list":["post-425","page","type-page","status-publish","hentry"],"_links":{"self":[{"href":"https:\/\/webs.uab.cat\/lrec\/es\/wp-json\/wp\/v2\/pages\/425","targetHints":{"allow":["GET"]}}],"collection":[{"href":"https:\/\/webs.uab.cat\/lrec\/es\/wp-json\/wp\/v2\/pages"}],"about":[{"href":"https:\/\/webs.uab.cat\/lrec\/es\/wp-json\/wp\/v2\/types\/page"}],"author":[{"embeddable":true,"href":"https:\/\/webs.uab.cat\/lrec\/es\/wp-json\/wp\/v2\/users\/20"}],"replies":[{"embeddable":true,"href":"https:\/\/webs.uab.cat\/lrec\/es\/wp-json\/wp\/v2\/comments?post=425"}],"version-history":[{"count":4,"href":"https:\/\/webs.uab.cat\/lrec\/es\/wp-json\/wp\/v2\/pages\/425\/revisions"}],"predecessor-version":[{"id":1095,"href":"https:\/\/webs.uab.cat\/lrec\/es\/wp-json\/wp\/v2\/pages\/425\/revisions\/1095"}],"wp:attachment":[{"href":"https:\/\/webs.uab.cat\/lrec\/es\/wp-json\/wp\/v2\/media?parent=425"}],"curies":[{"name":"wp","href":"https:\/\/api.w.org\/{rel}","templated":true}]}}