{"id":435,"date":"2012-12-18T09:06:32","date_gmt":"2012-12-18T09:06:32","guid":{"rendered":"https:\/\/webs.uab.cat\/lrec\/validacion-de-procedimentos\/"},"modified":"2023-01-17T08:09:08","modified_gmt":"2023-01-17T08:09:08","slug":"validacion-de-procedimentos","status":"publish","type":"page","link":"https:\/\/webs.uab.cat\/lrec\/es\/validacion-de-procedimentos\/","title":{"rendered":"Validaci\u00f3n de procedimientos"},"content":{"rendered":"\n<div class=\"wp-block-group\"><div class=\"wp-block-group__inner-container is-layout-flow wp-block-group-is-layout-flow\">\n<ul class=\"wp-block-list\"><li>Validaci\u00f3n de procedimientos de medida y sistemas anal\u00edticos comerciales para la medici\u00f3n en rutina de la concentraci\u00f3n catal\u00edtica en muestras de pacientes.<\/li><li>Desarrollo, validaci\u00f3n y verificaci\u00f3n de la transferibilidad de nuevos procedimientos de medida de referencia primarios.<\/li><\/ul>\n<\/div><\/div>\n","protected":false},"excerpt":{"rendered":"<p>Validaci\u00f3n de procedimientos de medida y sistemas anal\u00edticos comerciales para la medici\u00f3n en rutina de la concentraci\u00f3n catal\u00edtica en muestras de pacientes. Desarrollo, validaci\u00f3n y verificaci\u00f3n de la transferibilidad de nuevos procedimientos de medida de referencia primarios.<\/p>\n","protected":false},"author":20,"featured_media":0,"parent":0,"menu_order":0,"comment_status":"closed","ping_status":"closed","template":"","meta":{"footnotes":""},"class_list":["post-435","page","type-page","status-publish","hentry"],"_links":{"self":[{"href":"https:\/\/webs.uab.cat\/lrec\/es\/wp-json\/wp\/v2\/pages\/435","targetHints":{"allow":["GET"]}}],"collection":[{"href":"https:\/\/webs.uab.cat\/lrec\/es\/wp-json\/wp\/v2\/pages"}],"about":[{"href":"https:\/\/webs.uab.cat\/lrec\/es\/wp-json\/wp\/v2\/types\/page"}],"author":[{"embeddable":true,"href":"https:\/\/webs.uab.cat\/lrec\/es\/wp-json\/wp\/v2\/users\/20"}],"replies":[{"embeddable":true,"href":"https:\/\/webs.uab.cat\/lrec\/es\/wp-json\/wp\/v2\/comments?post=435"}],"version-history":[{"count":5,"href":"https:\/\/webs.uab.cat\/lrec\/es\/wp-json\/wp\/v2\/pages\/435\/revisions"}],"predecessor-version":[{"id":1169,"href":"https:\/\/webs.uab.cat\/lrec\/es\/wp-json\/wp\/v2\/pages\/435\/revisions\/1169"}],"wp:attachment":[{"href":"https:\/\/webs.uab.cat\/lrec\/es\/wp-json\/wp\/v2\/media?parent=435"}],"curies":[{"name":"wp","href":"https:\/\/api.w.org\/{rel}","templated":true}]}}