{"id":436,"date":"2012-12-18T09:13:18","date_gmt":"2012-12-18T09:13:18","guid":{"rendered":"https:\/\/webs.uab.cat\/lrec\/caracterizacion-de-materiales\/"},"modified":"2023-01-17T08:20:27","modified_gmt":"2023-01-17T08:20:27","slug":"caracterizacion-de-materiales","status":"publish","type":"page","link":"https:\/\/webs.uab.cat\/lrec\/es\/caracterizacion-de-materiales\/","title":{"rendered":"Caracterizaci\u00f3n de materiales"},"content":{"rendered":"\n<p>Podemos caracterizar materiales en los siguientes supuestos:<\/p>\n\n<div class=\"wp-block-group alignwide\"><div class=\"wp-block-group__inner-container is-layout-flow wp-block-group-is-layout-flow\">\n<ul class=\"wp-block-list\"><li>Caracterizaci\u00f3n de nuevos materiales de referencia: estudios de homogeneidad, estabilidad y conmutabilidad (en colaboraci\u00f3n con el JRC).<\/li><li>Asignaci\u00f3n y certificaci\u00f3n de valores de concentraci\u00f3n catal\u00edtica a los materiales de referencia desarrollados mediante campa\u00f1as de certificaci\u00f3n entre laboratorios (en colaboraci\u00f3n con el JRC).<\/li><li>Asignaci\u00f3n de valores trazables de concentraci\u00f3n catal\u00edtica a los calibradores internos de los fabricantes del diagn\u00f3stico <em>in vitro<\/em>, facilitando as\u00ed su cumplimento con la Directiva Europea de diagn\u00f3stico <em>in vitro<\/em> 2017\/746.<\/li><li>Asignaci\u00f3n de valores trazables de concentraci\u00f3n catal\u00edtica a los materiales de control de programas nacionales o comerciales de evaluaci\u00f3n externa de la calidad y control interno de la calidad, facilitando as\u00ed el cambio del concepto \u201cvalor m\u00e9todo dependiente\u201d por el de \u201cvalor m\u00e9todo de referencia\u201d y el cumplimiento con la norma ISO\/IEC 17043.<\/li><\/ul>\n<\/div><\/div>\n","protected":false},"excerpt":{"rendered":"<p>Podemos caracterizar materiales en los siguientes supuestos: Caracterizaci\u00f3n de nuevos materiales de referencia: estudios de homogeneidad, estabilidad y conmutabilidad (en colaboraci\u00f3n con el JRC). Asignaci\u00f3n y certificaci\u00f3n de valores de concentraci\u00f3n catal\u00edtica a los materiales de referencia desarrollados mediante campa\u00f1as de certificaci\u00f3n entre laboratorios (en colaboraci\u00f3n con el JRC). Asignaci\u00f3n de valores trazables de concentraci\u00f3n [&hellip;]<\/p>\n","protected":false},"author":20,"featured_media":0,"parent":0,"menu_order":0,"comment_status":"closed","ping_status":"closed","template":"","meta":{"footnotes":""},"class_list":["post-436","page","type-page","status-publish","hentry"],"_links":{"self":[{"href":"https:\/\/webs.uab.cat\/lrec\/es\/wp-json\/wp\/v2\/pages\/436","targetHints":{"allow":["GET"]}}],"collection":[{"href":"https:\/\/webs.uab.cat\/lrec\/es\/wp-json\/wp\/v2\/pages"}],"about":[{"href":"https:\/\/webs.uab.cat\/lrec\/es\/wp-json\/wp\/v2\/types\/page"}],"author":[{"embeddable":true,"href":"https:\/\/webs.uab.cat\/lrec\/es\/wp-json\/wp\/v2\/users\/20"}],"replies":[{"embeddable":true,"href":"https:\/\/webs.uab.cat\/lrec\/es\/wp-json\/wp\/v2\/comments?post=436"}],"version-history":[{"count":5,"href":"https:\/\/webs.uab.cat\/lrec\/es\/wp-json\/wp\/v2\/pages\/436\/revisions"}],"predecessor-version":[{"id":1179,"href":"https:\/\/webs.uab.cat\/lrec\/es\/wp-json\/wp\/v2\/pages\/436\/revisions\/1179"}],"wp:attachment":[{"href":"https:\/\/webs.uab.cat\/lrec\/es\/wp-json\/wp\/v2\/media?parent=436"}],"curies":[{"name":"wp","href":"https:\/\/api.w.org\/{rel}","templated":true}]}}