{"id":437,"date":"2012-12-18T09:36:39","date_gmt":"2012-12-18T09:36:39","guid":{"rendered":"https:\/\/webs.uab.cat\/lrec\/otras-actividades-cientificas\/"},"modified":"2023-01-17T08:24:28","modified_gmt":"2023-01-17T08:24:28","slug":"otras-actividades-cientificas","status":"publish","type":"page","link":"https:\/\/webs.uab.cat\/lrec\/es\/otras-actividades-cientificas\/","title":{"rendered":"Otras actividades cient\u00edficas"},"content":{"rendered":"\n<p>Nuestro servicio realiza tambi\u00e9n:<\/p>\n\n\n\n<div class=\"wp-block-group alignwide\"><div class=\"wp-block-group__inner-container is-layout-flow wp-block-group-is-layout-flow\">\n<ul class=\"wp-block-list\"><li>Establecimiento de convenios de colaboraci\u00f3n con empresas del diagn\u00f3stico <em>in vitro<\/em> de Espa\u00f1a y otros pa\u00edses, con centros p\u00fablicos y privados, y grupos de investigaci\u00f3n interesados en nuestras actividades.<\/li><li>Validaci\u00f3n de procedimentos de medida y sistemes anal\u00edticos comercials.<\/li><li>Estimaci\u00f3n de la conmutabilidad de materiales comerciales de calibraci\u00f3n y control.<\/li><\/ul>\n<\/div><\/div>\n","protected":false},"excerpt":{"rendered":"<p>Nuestro servicio realiza tambi\u00e9n: Establecimiento de convenios de colaboraci\u00f3n con empresas del diagn\u00f3stico in vitro de Espa\u00f1a y otros pa\u00edses, con centros p\u00fablicos y privados, y grupos de investigaci\u00f3n interesados en nuestras actividades. Validaci\u00f3n de procedimentos de medida y sistemes anal\u00edticos comercials. Estimaci\u00f3n de la conmutabilidad de materiales comerciales de calibraci\u00f3n y control.<\/p>\n","protected":false},"author":20,"featured_media":0,"parent":0,"menu_order":0,"comment_status":"closed","ping_status":"closed","template":"","meta":{"footnotes":""},"class_list":["post-437","page","type-page","status-publish","hentry"],"_links":{"self":[{"href":"https:\/\/webs.uab.cat\/lrec\/es\/wp-json\/wp\/v2\/pages\/437","targetHints":{"allow":["GET"]}}],"collection":[{"href":"https:\/\/webs.uab.cat\/lrec\/es\/wp-json\/wp\/v2\/pages"}],"about":[{"href":"https:\/\/webs.uab.cat\/lrec\/es\/wp-json\/wp\/v2\/types\/page"}],"author":[{"embeddable":true,"href":"https:\/\/webs.uab.cat\/lrec\/es\/wp-json\/wp\/v2\/users\/20"}],"replies":[{"embeddable":true,"href":"https:\/\/webs.uab.cat\/lrec\/es\/wp-json\/wp\/v2\/comments?post=437"}],"version-history":[{"count":2,"href":"https:\/\/webs.uab.cat\/lrec\/es\/wp-json\/wp\/v2\/pages\/437\/revisions"}],"predecessor-version":[{"id":1187,"href":"https:\/\/webs.uab.cat\/lrec\/es\/wp-json\/wp\/v2\/pages\/437\/revisions\/1187"}],"wp:attachment":[{"href":"https:\/\/webs.uab.cat\/lrec\/es\/wp-json\/wp\/v2\/media?parent=437"}],"curies":[{"name":"wp","href":"https:\/\/api.w.org\/{rel}","templated":true}]}}