{"id":440,"date":"2013-01-15T15:59:43","date_gmt":"2013-01-15T15:59:43","guid":{"rendered":"https:\/\/webs.uab.cat\/lrec\/publicaciones-desde-2005\/"},"modified":"2013-01-15T15:59:43","modified_gmt":"2013-01-15T15:59:43","slug":"publicaciones-desde-2005","status":"publish","type":"page","link":"https:\/\/webs.uab.cat\/lrec\/es\/publicaciones-desde-2005\/","title":{"rendered":"Publicaciones 2005-2010"},"content":{"rendered":"<p>\u2022 F Canalias, S Camprub\u00ed, M S\u00e1nchez, FJ Gella. <strong>Metrological traceability of values for catalytic concentration of enzymes assigned to a calibration material<\/strong>. Clin Chem Lab Med 2006;44:333-9<\/p>\n<p>\u2022 F Canalias, S Camprub\u00ed, A Gella, F Ben\u00edtez, S Tortosa, L Taberner. <strong>Estudio de las caracter\u00edsticas metrol\u00f3gicas del analizador A25\u00ae<\/strong>. Qu\u00edm Cl\u00edn 2006;25:403-9<\/p>\n<p>\u2022 S Camprub\u00ed, M Bruguera, F Canalias. <strong>Purification of recombinant histidine-tag streptolysin O using immobilized metal affinity expanded bed adsorption (IMA-EBA)<\/strong>. Int J Biol Macromol 2006;38:134-9<\/p>\n<p>\u2022 F Canalias, E Garc\u00eda, M S\u00e1nchez. <strong>Metrological traceability of values for a-amylase catalytic concentration assigned to a commutable calibrator materials<\/strong>. Clin Chim Acta 2010;411:7-12<\/p>\n<p>\u2022 G Schumann, F Canalias, PJ J\u00f8rgensen, D Kang, JM Lessinger, R Klauke.<strong> IFCC reference procedures for measurement of the catalytic concentrations of enzymes: Corrigendum, notes and useful advice<\/strong>. Clin Chem Lab Med 2010;48:615-21<\/p>\n<p>\u2022 B Toussaint, H Emons, HG Schimmel, S Bossert-Reuther, F Canalias, F Ceriotti, G F\u00e9rard, CA Ferrero, PFH Franck, FJ Gella, J Henny, PJ J\u00f8rgensen, R Klauke, JM Lessinger, D Mazziotta, M Panteghini, S Ueda, G Schumann. <strong>Traceability of values for catalytic activity concentration of enzymes: A&nbsp;Certified Reference Material for aspartate&nbsp;transaminase<\/strong>. Clin Chem Lab Med 2010;48:795-803<\/p>\n<p>\u2022 Y Saco, L Fraile, M Gim\u00e9nez, F Canalias, A Bassols. <strong>Validation of an immunoturbidimetric method for determination of porcine serum C-reactive protein<\/strong>. Res Vet Scien 2010;89:159-62<\/p>\n","protected":false},"excerpt":{"rendered":"<p>\u2022 F Canalias, S Camprub\u00ed, M S\u00e1nchez, FJ Gella. Metrological traceability of values for catalytic concentration of enzymes assigned to a calibration material. Clin Chem Lab Med 2006;44:333-9 \u2022 F Canalias, S Camprub\u00ed, A Gella, F Ben\u00edtez, S Tortosa, L Taberner. Estudio de las caracter\u00edsticas metrol\u00f3gicas del analizador A25\u00ae. Qu\u00edm Cl\u00edn 2006;25:403-9 \u2022 S Camprub\u00ed, [&hellip;]<\/p>\n","protected":false},"author":20,"featured_media":0,"parent":0,"menu_order":0,"comment_status":"closed","ping_status":"closed","template":"","meta":{"footnotes":""},"class_list":["post-440","page","type-page","status-publish","hentry"],"_links":{"self":[{"href":"https:\/\/webs.uab.cat\/lrec\/es\/wp-json\/wp\/v2\/pages\/440","targetHints":{"allow":["GET"]}}],"collection":[{"href":"https:\/\/webs.uab.cat\/lrec\/es\/wp-json\/wp\/v2\/pages"}],"about":[{"href":"https:\/\/webs.uab.cat\/lrec\/es\/wp-json\/wp\/v2\/types\/page"}],"author":[{"embeddable":true,"href":"https:\/\/webs.uab.cat\/lrec\/es\/wp-json\/wp\/v2\/users\/20"}],"replies":[{"embeddable":true,"href":"https:\/\/webs.uab.cat\/lrec\/es\/wp-json\/wp\/v2\/comments?post=440"}],"version-history":[{"count":0,"href":"https:\/\/webs.uab.cat\/lrec\/es\/wp-json\/wp\/v2\/pages\/440\/revisions"}],"wp:attachment":[{"href":"https:\/\/webs.uab.cat\/lrec\/es\/wp-json\/wp\/v2\/media?parent=440"}],"curies":[{"name":"wp","href":"https:\/\/api.w.org\/{rel}","templated":true}]}}