{"id":516,"date":"2013-01-23T15:30:20","date_gmt":"2013-01-23T15:30:20","guid":{"rendered":"https:\/\/webs.uab.cat\/lrec\/enlaces\/"},"modified":"2023-01-18T09:53:50","modified_gmt":"2023-01-18T09:53:50","slug":"enlaces","status":"publish","type":"page","link":"https:\/\/webs.uab.cat\/lrec\/es\/enlaces\/","title":{"rendered":"Enlaces"},"content":{"rendered":"\n<ul class=\"wp-block-list\"><li><strong>Associaci\u00f3 Catalana de Ci\u00e8ncies de Laboratori Cl\u00ednic (ACCLC)<\/strong><br><a href=\"http:\/\/www.acclc.cat\/ca\">http:\/\/www.acclc.cat\/ca<\/a><br><\/li><li><strong>Biocat<\/strong><br><a href=\"https:\/\/www.biocat.cat\/es\">http:\/\/www.biocat.cat\/es<\/a><br><\/li><li><strong>Clinical and Laboratory Standards Institute (CLSI)<\/strong><br><a href=\"http:\/\/www.clsi.org\">http:\/\/www.clsi.org<\/a><br><\/li><li><strong>European Federation of Clinical Chemistry and Laboratory Medicine (EFLM)<\/strong><br><a href=\"http:\/\/eflm.eu\/\">http:\/\/eflm.eu<\/a><br><\/li><li><strong>Entidad Nacional de Acreditaci\u00f3n (ENAC)<\/strong><br><a href=\"http:\/\/www.enac.es\/web\/enac\/inicio\">http:\/\/www.enac.es\/web\/enac\/inicio<\/a><br><\/li><li><strong>IFCC-DGKL-RELA<\/strong>, programa de evaluaci\u00f3n externa de la calidad para laboratorios de referencia con los resultados de los diferentes programas anuales<br>http:\/\/www.dgkl-rfb.de:81\/<br><\/li><li><strong>International Federation of Clinical Chemistry and Laboratory Medicine (IFCC)<\/strong><br><a href=\"http:\/\/www.ifcc.org\/\">http:\/\/www.ifcc.org<\/a><br><\/li><li><strong>Joint Research Centre (JRC)<\/strong><br><a href=\"https:\/\/ec.europa.eu\/jrc\/en\/reference-materials\">https:\/\/ec.europa.eu\/jrc\/en\/reference-materials<\/a><br><\/li><li><strong>International Organization for Standardization (ISO)<\/strong><br><a href=\"http:\/\/www.iso.org\">http:\/\/www.iso.org<\/a><br><\/li><li><strong>Joint Committee for Traceability in Laboratory Medicine (JCTLM)<\/strong>, base&nbsp; de datos&nbsp;de procedimentos de medida de referencia, materiales de referencia y laboratorios de referencia<br><a href=\"http:\/\/www.bipm.org\/jctlm\/\">http:\/\/www.bipm.org\/jctlm<\/a><br><\/li><li><strong>Secci\u00f3 Catalana de Metrologia<\/strong><br><a href=\"http:\/\/www.scmetro-sct.cat\/\">http:\/\/www.scmetro-sct.cat<\/a><br><\/li><li><strong>Servicios Cientificot\u00e9cnicos de la UAB<\/strong><br><a href=\"https:\/\/www.uab.cat\/web\/investigacion\/itinerarios\/innovacion-y-transferencia-de-conocimiento\/servicios-cientificotecnicos\/servicios-cientificotecnicos-1345667267427.html\">https:\/\/www.uab.cat\/web\/investigacion\/itinerarios\/innovacion-y-transferencia-de-conocimiento\/servicios-cientificotecnicos\/servicios-cientificotecnicos-1345667267427.html<\/a><br><\/li><li><strong>Sociedad Espa\u00f1ola de Medicina de Laboratorio (SEQC)<\/strong><br><a href=\"http:\/\/www.seqc.es\/\">http:\/\/www.seqc.es<\/a><\/li><\/ul>\n","protected":false},"excerpt":{"rendered":"<p>Associaci\u00f3 Catalana de Ci\u00e8ncies de Laboratori Cl\u00ednic (ACCLC)http:\/\/www.acclc.cat\/ca Biocathttp:\/\/www.biocat.cat\/es Clinical and Laboratory Standards Institute (CLSI)http:\/\/www.clsi.org European Federation of Clinical Chemistry and Laboratory Medicine (EFLM)http:\/\/eflm.eu Entidad Nacional de Acreditaci\u00f3n (ENAC)http:\/\/www.enac.es\/web\/enac\/inicio IFCC-DGKL-RELA, programa de evaluaci\u00f3n externa de la calidad para laboratorios de referencia con los resultados de los diferentes programas anualeshttp:\/\/www.dgkl-rfb.de:81\/ International Federation of Clinical Chemistry and [&hellip;]<\/p>\n","protected":false},"author":20,"featured_media":0,"parent":0,"menu_order":0,"comment_status":"closed","ping_status":"closed","template":"","meta":{"footnotes":""},"class_list":["post-516","page","type-page","status-publish","hentry"],"_links":{"self":[{"href":"https:\/\/webs.uab.cat\/lrec\/es\/wp-json\/wp\/v2\/pages\/516","targetHints":{"allow":["GET"]}}],"collection":[{"href":"https:\/\/webs.uab.cat\/lrec\/es\/wp-json\/wp\/v2\/pages"}],"about":[{"href":"https:\/\/webs.uab.cat\/lrec\/es\/wp-json\/wp\/v2\/types\/page"}],"author":[{"embeddable":true,"href":"https:\/\/webs.uab.cat\/lrec\/es\/wp-json\/wp\/v2\/users\/20"}],"replies":[{"embeddable":true,"href":"https:\/\/webs.uab.cat\/lrec\/es\/wp-json\/wp\/v2\/comments?post=516"}],"version-history":[{"count":3,"href":"https:\/\/webs.uab.cat\/lrec\/es\/wp-json\/wp\/v2\/pages\/516\/revisions"}],"predecessor-version":[{"id":1258,"href":"https:\/\/webs.uab.cat\/lrec\/es\/wp-json\/wp\/v2\/pages\/516\/revisions\/1258"}],"wp:attachment":[{"href":"https:\/\/webs.uab.cat\/lrec\/es\/wp-json\/wp\/v2\/media?parent=516"}],"curies":[{"name":"wp","href":"https:\/\/api.w.org\/{rel}","templated":true}]}}