{"id":105,"date":"2010-06-22T16:07:29","date_gmt":"2010-06-22T16:07:29","guid":{"rendered":"https:\/\/webs.uab.cat\/lrec\/personal\/"},"modified":"2023-01-13T11:12:19","modified_gmt":"2023-01-13T11:12:19","slug":"personal","status":"publish","type":"page","link":"https:\/\/webs.uab.cat\/lrec\/personal\/","title":{"rendered":"Personal"},"content":{"rendered":"\n<div class=\"wp-block-media-text is-stacked-on-mobile\" style=\"grid-template-columns:25% auto\"><figure class=\"wp-block-media-text__media\"><img loading=\"lazy\" decoding=\"async\" width=\"632\" height=\"802\" src=\"https:\/\/webs.uab.cat\/lrec\/wp-content\/uploads\/sites\/163\/2010\/06\/foto-JGT.jpg\" alt=\"\" class=\"wp-image-96 size-full\" srcset=\"https:\/\/webs.uab.cat\/lrec\/wp-content\/uploads\/sites\/163\/2010\/06\/foto-JGT.jpg 632w, https:\/\/webs.uab.cat\/lrec\/wp-content\/uploads\/sites\/163\/2010\/06\/foto-JGT-236x300.jpg 236w\" sizes=\"auto, (max-width: 632px) 100vw, 632px\" \/><\/figure><div class=\"wp-block-media-text__content\">\n<p class=\"has-small-font-size\"><strong>F. Javier GELLA TOM\u00c1S<\/strong><\/p>\n\n\n\n<p class=\"has-small-font-size\">Director General<\/p>\n\n\n\n<p class=\"has-small-font-size\">Doctor en Farm\u00e0cia. Especialista en Bioqu\u00edmica Cl\u00ednica<\/p>\n\n\n\n<p class=\"has-small-font-size\">Professor Titular del Departament de Bioqu\u00edmica i Biologia Molecular<\/p>\n<\/div><\/div>\n\n\n\n<div class=\"wp-block-media-text is-stacked-on-mobile\" style=\"grid-template-columns:25% auto\"><figure class=\"wp-block-media-text__media\"><img loading=\"lazy\" decoding=\"async\" width=\"258\" height=\"354\" src=\"https:\/\/webs.uab.cat\/lrec\/wp-content\/uploads\/sites\/163\/2010\/06\/foto-FCR.jpg\" alt=\"\" class=\"wp-image-99 size-full\" srcset=\"https:\/\/webs.uab.cat\/lrec\/wp-content\/uploads\/sites\/163\/2010\/06\/foto-FCR.jpg 258w, https:\/\/webs.uab.cat\/lrec\/wp-content\/uploads\/sites\/163\/2010\/06\/foto-FCR-219x300.jpg 219w\" sizes=\"auto, (max-width: 258px) 100vw, 258px\" \/><\/figure><div class=\"wp-block-media-text__content\">\n<p class=\"has-small-font-size\"><strong>Francesca CANALIAS REVERTER<\/strong><\/p>\n\n\n\n<p class=\"has-small-font-size\">Directora de Laboratori<\/p>\n\n\n\n<p class=\"has-small-font-size\">Doctora en Ci\u00e8ncies&nbsp;Qu\u00edmiques. M\u00e0ster en Bioqu\u00edmica Cl\u00ednica i Patologia Molecular<\/p>\n\n\n\n<p class=\"has-small-font-size\">Professora Agregada del Departament de Bioqu\u00edmica i Biologia Molecular<\/p>\n\n\n\n<p class=\"has-small-font-size\">ORCID: 0000-0002-4007-8406<\/p>\n<\/div><\/div>\n\n\n\n<div class=\"wp-block-media-text is-stacked-on-mobile\" style=\"grid-template-columns:25% auto\"><figure class=\"wp-block-media-text__media\"><img loading=\"lazy\" decoding=\"async\" width=\"754\" height=\"1024\" src=\"https:\/\/webs.uab.cat\/lrec\/wp-content\/uploads\/sites\/163\/2023\/01\/Foto-Raul-1-754x1024.png\" alt=\"\" class=\"wp-image-992 size-full\" srcset=\"https:\/\/webs.uab.cat\/lrec\/wp-content\/uploads\/sites\/163\/2023\/01\/Foto-Raul-1-754x1024.png 754w, https:\/\/webs.uab.cat\/lrec\/wp-content\/uploads\/sites\/163\/2023\/01\/Foto-Raul-1-221x300.png 221w, https:\/\/webs.uab.cat\/lrec\/wp-content\/uploads\/sites\/163\/2023\/01\/Foto-Raul-1-768x1043.png 768w, https:\/\/webs.uab.cat\/lrec\/wp-content\/uploads\/sites\/163\/2023\/01\/Foto-Raul-1-1131x1536.png 1131w, https:\/\/webs.uab.cat\/lrec\/wp-content\/uploads\/sites\/163\/2023\/01\/Foto-Raul-1-1200x1630.png 1200w, https:\/\/webs.uab.cat\/lrec\/wp-content\/uploads\/sites\/163\/2023\/01\/Foto-Raul-1.png 1230w\" sizes=\"auto, (max-width: 754px) 100vw, 754px\" \/><\/figure><div class=\"wp-block-media-text__content\">\n<p class=\"has-small-font-size\"><strong>Ra\u00fcl VILAGRASA MONTAN\u00c9<\/strong><\/p>\n\n\n\n<p class=\"has-small-font-size\">T\u00e8cnic de laboratori<\/p>\n\n\n\n<p class=\"has-small-font-size\">Cicle Formatiu de grau superior (FPII) Laboratori Cl\u00ednic i Biom\u00e8dic<\/p>\n\n\n\n<p class=\"has-small-font-size\">T\u00e8cnic Especialista de suport a la recerca<\/p>\n<\/div><\/div>\n\n\n\n<p><\/p>\n","protected":false},"excerpt":{"rendered":"<p>F. Javier GELLA TOM\u00c1S Director General Doctor en Farm\u00e0cia. Especialista en Bioqu\u00edmica Cl\u00ednica Professor Titular del Departament de Bioqu\u00edmica i Biologia Molecular Francesca CANALIAS REVERTER Directora de Laboratori Doctora en Ci\u00e8ncies&nbsp;Qu\u00edmiques. M\u00e0ster en Bioqu\u00edmica Cl\u00ednica i Patologia Molecular Professora Agregada del Departament de Bioqu\u00edmica i Biologia Molecular ORCID: 0000-0002-4007-8406 Ra\u00fcl VILAGRASA MONTAN\u00c9 T\u00e8cnic de laboratori [&hellip;]<\/p>\n","protected":false},"author":20,"featured_media":0,"parent":0,"menu_order":0,"comment_status":"closed","ping_status":"closed","template":"","meta":{"footnotes":""},"class_list":["post-105","page","type-page","status-publish","hentry"],"_links":{"self":[{"href":"https:\/\/webs.uab.cat\/lrec\/wp-json\/wp\/v2\/pages\/105","targetHints":{"allow":["GET"]}}],"collection":[{"href":"https:\/\/webs.uab.cat\/lrec\/wp-json\/wp\/v2\/pages"}],"about":[{"href":"https:\/\/webs.uab.cat\/lrec\/wp-json\/wp\/v2\/types\/page"}],"author":[{"embeddable":true,"href":"https:\/\/webs.uab.cat\/lrec\/wp-json\/wp\/v2\/users\/20"}],"replies":[{"embeddable":true,"href":"https:\/\/webs.uab.cat\/lrec\/wp-json\/wp\/v2\/comments?post=105"}],"version-history":[{"count":5,"href":"https:\/\/webs.uab.cat\/lrec\/wp-json\/wp\/v2\/pages\/105\/revisions"}],"predecessor-version":[{"id":1000,"href":"https:\/\/webs.uab.cat\/lrec\/wp-json\/wp\/v2\/pages\/105\/revisions\/1000"}],"wp:attachment":[{"href":"https:\/\/webs.uab.cat\/lrec\/wp-json\/wp\/v2\/media?parent=105"}],"curies":[{"name":"wp","href":"https:\/\/api.w.org\/{rel}","templated":true}]}}