{"id":116,"date":"2010-06-22T16:19:20","date_gmt":"2010-06-22T16:19:20","guid":{"rendered":"https:\/\/webs.uab.cat\/lrec\/assessorament\/"},"modified":"2023-01-17T07:50:25","modified_gmt":"2023-01-17T07:50:25","slug":"assessorament","status":"publish","type":"page","link":"https:\/\/webs.uab.cat\/lrec\/assessorament\/","title":{"rendered":"Assessorament"},"content":{"rendered":"\n<p>El nostre equip us pot assessorar en els seg\u00fcents aspectes:<\/p>\n\n\n\n<div class=\"wp-block-group alignwide\"><div class=\"wp-block-group__inner-container is-layout-flow wp-block-group-is-layout-flow\">\n<ul class=\"wp-block-list\"><li>Assist\u00e8ncia cient\u00edfica i t\u00e8cnica en la validaci\u00f3 de procediments de mesura.<\/li><li>Recomanacions per a la millora de processos i procediments.<\/li><li>Recomanacions en l\u2019acompliment de requisits metrol\u00f2gics.<\/li><li>Informaci\u00f3 en an\u00e0lisis enzim\u00e0tiques amb el nivell de qualitat t\u00e8cnica que marquen els referents internacionals.<\/li><\/ul>\n<\/div><\/div>\n","protected":false},"excerpt":{"rendered":"<p>El nostre equip us pot assessorar en els seg\u00fcents aspectes: Assist\u00e8ncia cient\u00edfica i t\u00e8cnica en la validaci\u00f3 de procediments de mesura. Recomanacions per a la millora de processos i procediments. Recomanacions en l\u2019acompliment de requisits metrol\u00f2gics. Informaci\u00f3 en an\u00e0lisis enzim\u00e0tiques amb el nivell de qualitat t\u00e8cnica que marquen els referents internacionals.<\/p>\n","protected":false},"author":20,"featured_media":0,"parent":0,"menu_order":0,"comment_status":"closed","ping_status":"closed","template":"","meta":{"footnotes":""},"class_list":["post-116","page","type-page","status-publish","hentry"],"_links":{"self":[{"href":"https:\/\/webs.uab.cat\/lrec\/wp-json\/wp\/v2\/pages\/116","targetHints":{"allow":["GET"]}}],"collection":[{"href":"https:\/\/webs.uab.cat\/lrec\/wp-json\/wp\/v2\/pages"}],"about":[{"href":"https:\/\/webs.uab.cat\/lrec\/wp-json\/wp\/v2\/types\/page"}],"author":[{"embeddable":true,"href":"https:\/\/webs.uab.cat\/lrec\/wp-json\/wp\/v2\/users\/20"}],"replies":[{"embeddable":true,"href":"https:\/\/webs.uab.cat\/lrec\/wp-json\/wp\/v2\/comments?post=116"}],"version-history":[{"count":2,"href":"https:\/\/webs.uab.cat\/lrec\/wp-json\/wp\/v2\/pages\/116\/revisions"}],"predecessor-version":[{"id":1149,"href":"https:\/\/webs.uab.cat\/lrec\/wp-json\/wp\/v2\/pages\/116\/revisions\/1149"}],"wp:attachment":[{"href":"https:\/\/webs.uab.cat\/lrec\/wp-json\/wp\/v2\/media?parent=116"}],"curies":[{"name":"wp","href":"https:\/\/api.w.org\/{rel}","templated":true}]}}