{"id":256,"date":"2011-10-28T12:58:07","date_gmt":"2011-10-28T12:58:07","guid":{"rendered":"https:\/\/webs.uab.cat\/lrec\/la-nostra-tasca\/"},"modified":"2022-08-12T12:26:12","modified_gmt":"2022-08-12T12:26:12","slug":"la-nostra-tasca","status":"publish","type":"page","link":"https:\/\/webs.uab.cat\/lrec\/la-nostra-tasca\/","title":{"rendered":"La nostra tasca"},"content":{"rendered":"\n<p>Els serveis que ofereix el LREC als seus clients, actuals i potencials, contribueixen a assegurar la tra\u00e7abilitat metrol\u00f2gica de les mesures realitzades en el laboratori cl\u00ednic seguint el sistema de mesura de refer\u00e8ncia proposat a la norma internacional ISO 17511.<span class=\"inline inline-left\"><span class=\"caption\" style=\"width: 498px;\"><\/span><\/span><\/p>\n\n\n\n<figure class=\"wp-block-image size-full\"><img loading=\"lazy\" decoding=\"async\" width=\"960\" height=\"720\" src=\"https:\/\/webs.uab.cat\/lrec\/wp-content\/uploads\/sites\/163\/2013\/01\/cadena-de-tracabilitat-nova_0.jpg\" alt=\"cadena de tra\u00e7abilitat nova_0\" class=\"wp-image-698\" srcset=\"https:\/\/webs.uab.cat\/lrec\/wp-content\/uploads\/sites\/163\/2013\/01\/cadena-de-tracabilitat-nova_0.jpg 960w, https:\/\/webs.uab.cat\/lrec\/wp-content\/uploads\/sites\/163\/2013\/01\/cadena-de-tracabilitat-nova_0-300x225.jpg 300w, https:\/\/webs.uab.cat\/lrec\/wp-content\/uploads\/sites\/163\/2013\/01\/cadena-de-tracabilitat-nova_0-768x576.jpg 768w\" sizes=\"auto, (max-width: 960px) 100vw, 960px\" \/><figcaption><strong><strong>Cadena de tra\u00e7abilidad<\/strong><\/strong><\/figcaption><\/figure>\n","protected":false},"excerpt":{"rendered":"<p>Els serveis que ofereix el LREC als seus clients, actuals i potencials, contribueixen a assegurar la tra\u00e7abilitat metrol\u00f2gica de les mesures realitzades en el laboratori cl\u00ednic seguint el sistema de mesura de refer\u00e8ncia proposat a la norma internacional ISO 17511.<\/p>\n","protected":false},"author":20,"featured_media":0,"parent":0,"menu_order":0,"comment_status":"closed","ping_status":"closed","template":"","meta":{"footnotes":""},"class_list":["post-256","page","type-page","status-publish","hentry"],"_links":{"self":[{"href":"https:\/\/webs.uab.cat\/lrec\/wp-json\/wp\/v2\/pages\/256","targetHints":{"allow":["GET"]}}],"collection":[{"href":"https:\/\/webs.uab.cat\/lrec\/wp-json\/wp\/v2\/pages"}],"about":[{"href":"https:\/\/webs.uab.cat\/lrec\/wp-json\/wp\/v2\/types\/page"}],"author":[{"embeddable":true,"href":"https:\/\/webs.uab.cat\/lrec\/wp-json\/wp\/v2\/users\/20"}],"replies":[{"embeddable":true,"href":"https:\/\/webs.uab.cat\/lrec\/wp-json\/wp\/v2\/comments?post=256"}],"version-history":[{"count":2,"href":"https:\/\/webs.uab.cat\/lrec\/wp-json\/wp\/v2\/pages\/256\/revisions"}],"predecessor-version":[{"id":864,"href":"https:\/\/webs.uab.cat\/lrec\/wp-json\/wp\/v2\/pages\/256\/revisions\/864"}],"wp:attachment":[{"href":"https:\/\/webs.uab.cat\/lrec\/wp-json\/wp\/v2\/media?parent=256"}],"curies":[{"name":"wp","href":"https:\/\/api.w.org\/{rel}","templated":true}]}}