{"id":270,"date":"2012-12-13T10:19:35","date_gmt":"2012-12-13T10:19:35","guid":{"rendered":"https:\/\/webs.uab.cat\/lrec\/qualitat\/"},"modified":"2023-01-12T07:58:27","modified_gmt":"2023-01-12T07:58:27","slug":"qualitat","status":"publish","type":"page","link":"https:\/\/webs.uab.cat\/lrec\/qualitat\/","title":{"rendered":"QUALITAT"},"content":{"rendered":"<p>El <strong>LREC<\/strong> desenvolupa activitats i processos en els que la qualitat \u00e9s un element determinant en l\u2019\u00e8xit de l\u2019organitzaci\u00f3. Amb aquesta finalitat es regeix per una Pol\u00edtica de la Qualitat que defineix un sistema de gesti\u00f3 de la qualitat per a les seves activitats de gesti\u00f3 i t\u00e8cniques.<\/p>\n","protected":false},"excerpt":{"rendered":"<p>El LREC desenvolupa activitats i processos en els que la qualitat \u00e9s un element determinant en l\u2019\u00e8xit de l\u2019organitzaci\u00f3. Amb aquesta finalitat es regeix per una Pol\u00edtica de la Qualitat que defineix un sistema de gesti\u00f3 de la qualitat per a les seves activitats de gesti\u00f3 i t\u00e8cniques.<\/p>\n","protected":false},"author":20,"featured_media":0,"parent":0,"menu_order":0,"comment_status":"closed","ping_status":"closed","template":"","meta":{"footnotes":""},"class_list":["post-270","page","type-page","status-publish","hentry"],"_links":{"self":[{"href":"https:\/\/webs.uab.cat\/lrec\/wp-json\/wp\/v2\/pages\/270","targetHints":{"allow":["GET"]}}],"collection":[{"href":"https:\/\/webs.uab.cat\/lrec\/wp-json\/wp\/v2\/pages"}],"about":[{"href":"https:\/\/webs.uab.cat\/lrec\/wp-json\/wp\/v2\/types\/page"}],"author":[{"embeddable":true,"href":"https:\/\/webs.uab.cat\/lrec\/wp-json\/wp\/v2\/users\/20"}],"replies":[{"embeddable":true,"href":"https:\/\/webs.uab.cat\/lrec\/wp-json\/wp\/v2\/comments?post=270"}],"version-history":[{"count":1,"href":"https:\/\/webs.uab.cat\/lrec\/wp-json\/wp\/v2\/pages\/270\/revisions"}],"predecessor-version":[{"id":934,"href":"https:\/\/webs.uab.cat\/lrec\/wp-json\/wp\/v2\/pages\/270\/revisions\/934"}],"wp:attachment":[{"href":"https:\/\/webs.uab.cat\/lrec\/wp-json\/wp\/v2\/media?parent=270"}],"curies":[{"name":"wp","href":"https:\/\/api.w.org\/{rel}","templated":true}]}}