{"id":344,"date":"2012-12-14T11:43:12","date_gmt":"2012-12-14T11:43:12","guid":{"rendered":"https:\/\/webs.uab.cat\/lrec\/acreditacio-enac\/"},"modified":"2023-01-16T09:37:42","modified_gmt":"2023-01-16T09:37:42","slug":"acreditacio-enac","status":"publish","type":"page","link":"https:\/\/webs.uab.cat\/lrec\/acreditacio-enac\/","title":{"rendered":"Col\u00b7laboraci\u00f3 amb la IFCC"},"content":{"rendered":"\n<p>El LREC mesura per espectrometria d&#8217;absorci\u00f3 molecular, seguint els procediments de mesura de refer\u00e8ncia primaris de la <em>International Federation of Clinical Chemistry and Laboratory Medicine<\/em> (<a title=\"IFCC\" rel=\"noopener\" href=\"http:\/\/www.ifcc.org\/\" target=\"_blank\">IFCC<\/a>), d\u2019enzims d\u2019inter\u00e8s cl\u00ednic. Realitza mesures en els seg\u00fcents enzims:<\/p>\n\n\n\n<figure class=\"wp-block-table is-style-regular\"><table><thead><tr><td>&nbsp;<\/td><td class=\"has-text-align-center\" data-align=\"center\">Incertesa de mesura<\/td><\/tr><\/thead><tbody><tr><td>Alanina aminotransferasa (ALT)<\/td><td class=\"has-text-align-center\" data-align=\"center\">2,2 %<\/td><\/tr><tr><td>a-Amilasa (AMI)<\/td><td class=\"has-text-align-center\" data-align=\"center\">2,2 %<\/td><\/tr><tr><td>Aspartat aminotransferasa (AST)<\/td><td class=\"has-text-align-center\" data-align=\"center\">2,5 %<\/td><\/tr><tr><td>Creatina cinasa (CK)<\/td><td class=\"has-text-align-center\" data-align=\"center\">2,2 %<\/td><\/tr><tr><td>g-Glutamiltransferasa (GGT)<\/td><td class=\"has-text-align-center\" data-align=\"center\">2,2 %<\/td><\/tr><tr><td>L-Lactat deshidrogenasa (LD)<\/td><td class=\"has-text-align-center\" data-align=\"center\">2,3 %<\/td><\/tr><tr><td>Fosfatasa alcalina (FAL)<\/td><td class=\"has-text-align-center\" data-align=\"center\">2,8 %<\/td><\/tr><\/tbody><\/table><\/figure>\n","protected":false},"excerpt":{"rendered":"<p>El LREC mesura per espectrometria d&#8217;absorci\u00f3 molecular, seguint els procediments de mesura de refer\u00e8ncia primaris de la International Federation of Clinical Chemistry and Laboratory Medicine (IFCC), d\u2019enzims d\u2019inter\u00e8s cl\u00ednic. Realitza mesures en els seg\u00fcents enzims: &nbsp; Incertesa de mesura Alanina aminotransferasa (ALT) 2,2 % a-Amilasa (AMI) 2,2 % Aspartat aminotransferasa (AST) 2,5 % Creatina cinasa [&hellip;]<\/p>\n","protected":false},"author":20,"featured_media":0,"parent":0,"menu_order":0,"comment_status":"closed","ping_status":"closed","template":"","meta":{"footnotes":""},"class_list":["post-344","page","type-page","status-publish","hentry"],"_links":{"self":[{"href":"https:\/\/webs.uab.cat\/lrec\/wp-json\/wp\/v2\/pages\/344","targetHints":{"allow":["GET"]}}],"collection":[{"href":"https:\/\/webs.uab.cat\/lrec\/wp-json\/wp\/v2\/pages"}],"about":[{"href":"https:\/\/webs.uab.cat\/lrec\/wp-json\/wp\/v2\/types\/page"}],"author":[{"embeddable":true,"href":"https:\/\/webs.uab.cat\/lrec\/wp-json\/wp\/v2\/users\/20"}],"replies":[{"embeddable":true,"href":"https:\/\/webs.uab.cat\/lrec\/wp-json\/wp\/v2\/comments?post=344"}],"version-history":[{"count":4,"href":"https:\/\/webs.uab.cat\/lrec\/wp-json\/wp\/v2\/pages\/344\/revisions"}],"predecessor-version":[{"id":1059,"href":"https:\/\/webs.uab.cat\/lrec\/wp-json\/wp\/v2\/pages\/344\/revisions\/1059"}],"wp:attachment":[{"href":"https:\/\/webs.uab.cat\/lrec\/wp-json\/wp\/v2\/media?parent=344"}],"curies":[{"name":"wp","href":"https:\/\/api.w.org\/{rel}","templated":true}]}}