{"id":356,"date":"2012-12-18T09:06:32","date_gmt":"2012-12-18T09:06:32","guid":{"rendered":"https:\/\/webs.uab.cat\/lrec\/validacio-de-procediments\/"},"modified":"2023-01-17T08:08:24","modified_gmt":"2023-01-17T08:08:24","slug":"validacio-de-procediments","status":"publish","type":"page","link":"https:\/\/webs.uab.cat\/lrec\/validacio-de-procediments\/","title":{"rendered":"Validaci\u00f3 de procediments"},"content":{"rendered":"\n<div class=\"wp-block-group\"><div class=\"wp-block-group__inner-container is-layout-flow wp-block-group-is-layout-flow\">\n<ul class=\"wp-block-list\"><li>Validaci\u00f3 de procediments de mesura i sistemes anal\u00edtics comercials per a la mesura en rutina de la concentraci\u00f3 catal\u00edtica en mostres de pacients.<\/li><li>Desenvolupament, validaci\u00f3 i verificaci\u00f3 de la transferibilitat de nous procediments de mesura de refer\u00e8ncia primaris.<\/li><\/ul>\n<\/div><\/div>\n","protected":false},"excerpt":{"rendered":"<p>Validaci\u00f3 de procediments de mesura i sistemes anal\u00edtics comercials per a la mesura en rutina de la concentraci\u00f3 catal\u00edtica en mostres de pacients. Desenvolupament, validaci\u00f3 i verificaci\u00f3 de la transferibilitat de nous procediments de mesura de refer\u00e8ncia primaris.<\/p>\n","protected":false},"author":20,"featured_media":0,"parent":0,"menu_order":0,"comment_status":"closed","ping_status":"closed","template":"","meta":{"footnotes":""},"class_list":["post-356","page","type-page","status-publish","hentry"],"_links":{"self":[{"href":"https:\/\/webs.uab.cat\/lrec\/wp-json\/wp\/v2\/pages\/356","targetHints":{"allow":["GET"]}}],"collection":[{"href":"https:\/\/webs.uab.cat\/lrec\/wp-json\/wp\/v2\/pages"}],"about":[{"href":"https:\/\/webs.uab.cat\/lrec\/wp-json\/wp\/v2\/types\/page"}],"author":[{"embeddable":true,"href":"https:\/\/webs.uab.cat\/lrec\/wp-json\/wp\/v2\/users\/20"}],"replies":[{"embeddable":true,"href":"https:\/\/webs.uab.cat\/lrec\/wp-json\/wp\/v2\/comments?post=356"}],"version-history":[{"count":2,"href":"https:\/\/webs.uab.cat\/lrec\/wp-json\/wp\/v2\/pages\/356\/revisions"}],"predecessor-version":[{"id":1163,"href":"https:\/\/webs.uab.cat\/lrec\/wp-json\/wp\/v2\/pages\/356\/revisions\/1163"}],"wp:attachment":[{"href":"https:\/\/webs.uab.cat\/lrec\/wp-json\/wp\/v2\/media?parent=356"}],"curies":[{"name":"wp","href":"https:\/\/api.w.org\/{rel}","templated":true}]}}