{"id":357,"date":"2012-12-18T09:13:18","date_gmt":"2012-12-18T09:13:18","guid":{"rendered":"https:\/\/webs.uab.cat\/lrec\/caracteritzacio-de-materials\/"},"modified":"2023-01-17T08:20:27","modified_gmt":"2023-01-17T08:20:27","slug":"caracteritzacio-de-materials","status":"publish","type":"page","link":"https:\/\/webs.uab.cat\/lrec\/caracteritzacio-de-materials\/","title":{"rendered":"Caracteritzaci\u00f3 de materials"},"content":{"rendered":"\n<p>Podem caracteritzar materials en el seg\u00fcents sup\u00f2sits:<\/p>\n\n\n\n<div class=\"wp-block-group alignwide\"><div class=\"wp-block-group__inner-container is-layout-flow wp-block-group-is-layout-flow\">\n<ul class=\"wp-block-list\"><li>Caracteritzaci\u00f3 de nous materials de refer\u00e8ncia: estudis de homogene\u00eftat, estabilitat i commutabilitat (en col\u00b7laboraci\u00f3 amb el JRC).<\/li><li>Assignaci\u00f3 i certificaci\u00f3 de valors de concentraci\u00f3 catal\u00edtica als materials de refer\u00e8ncia desenvolupats mitjan\u00e7ant campanyes de certificaci\u00f3 entre laboratoris (en col\u00b7laboraci\u00f3 amb el JRC).<\/li><li>Assignaci\u00f3 de valors tra\u00e7ables de concentraci\u00f3 catal\u00edtica als calibradors interns dels fabricants del diagn\u00f2stic<em> in vitro<\/em>, facilitant aix\u00ed el seu acompliment amb la Directiva Europea de diagn\u00f2stic <em>in vitro<\/em> 2017\/746.<\/li><li>Assignaci\u00f3 de valors tra\u00e7ables de concentraci\u00f3 catal\u00edtica als materials de control de programes nacionals o comercials d\u2019avaluaci\u00f3 externa de la qualitat i control intern de la qualitat, facilitant aix\u00ed el canvi del concepte \u201cvalor m\u00e8tode dependent\u201d pel de \u201cvalor m\u00e8tode de refer\u00e8ncia\u201d i l\u2019acompliment amb la norma ISO\/IEC 17043.<\/li><\/ul>\n<\/div><\/div>\n","protected":false},"excerpt":{"rendered":"<p>Podem caracteritzar materials en el seg\u00fcents sup\u00f2sits: Caracteritzaci\u00f3 de nous materials de refer\u00e8ncia: estudis de homogene\u00eftat, estabilitat i commutabilitat (en col\u00b7laboraci\u00f3 amb el JRC). Assignaci\u00f3 i certificaci\u00f3 de valors de concentraci\u00f3 catal\u00edtica als materials de refer\u00e8ncia desenvolupats mitjan\u00e7ant campanyes de certificaci\u00f3 entre laboratoris (en col\u00b7laboraci\u00f3 amb el JRC). Assignaci\u00f3 de valors tra\u00e7ables de concentraci\u00f3 catal\u00edtica [&hellip;]<\/p>\n","protected":false},"author":20,"featured_media":0,"parent":0,"menu_order":0,"comment_status":"closed","ping_status":"closed","template":"","meta":{"footnotes":""},"class_list":["post-357","page","type-page","status-publish","hentry"],"_links":{"self":[{"href":"https:\/\/webs.uab.cat\/lrec\/wp-json\/wp\/v2\/pages\/357","targetHints":{"allow":["GET"]}}],"collection":[{"href":"https:\/\/webs.uab.cat\/lrec\/wp-json\/wp\/v2\/pages"}],"about":[{"href":"https:\/\/webs.uab.cat\/lrec\/wp-json\/wp\/v2\/types\/page"}],"author":[{"embeddable":true,"href":"https:\/\/webs.uab.cat\/lrec\/wp-json\/wp\/v2\/users\/20"}],"replies":[{"embeddable":true,"href":"https:\/\/webs.uab.cat\/lrec\/wp-json\/wp\/v2\/comments?post=357"}],"version-history":[{"count":2,"href":"https:\/\/webs.uab.cat\/lrec\/wp-json\/wp\/v2\/pages\/357\/revisions"}],"predecessor-version":[{"id":1180,"href":"https:\/\/webs.uab.cat\/lrec\/wp-json\/wp\/v2\/pages\/357\/revisions\/1180"}],"wp:attachment":[{"href":"https:\/\/webs.uab.cat\/lrec\/wp-json\/wp\/v2\/media?parent=357"}],"curies":[{"name":"wp","href":"https:\/\/api.w.org\/{rel}","templated":true}]}}