{"id":358,"date":"2012-12-18T09:36:39","date_gmt":"2012-12-18T09:36:39","guid":{"rendered":"https:\/\/webs.uab.cat\/lrec\/altres-activitats-cientifiques\/"},"modified":"2023-01-17T08:24:20","modified_gmt":"2023-01-17T08:24:20","slug":"altres-activitats-cientifiques","status":"publish","type":"page","link":"https:\/\/webs.uab.cat\/lrec\/altres-activitats-cientifiques\/","title":{"rendered":"Altres activitats cient\u00edfiques"},"content":{"rendered":"\n<p>El nostre servei realitza tamb\u00e9:<\/p>\n\n\n\n<div class=\"wp-block-group alignwide\"><div class=\"wp-block-group__inner-container is-layout-flow wp-block-group-is-layout-flow\">\n<ul class=\"wp-block-list\"><li>Establiment de convenis de col\u00b7laboraci\u00f3 amb empreses del diagn\u00f2stic <em>in vitro<\/em> d\u2019Espanya i d\u2019altres pa\u00efsos, amb centres p\u00fablics i privats, i grups de recerca interessats en les nostres activitats.<\/li><li>Validaci\u00f3 de procediments de mesura y sistemes anal\u00edtics comercials.<\/li><li>Estimaci\u00f3 de la commutabilitat de materials comercials de calibratge i control.<\/li><\/ul>\n<\/div><\/div>\n","protected":false},"excerpt":{"rendered":"<p>El nostre servei realitza tamb\u00e9: Establiment de convenis de col\u00b7laboraci\u00f3 amb empreses del diagn\u00f2stic in vitro d\u2019Espanya i d\u2019altres pa\u00efsos, amb centres p\u00fablics i privats, i grups de recerca interessats en les nostres activitats. Validaci\u00f3 de procediments de mesura y sistemes anal\u00edtics comercials. Estimaci\u00f3 de la commutabilitat de materials comercials de calibratge i control.<\/p>\n","protected":false},"author":20,"featured_media":0,"parent":0,"menu_order":0,"comment_status":"closed","ping_status":"closed","template":"","meta":{"footnotes":""},"class_list":["post-358","page","type-page","status-publish","hentry"],"_links":{"self":[{"href":"https:\/\/webs.uab.cat\/lrec\/wp-json\/wp\/v2\/pages\/358","targetHints":{"allow":["GET"]}}],"collection":[{"href":"https:\/\/webs.uab.cat\/lrec\/wp-json\/wp\/v2\/pages"}],"about":[{"href":"https:\/\/webs.uab.cat\/lrec\/wp-json\/wp\/v2\/types\/page"}],"author":[{"embeddable":true,"href":"https:\/\/webs.uab.cat\/lrec\/wp-json\/wp\/v2\/users\/20"}],"replies":[{"embeddable":true,"href":"https:\/\/webs.uab.cat\/lrec\/wp-json\/wp\/v2\/comments?post=358"}],"version-history":[{"count":2,"href":"https:\/\/webs.uab.cat\/lrec\/wp-json\/wp\/v2\/pages\/358\/revisions"}],"predecessor-version":[{"id":1186,"href":"https:\/\/webs.uab.cat\/lrec\/wp-json\/wp\/v2\/pages\/358\/revisions\/1186"}],"wp:attachment":[{"href":"https:\/\/webs.uab.cat\/lrec\/wp-json\/wp\/v2\/media?parent=358"}],"curies":[{"name":"wp","href":"https:\/\/api.w.org\/{rel}","templated":true}]}}