{"id":523,"date":"2021-03-08T12:08:54","date_gmt":"2021-03-08T12:08:54","guid":{"rendered":"https:\/\/webs.uab.cat\/lrec\/publicacions-2016-2020\/"},"modified":"2021-03-08T12:08:54","modified_gmt":"2021-03-08T12:08:54","slug":"publicacions-2016-2020","status":"publish","type":"page","link":"https:\/\/webs.uab.cat\/lrec\/publicacions-2016-2020\/","title":{"rendered":"Publicacions 2016-2020"},"content":{"rendered":"<p>\u2022 F Canalias, M Pi\u00f1eiro, R Pato, R Pe\u00f1a, L Bosch, L Soler, N Garc\u00eda, F Lampreave, Y Saco, A Bassols.&nbsp;<strong>Preparation of canine C-reactive protein serum reference material: a feasibility study<\/strong>. DOI: 10.1111\/vcp.12574. Vet Clin Pathol 2018;47:122-9<\/p>\n<p>\u2022 M Pi\u00f1eiro, R Pato, L Soler, R Pe\u00f1a, N Garc\u00eda, C Torrente, Y Saco, F Lampreave, A Bassols, F Canalias.&nbsp;<strong>A new automated turbidimetric immunoassay for the measurement of canine C-reactive protein<\/strong>. Vet Clin Pathol 2018;47:130-7<\/p>\n<p>\u2022 R Rigo, A Blanco, F Canalias<strong>ifferent top-down approaches to estimate measurement uncertainty of whole blood tracolimus mass concentration values<\/strong>. DOI: 10.1016\/j.clinbiochem.2018.05.005. Clin Biochem 2018;57:56-61<\/p>\n<p>\u2022 R Rigo, P Al\u00eda, F Canalias.&nbsp;<strong>Measurement uncertainty and metrological traceability of whole blood cyclosporin A mass concentration results obtained by UHPLC-MS\/MS<\/strong>. Clin Chem Lab Med 2018;56(9):1458-1468<\/p>\n<p>\u2022 R Rigo, F Canalias.&nbsp;<strong>Traceability of immunosuppressant\u2019s mass concentration results obtained using different commercial calibrators<\/strong>. DOI:10.1016\/j.clinbiochem.2018.09.012. Clin Biochem 2019<em>; 63:113-120<\/em><\/p>\n<p><em>\u2022&nbsp;<\/em>K Yu K, F Canalias, D Sol\u00e0-Oriol, L Arroyo, R Pato, Y Saco, M Terr\u00e9, A Bassols.&nbsp;<strong>Age-related serum biochemical reference intervals established for unweaned calves and piglets in the post-weaning period.<\/strong>&nbsp;DOI: 10.3389\/fvets.2019.00123. Front Vet Sci 2019;6:123<\/p>\n<p><em>\u2022&nbsp;<\/em>R Rigo, F Canalias, C El Haj, MC Gonz\u00e1lez, N D\u00edaz, L Soldevila, E Benavent, O Murillo.&nbsp;<strong>Measurement uncertainty of \u03b2-lactam antibiotics results: Estimation and clinical impact on therapeutic drug monitoring<\/strong>. DOI: 10.1515\/cclm-2019-0621. Clin Chem Lab Med 2020;58(2):240-250<\/p>\n<p><em>\u2022&nbsp;<\/em>R Rigo, D Mu\u00f1oz, F Canalias. <strong>Reference change values based on uncertainty models<\/strong>. DOI: 10.1016\/j.clinbiochem.2020.03.016. Clin Biochem 2020;80:31-41<\/p>\n<p><em>\u2022&nbsp;<\/em>L Mart\u00ednez, F Marques, Y Ozarda, A Blanco, N Brouwer, F Canalias, C Cobbaert, M Thelen, W den Elzen. <strong>Big data and reference intervals: rationale, current practices, harmonization and standardization prerequisites and future perspectives of indirect determination of reference intervals using routine data<\/strong>. DOI: 10.1515\/almed-2020-0034. Ad Lab Med 2020;20200034<\/p>\n<p>&nbsp;<\/p>\n","protected":false},"excerpt":{"rendered":"<p>\u2022 F Canalias, M Pi\u00f1eiro, R Pato, R Pe\u00f1a, L Bosch, L Soler, N Garc\u00eda, F Lampreave, Y Saco, A Bassols.&nbsp;Preparation of canine C-reactive protein serum reference material: a feasibility study. DOI: 10.1111\/vcp.12574. Vet Clin Pathol 2018;47:122-9 \u2022 M Pi\u00f1eiro, R Pato, L Soler, R Pe\u00f1a, N Garc\u00eda, C Torrente, Y Saco, F Lampreave, A [&hellip;]<\/p>\n","protected":false},"author":20,"featured_media":0,"parent":0,"menu_order":0,"comment_status":"closed","ping_status":"closed","template":"","meta":{"footnotes":""},"class_list":["post-523","page","type-page","status-publish","hentry"],"_links":{"self":[{"href":"https:\/\/webs.uab.cat\/lrec\/wp-json\/wp\/v2\/pages\/523","targetHints":{"allow":["GET"]}}],"collection":[{"href":"https:\/\/webs.uab.cat\/lrec\/wp-json\/wp\/v2\/pages"}],"about":[{"href":"https:\/\/webs.uab.cat\/lrec\/wp-json\/wp\/v2\/types\/page"}],"author":[{"embeddable":true,"href":"https:\/\/webs.uab.cat\/lrec\/wp-json\/wp\/v2\/users\/20"}],"replies":[{"embeddable":true,"href":"https:\/\/webs.uab.cat\/lrec\/wp-json\/wp\/v2\/comments?post=523"}],"version-history":[{"count":0,"href":"https:\/\/webs.uab.cat\/lrec\/wp-json\/wp\/v2\/pages\/523\/revisions"}],"wp:attachment":[{"href":"https:\/\/webs.uab.cat\/lrec\/wp-json\/wp\/v2\/media?parent=523"}],"curies":[{"name":"wp","href":"https:\/\/api.w.org\/{rel}","templated":true}]}}