{"id":525,"date":"2021-03-08T12:11:17","date_gmt":"2021-03-08T12:11:17","guid":{"rendered":"https:\/\/webs.uab.cat\/lrec\/publicacions-des-de-2021\/"},"modified":"2023-01-17T09:31:43","modified_gmt":"2023-01-17T09:31:43","slug":"publicacions-des-de-2021","status":"publish","type":"page","link":"https:\/\/webs.uab.cat\/lrec\/publicacions-des-de-2021\/","title":{"rendered":"Publicacions des de 2021"},"content":{"rendered":"<ul>\n<li>R Rigo, F Canalias. <strong>Measurement uncertainty estimation for derived biological quantities<\/strong>. DOI: 10.1515\/cclm-2020-1003. Clin Chem Lab Med 2021;59(1):e1-e7<\/li>\n<li>R Rigo, N D\u00edaz, L Garc\u00eda, A Marc\u00e8, M Valbuena, F Canalias. <strong style=\"font-size: revert;letter-spacing: 0.05rem\">Estimation of the measurement uncertainty and practical suggestion for the description of the metrological traceability in clinical laboratories<\/strong><span style=\"font-size: revert;letter-spacing: 0.05rem\">. DOI: 10.11613\/bm-2021-010501. Biochem Med (Zagreb) 2021;31(1):010501<\/span><\/li>\n<li>L Mart\u00ednez, F Marques, Y Ozarda, A Blanco, N Brouwer, F Canalias, <em style=\"font-size: revert;letter-spacing: 0.05rem\">et al<\/em><span style=\"font-size: revert;letter-spacing: 0.05rem\">. <\/span><strong style=\"font-size: revert;letter-spacing: 0.05rem\">Big data and reference intervals: rationale, current practices, harmonization and standardization prerequisites and future perspectives of indirect determination of reference intervals using routine data<\/strong><span style=\"font-size: revert;letter-spacing: 0.05rem\">. DOI: 10.1515\/almed-2020-0034. Ad Lab Med 2021;2(1):9-16<\/span><\/li>\n<li>R Rigo, F Canalias. <em style=\"font-size: revert;letter-spacing: 0.05rem\"><strong>Estimation of the uncertainty of values assigned to calibration materials prepared in-house: an example for hydroxychloroquine calibrators in blood-hemolysate-based matrix<\/strong><\/em><em style=\"font-size: revert;letter-spacing: 0.05rem\">.<\/em><span style=\"font-size: revert;letter-spacing: 0.05rem\"> DOI: 10.1016\/j.clinbiochem.2021.01.005. Clin Biochem 2021;89:70-76<\/span><\/li>\n<li>A Bassols, JA Robles-Guirado, L Arroyo, L Soler, N Garc\u00eda, R Pato, R Pe\u00f1a, Y Saco, R Armengol, F Lampreave, MA Alava, F Canalias, M Pi\u00f1eiro. <strong style=\"font-size: revert;letter-spacing: 0.05rem\">Validation of new automated turbidimetric immunoassays for the measurement of haptoglobin and inter-\u03b1-trypsin inhibidor heavy chain H4 specific for the bovine species<\/strong><span style=\"font-size: revert;letter-spacing: 0.05rem\">. DOI: 10.1111\/vcp.13164. Vet Clin Pathol 2022<\/span><\/li>\n<\/ul>\n","protected":false},"excerpt":{"rendered":"<p>R Rigo, F Canalias. Measurement uncertainty estimation for derived biological quantities. DOI: 10.1515\/cclm-2020-1003. Clin Chem Lab Med 2021;59(1):e1-e7 R Rigo, N D\u00edaz, L Garc\u00eda, A Marc\u00e8, M Valbuena, F Canalias. Estimation of the measurement uncertainty and practical suggestion for the description of the metrological traceability in clinical laboratories. DOI: 10.11613\/bm-2021-010501. Biochem Med (Zagreb) 2021;31(1):010501 L [&hellip;]<\/p>\n","protected":false},"author":20,"featured_media":0,"parent":0,"menu_order":0,"comment_status":"closed","ping_status":"closed","template":"","meta":{"footnotes":""},"class_list":["post-525","page","type-page","status-publish","hentry"],"_links":{"self":[{"href":"https:\/\/webs.uab.cat\/lrec\/wp-json\/wp\/v2\/pages\/525","targetHints":{"allow":["GET"]}}],"collection":[{"href":"https:\/\/webs.uab.cat\/lrec\/wp-json\/wp\/v2\/pages"}],"about":[{"href":"https:\/\/webs.uab.cat\/lrec\/wp-json\/wp\/v2\/types\/page"}],"author":[{"embeddable":true,"href":"https:\/\/webs.uab.cat\/lrec\/wp-json\/wp\/v2\/users\/20"}],"replies":[{"embeddable":true,"href":"https:\/\/webs.uab.cat\/lrec\/wp-json\/wp\/v2\/comments?post=525"}],"version-history":[{"count":2,"href":"https:\/\/webs.uab.cat\/lrec\/wp-json\/wp\/v2\/pages\/525\/revisions"}],"predecessor-version":[{"id":1217,"href":"https:\/\/webs.uab.cat\/lrec\/wp-json\/wp\/v2\/pages\/525\/revisions\/1217"}],"wp:attachment":[{"href":"https:\/\/webs.uab.cat\/lrec\/wp-json\/wp\/v2\/media?parent=525"}],"curies":[{"name":"wp","href":"https:\/\/api.w.org\/{rel}","templated":true}]}}