{"id":66,"date":"2010-06-22T15:30:20","date_gmt":"2010-06-22T15:30:20","guid":{"rendered":"https:\/\/webs.uab.cat\/lrec\/presentacio\/"},"modified":"2023-01-13T09:32:54","modified_gmt":"2023-01-13T09:32:54","slug":"presentacio","status":"publish","type":"page","link":"https:\/\/webs.uab.cat\/lrec\/","title":{"rendered":"PRESENTACI\u00d3"},"content":{"rendered":"<p>El Laboratori de Refer\u00e8ncia d\u2019Enzimologia Cl\u00ednica (LREC) col\u00b7labora amb les organitzacions internacionals d\u2019estandarditzaci\u00f3 i els fabricants de la ind\u00fastria del diagn\u00f2stic in vitro en el desenvolupament de procediments de mesura i de materials de refer\u00e8ncia per enzims en l\u2019\u00e0mbit del laboratori cl\u00ednic. Tamb\u00e9 ofereix el seus serveis als laboratoris cl\u00ednics, als grups de recerca, a les empreses i als organismes p\u00fablics i privats, entre d\u2019altres.<\/p>\n","protected":false},"excerpt":{"rendered":"<p>El Laboratori de Refer\u00e8ncia d\u2019Enzimologia Cl\u00ednica (LREC) col\u00b7labora amb les organitzacions internacionals d\u2019estandarditzaci\u00f3 i els fabricants de la ind\u00fastria del diagn\u00f2stic in vitro en el desenvolupament de procediments de mesura i de materials de refer\u00e8ncia per enzims en l\u2019\u00e0mbit del laboratori cl\u00ednic. Tamb\u00e9 ofereix el seus serveis als laboratoris cl\u00ednics, als grups de recerca, a [&hellip;]<\/p>\n","protected":false},"author":20,"featured_media":0,"parent":0,"menu_order":0,"comment_status":"closed","ping_status":"closed","template":"","meta":{"footnotes":""},"class_list":["post-66","page","type-page","status-publish","hentry"],"_links":{"self":[{"href":"https:\/\/webs.uab.cat\/lrec\/wp-json\/wp\/v2\/pages\/66","targetHints":{"allow":["GET"]}}],"collection":[{"href":"https:\/\/webs.uab.cat\/lrec\/wp-json\/wp\/v2\/pages"}],"about":[{"href":"https:\/\/webs.uab.cat\/lrec\/wp-json\/wp\/v2\/types\/page"}],"author":[{"embeddable":true,"href":"https:\/\/webs.uab.cat\/lrec\/wp-json\/wp\/v2\/users\/20"}],"replies":[{"embeddable":true,"href":"https:\/\/webs.uab.cat\/lrec\/wp-json\/wp\/v2\/comments?post=66"}],"version-history":[{"count":2,"href":"https:\/\/webs.uab.cat\/lrec\/wp-json\/wp\/v2\/pages\/66\/revisions"}],"predecessor-version":[{"id":966,"href":"https:\/\/webs.uab.cat\/lrec\/wp-json\/wp\/v2\/pages\/66\/revisions\/966"}],"wp:attachment":[{"href":"https:\/\/webs.uab.cat\/lrec\/wp-json\/wp\/v2\/media?parent=66"}],"curies":[{"name":"wp","href":"https:\/\/api.w.org\/{rel}","templated":true}]}}