{"id":74,"date":"2010-06-22T16:07:07","date_gmt":"2010-06-22T16:07:07","guid":{"rendered":"https:\/\/webs.uab.cat\/lrec\/ressenya-historica\/"},"modified":"2023-01-18T11:29:29","modified_gmt":"2023-01-18T11:29:29","slug":"ressenya-historica","status":"publish","type":"page","link":"https:\/\/webs.uab.cat\/lrec\/ressenya-historica\/","title":{"rendered":"Ressenya hist\u00f2rica"},"content":{"rendered":"<p>El Laboratori de Refer\u00e8ncia d\u2019Enzimologia Cl\u00ednica (LREC) del Departament de Bioqu\u00edmica i Biologia Molecular de la UAB es va crear l\u2019any 2005, i est\u00e0 reconegut com\u00a0a <strong><em>Laboratori de Prestaci\u00f3 de Serveis<\/em><\/strong> (LPS) i com a <em><strong>Grup de Recerca Singular<\/strong><\/em>.<\/p>\n<p>El laboratori es va crear amb l\u2019objectiu de col\u00b7laborar amb les organitzacions internacionals d\u2019estandarditzaci\u00f3 en el desenvolupament de procediments de mesura de refer\u00e8ncia i de materials de refer\u00e8ncia per enzims en l\u2019\u00e0mbit del laboratori cl\u00ednic.<\/p>\n","protected":false},"excerpt":{"rendered":"<p>El Laboratori de Refer\u00e8ncia d\u2019Enzimologia Cl\u00ednica (LREC) del Departament de Bioqu\u00edmica i Biologia Molecular de la UAB es va crear l\u2019any 2005, i est\u00e0 reconegut com\u00a0a Laboratori de Prestaci\u00f3 de Serveis (LPS) i com a Grup de Recerca Singular. El laboratori es va crear amb l\u2019objectiu de col\u00b7laborar amb les organitzacions internacionals d\u2019estandarditzaci\u00f3 en el [&hellip;]<\/p>\n","protected":false},"author":20,"featured_media":0,"parent":0,"menu_order":0,"comment_status":"closed","ping_status":"closed","template":"","meta":{"footnotes":""},"class_list":["post-74","page","type-page","status-publish","hentry"],"_links":{"self":[{"href":"https:\/\/webs.uab.cat\/lrec\/wp-json\/wp\/v2\/pages\/74","targetHints":{"allow":["GET"]}}],"collection":[{"href":"https:\/\/webs.uab.cat\/lrec\/wp-json\/wp\/v2\/pages"}],"about":[{"href":"https:\/\/webs.uab.cat\/lrec\/wp-json\/wp\/v2\/types\/page"}],"author":[{"embeddable":true,"href":"https:\/\/webs.uab.cat\/lrec\/wp-json\/wp\/v2\/users\/20"}],"replies":[{"embeddable":true,"href":"https:\/\/webs.uab.cat\/lrec\/wp-json\/wp\/v2\/comments?post=74"}],"version-history":[{"count":2,"href":"https:\/\/webs.uab.cat\/lrec\/wp-json\/wp\/v2\/pages\/74\/revisions"}],"predecessor-version":[{"id":1285,"href":"https:\/\/webs.uab.cat\/lrec\/wp-json\/wp\/v2\/pages\/74\/revisions\/1285"}],"wp:attachment":[{"href":"https:\/\/webs.uab.cat\/lrec\/wp-json\/wp\/v2\/media?parent=74"}],"curies":[{"name":"wp","href":"https:\/\/api.w.org\/{rel}","templated":true}]}}