{"id":43,"date":"2020-01-22T12:29:38","date_gmt":"2020-01-22T12:29:38","guid":{"rendered":"https:\/\/webs.uab.cat\/luculentius\/team\/"},"modified":"2020-01-22T12:29:38","modified_gmt":"2020-01-22T12:29:38","slug":"team","status":"publish","type":"page","link":"https:\/\/webs.uab.cat\/luculentius\/team\/","title":{"rendered":"Team"},"content":{"rendered":"<p>Prof. Dr. <a href=\"https:\/\/icrea.academia.edu\/MatthiasMartinTischler\" target=\"_blank\" rel=\"noopener\">Matthias M. Tischler<\/a> (Director and Principal Investigator)<\/p>\n<p>Dr. <a href=\"https:\/\/uab.academia.edu\/EulaliaVernetiPons\" target=\"_blank\" rel=\"noopener\">Eul\u00e0lia Vernet i Pons<\/a> (Principal Investigator)<\/p>\n<p>Dr. <a href=\"https:\/\/oeaw.academia.edu\/IsaacLampurlan%C3%A9s\" target=\"_blank\" rel=\"noopener\">Isaac Lampurlan\u00e9s i Farr\u00e9<\/a>&nbsp;<\/p>\n<p>Dr. <a href=\"https:\/\/www.uab.cat\/web\/el-departament\/professorat\/directori\/professorat-1345696098292.html?param1=null&amp;param2=1345695979381\" target=\"_blank\" rel=\"noopener\">Josep Antoni Iglesias i Fonseca<\/a> (Collaborator)<\/p>\n<p>Dr. <a href=\"https:\/\/casadevelazquez.academia.edu\/PelouxFernand\" target=\"_blank\" rel=\"noopener\">Fernand Peloux<\/a> (Guest Researcher)<\/p>\n","protected":false},"excerpt":{"rendered":"<p>Prof. Dr. Matthias M. Tischler (Director and Principal Investigator) Dr. Eul\u00e0lia Vernet i Pons (Principal Investigator) Dr. Isaac Lampurlan\u00e9s i Farr\u00e9&nbsp; Dr. Josep Antoni Iglesias i Fonseca (Collaborator) Dr. Fernand Peloux (Guest Researcher)<\/p>\n","protected":false},"author":20,"featured_media":0,"parent":0,"menu_order":0,"comment_status":"closed","ping_status":"closed","template":"","meta":{"footnotes":""},"class_list":["post-43","page","type-page","status-publish","hentry"],"_links":{"self":[{"href":"https:\/\/webs.uab.cat\/luculentius\/wp-json\/wp\/v2\/pages\/43","targetHints":{"allow":["GET"]}}],"collection":[{"href":"https:\/\/webs.uab.cat\/luculentius\/wp-json\/wp\/v2\/pages"}],"about":[{"href":"https:\/\/webs.uab.cat\/luculentius\/wp-json\/wp\/v2\/types\/page"}],"author":[{"embeddable":true,"href":"https:\/\/webs.uab.cat\/luculentius\/wp-json\/wp\/v2\/users\/20"}],"replies":[{"embeddable":true,"href":"https:\/\/webs.uab.cat\/luculentius\/wp-json\/wp\/v2\/comments?post=43"}],"version-history":[{"count":0,"href":"https:\/\/webs.uab.cat\/luculentius\/wp-json\/wp\/v2\/pages\/43\/revisions"}],"wp:attachment":[{"href":"https:\/\/webs.uab.cat\/luculentius\/wp-json\/wp\/v2\/media?parent=43"}],"curies":[{"name":"wp","href":"https:\/\/api.w.org\/{rel}","templated":true}]}}