{"id":45,"date":"2020-01-22T12:30:46","date_gmt":"2020-01-22T12:30:46","guid":{"rendered":"https:\/\/webs.uab.cat\/luculentius\/bibliography\/"},"modified":"2022-09-22T12:21:53","modified_gmt":"2022-09-22T12:21:53","slug":"bibliography","status":"publish","type":"page","link":"https:\/\/webs.uab.cat\/luculentius\/bibliography\/","title":{"rendered":"Bibliography"},"content":{"rendered":"\n<h2 class=\"wp-block-heading\"><strong>1. Texts<\/strong><\/h2>\n\n\n\n<p>Luculentius, Homiliarium, ed. ANGELO MAI, Scriptorum veterum nova collectio e Vaticanis codicibus edita 9, Roma 1837, 189\u2013256 [repr. MIGNE PL 72, 803\u2013860]; ed. ALFONS M\u00dcLLER: \u201cEin neues Fragment aus dem Schriftkommentar des Luculentius\u201d, in Theologische Quartalschrift 93 (1911) 206\u2013222 [repr. MIGNE Suppl. 4, Paris, 1967\u20131971, 1416\u20131420].<\/p>\n\n\n\n<p>Qur\u2019\u0101n, trad. \u2018Abdull\u0101h Y\u016aSUF \u2018AL\u012a, The Holy Qur\u2019an. Text, translation and commentary 1, Cambridge (Ma.), 1934 (etc.), 14a\u2013726a.<\/p>\n\n\n\n<h2 class=\"wp-block-heading\"><strong>2. Studies<\/strong><\/h2>\n\n\n\n<p>WERNER AFFELDT: \u201cVerzeichnis der R\u00f6merbriefkommentare der lateinischen Kirche bis zu Nikolaus von Lyra\u201d, in Traditio 13 (1957) 369\u2013406.<\/p>\n\n\n\n<p>ANTONI MARIA ALCOVER [I SUREDA]\/FRANCESC DE BORJA MOLL: Diccionari catal\u00e0-valenci\u00e0-balear 3, Palma de Mallorca 1993, 282; \u2026 6, Palma de Mallorca 1993, 647 and 870; \u2026 8, Palma de Mallorca 1993, 822 and 862; \u2026 9, Palma de Mallorca 1993, 783.<\/p>\n\n\n\n<p>FRANCESC XAVIER ALT\u00c9S I AGUIL\u00d3: \u201cLes \u2018Homiliae capitulares\u2019 del monestir de Sant Pon\u00e7 de Tomeres i l\u2019homiliari de l\u2019ofici catalanonarbon\u00e8s\u201d, in Misce\u0140l\u00e0nia lit\u00fargica catalana 11 (2003) 131\u2013157.<\/p>\n\n\n\n<p>FRANCESC XAVIER ALT\u00c9S I AGUIL\u00d3: \u201cUn Homiliari i una co\u0140leci\u00f3 homil\u00e8tica carolingis, copiats a l\u2019entorn de l\u2019any 900 (Vic, Arx. Cap., ms. 60, i Arx. Episc., frag. XXIII\/27)\u201d, in Misce\u0140l\u00e0nia lit\u00fargica catalana 20 (2012) 15\u201345.<\/p>\n\n\n\n<p>FRANCESC XAVIER ALT\u00c9S I AGUIL\u00d3: \u201cA prop\u00f2sit del manuscrit llat\u00ed 3.806 de la Biblioteca Nacional de Par\u00eds. Un homiliari de Vilabertran\u201d, in Misce\u0140l\u00e0nia lit\u00fargica catalana 2 (1983) 13\u201347.<\/p>\n\n\n\n<p>FRANCESC XAVIER ALT\u00c9S I AGUIL\u00d3: \u201cLa \u2018pars aestiva\u2019 de l\u2019Homiliari de l\u2019ofici catalanonarbon\u00e8s. Inventari i difusi\u00f3. Reconstituci\u00f3 de la seva recensi\u00f3 de l\u2019Homiliari carolingi de Liverani\u201d, in Misce\u0140l\u00e0nia lit\u00fargica catalana 8 (1997) 107\u2013159.<\/p>\n\n\n\n<p>FRANCESC XAVIER ALT\u00c9S I AGUIL\u00d3: \u201cUna recensi\u00f3 del segle XI de les homilies sobre les ep\u00edstoles estivals de l\u2019Homiliari dit de \u2018Luculenti(us)\u2019, testimoniada en els homiliaris de l\u2019ofici del monestir de Serrateix i de la can\u00f2ncia de Solsona\u201d, in Misce\u0140l\u00e0nia lit\u00fargica catalana 15 (2007) 273\u2013304.<\/p>\n\n\n\n<p>FRANCESC XAVIER ALT\u00c9S I AGUIL\u00d3: \u201cLa tradici\u00f3 codicol\u00f2gica i lit\u00fargica de l\u2019homiliari carolingi de Luculentius a Catalunya. La recensi\u00f3 catalana. Inventari i homilies recuperades\u201d, Misce\u0140l\u00e0nia lit\u00fargica catalana 18 (2010) 71\u2013241.<\/p>\n\n\n\n<p>JES\u00daS ALTURO I PERUCHO: \u201cLa cultura llatina medieval a Catalunya. Estat de la q\u00fcesti\u00f3\u201d, in Symposium internacional sobre els or\u00edgens de Catalunya (segles VIII\u2013XI) 1, ed. by FREDERIC UDINA I MARTORELL (Memorias de la Real Academia de Buenas Letras de Barcelona 23), Barcelona 1991, 21\u201348.<\/p>\n\n\n\n<p>JESUS ALTURO I PERUCHO: \u201cLes inventaires de livres en Catalogne du IXe au XIIe si\u00e8cles\u201d, in La conservation des manuscrits et des archives au Moyen \u00c2ge. XIe Colloque du Comit\u00e9 International de Pal\u00e9ographie Latine, Bruxelles, Biblioth\u00e8que Royale Albert Ier, 19\u201321 octobre 1995 [= Scriptorium 50, 2 (1996)], ed. by PASCALE BOURGAIN\/ALBERT DEROLEZ, Bruxelles 1996, 370\u2013379.<\/p>\n\n\n\n<p>CEBRIA BARAUT [I OBIOLS]: Les actes de consagracions d\u2019esgl\u00e9sies de l\u2019antic bisbat d\u2019Urgell (segles IX\u2013XII), La Seu d\u2019Urgell 1986.<\/p>\n\n\n\n<p>OTTO BARDENHEWER: Geschichte der altkirchlichen Literatur 5, Freiburg i. Br. 1932, 278.<\/p>\n\n\n\n<p>HENRI BARRE, Les hom\u00e9liaires carolingiens de l\u2019\u00e9cole d\u2019Auxerre. Authenticit\u00e9. Inventaire. Tableaux comparatifs. Initia (Studi e testi 225), Citt\u00e0 del Vaticano 1962.<\/p>\n\n\n\n<p>RUDOLF BEER: Handschriftensch\u00e4tze Spaniens. Bericht \u00fcber eine in den Jahren 1886\u20131888 durchgef\u00fchrte Forschungsreise, Wien 1894 [repr. Amsterdam 1970].<\/p>\n\n\n\n<p>FRANZ BRUNH\u00d6LZL: Geschichte der lateinischen Literatur des Mittelalters 1, M\u00fcnchen, 1975 [21996].<\/p>\n\n\n\n<p>VINZENZ BULHART: \u201cTextkritische Bemerkungen zu Luculentius\u201d, in Wiener Studien 59 (1941) 148 sq.<\/p>\n\n\n\n<p>BERNARD CAPELLE: \u201cLe Ma\u00eetre ant\u00e9rieur \u00e0 S. Beno\u00eet?\u201d, in Revue d\u2019histoire eccl\u00e9siastique 41 (1946) 66\u201375.<\/p>\n\n\n\n<p>REMY CEILLIER: Histoire g\u00e9n\u00e9rale des auteurs sacr\u00e9s et eccl\u00e9siastiques 11, Paris 1862, 633.<\/p>\n\n\n\n<p>ULYSSE CHEVALIER: R\u00e9pertoire des sources historiques du Moyen \u00c2ge. Bio-bibliographique 2, Paris 21907, 2920.<\/p>\n\n\n\n<p>ELIGIUS DEKKERS: Clavis patrum latinorum (Sacris Erudiri 3), Steenbrugge 1951, 164 no 953 [21961, 209 no 953].<\/p>\n\n\n\n<p>ELIGIUS DEKKERS: Clavis patrum latinorum (CChr.SL), Steenbrugge 31995, 308 no 953.<\/p>\n\n\n\n<p>MANUEL CECILIO D\u00cdAZ Y D\u00cdAZ: Index scriptorum latinorum medii aevi hispanorum 1\u20132 (Acta Salmanticensia. Serie de Filosof\u00eda y Letras 13), Salamanca 1958\u20131959 [Madrid 1959].<\/p>\n\n\n\n<p>Diccionario de la lengua espa\u00f1ola 2, Madrid 222001, 1342.<\/p>\n\n\n\n<p>FRAN\u00c7OIS DOLBEAU\/PIERRE PETITMENGIN: Indices librorum [I]. Catalogues anciens et modernes de manuscrits m\u00e9di\u00e9vaux en \u00e9criture latine. Sept ans de bibliographie (1977\u20131983) (Biblioth\u00e8que de l\u2019\u00c9cole Normale Sup\u00e9rieure. Guides et inventaires bibliographiques 3), Paris 1987.<\/p>\n\n\n\n<p>FRAN\u00c7OIS DOLBEAU\/PIERRE PETITMENGIN: Indices librorum II. Catalogues anciens et modernes de manuscrits m\u00e9di\u00e9vaux en \u00e9criture latine. Sept ans de bibliographie (1984\u20131990) et compl\u00e9ments pour 1977\u20131983 (Biblioth\u00e8que de l\u2019\u00c9cole Normale Sup\u00e9rieure. Guides et inventaires bibliographiques 5), Paris 1995.<\/p>\n\n\n\n<p>RAYMOND \u00c9TAIX: \u201cQuelques hom\u00e9liaires de la r\u00e9gion catalane\u201d, in Recherches augustiniennes 16 (1981) 333\u2013398.<\/p>\n\n\n\n<p>JOHANN ALBERT FABRICIUS: Bibliotheca latina mediae et infimae aetatis 4, Hamburg 1735, 844.<\/p>\n\n\n\n<p>CHARLES B. FAULHABER: Libros y bibliotecas en la Espa\u00f1a medieval. Una bibliograf\u00eda de fuentes impresas (Research Bibliographies &amp; Checklists 47), London\/Wolfeboro (NH.) 1987.<\/p>\n\n\n\n<p>JOS\u00c9 MAR\u00cdA FERN\u00c1NDEZ CAT\u00d3N: Cat\u00e1logo de los materiales codicol\u00f3gicos y bibliogr\u00e1ficos del legado cient\u00edfico del Prof. Dr. August Eduard Anspach, Le\u00f3n 1966.<\/p>\n\n\n\n<p>BONIFATIUS FISCHER: Verzeichnis der Sigel f\u00fcr Handschriften und Kirchenschriftsteller (Vetus Latina. Die Reste der altlateinischen Bibel 1), Freiburg i. Br. 1949, 91.<\/p>\n\n\n\n<p>BONIFATIUS FISCHER: Verzeichnis der Sigel f\u00fcr Kirchenschriftsteller (Vetus Latina. Die Reste der altlateinischen Bibel 1, 1), Freiburg i. Br. 21963, 361 no 953.<\/p>\n\n\n\n<p>HERMANN JOSEF FREDE: Kirchenschriftsteller. Verzeichnis und Sigel (Vetus Latina. Die Reste der altlateinischen Bibel 1, 1), Freiburg i. Br. 1981, 439.<\/p>\n\n\n\n<p>HERMANN JOSEF FREDE: Kirchenschriftsteller. Verzeichnis und Sigel (Vetus Latina. Die Reste der altlateinischen Bibel 1, 1), Freiburg i. Br. 41995, 616 no 953.<\/p>\n\n\n\n<p>ZACAR\u00cdAS GARC\u00cdA VILLADA: Historia eclesi\u00e1stica de Espa\u00f1a 3, Madrid 1936, 386.<\/p>\n\n\n\n<p>MIQUEL DELS SANTS GROS [I PUJOL]: \u201cFragments de B\u00edblies llatines del Museu Episcopal de Vic\u201d, in Revista catalana de teologia 3 (1978) 153\u2013171.<\/p>\n\n\n\n<p>ROGER GRYSON: R\u00e9pertoire g\u00e9n\u00e9ral des auteurs eccl\u00e9siastiques latins de l\u2019Antiquit\u00e9 et du Haut Moyen \u00c2ge 2 (Vetus Latina. Die Reste der altlateinischen Bibel 1, 15), Freiburg i. Br. 52007, 638 no 953.<\/p>\n\n\n\n<p>JOSEPH LEMARIE: \u201cLa collection carolingienne de Luculentius restitu\u00e9e par les deux codices Madrid, Real Academia de la Historia, Aemil. 17 et 21\u201d, in Sacris Erudiri 27 (1984) 221\u2013371.<\/p>\n\n\n\n<p>JOSEPH LEMARIE: \u201cDeux fragments d\u2019hom\u00e9liaires conserv\u00e9s aux archives capitulaires de Vich, t\u00e9moins de sermons pseudo-augustiniens et du commentaire de Luculentius sur les \u00c9vangiles\u201d, in Revue des \u00e9tudes augustiniennes 25 (1979) 85\u2013105.<\/p>\n\n\n\n<p>JOSEPH LEMARIE: \u201cLes hom\u00e9lies pour la d\u00e9dicace de la collection de Luculentius et du Parisinus 3829\u201d, in Misce\u0140l\u00e0nia lit\u00fargica catalana 3 (1984) 27\u201345.<\/p>\n\n\n\n<p>GUSTAV LOEWE\/WILHELM VON HARTEL: Bibliotheca Patrum Latinorum Hispaniensis (Sitzungsberichte der kaiserlichen Akademie der Wissenschaft zu Wien, Philosophisch-historische Classe 113), Wien 1886 [repr. Hildesheim 1973], 510.<\/p>\n\n\n\n<p>JEAN MABILLON\/MICHEL GERMAIN: Museum Italicum seu Collectio Veterum Scriptorum ex Bibliothecis Italicis 1, Paris 1687, 69.<\/p>\n\n\n\n<p>MAX MANITIUS: Geschichte der lateinischen Literatur des Mittelalters 1 (Handbuch der Altertumswissenschaft IX. 2. 1), M\u00fcnchen 1911.<\/p>\n\n\n\n<p>JOSE CARLOS MARTIN [Y IGLESIAS]: Sources latines de l\u2019Espagne tardo-antique et m\u00e9di\u00e9vale (Ve\u2013XIVe si\u00e8cles) (Documents, \u00e9tudes et repertoires publi\u00e9 par l\u2019Institut de Recherche et d\u2019Histoire des Textes 77), Paris 2010.<\/p>\n\n\n\n<p>ALFONS M\u00dcLLER: \u201cEin neues Fragment aus dem Schriftkommentar des Luculentius\u201d, in Theologische Quartalschrift 93 (1911) 206\u2013222.<\/p>\n\n\n\n<p>HILDEGUND M\u00dcLLER: Exemplarische Untersuchungen zu den Quellen des Luculentius-Homiliars, Dipl. Wien 1988.<\/p>\n\n\n\n<p>HILDEGUND M\u00dcLLER: Das \u2018Luculentius\u2019-Homiliar. Quellenkritische Untersuchungen mit Teiledition (Wiener Studien. Beiheft 23. Arbeiten zur Mittel- und Neulateinischen Philologie 3), Wien 1999.<\/p>\n\n\n\n<p>ANSCARI MANUEL MUND\u00d3 [I MARCET]: \u201cCollectaneum seu Homiliae Luculentii in Epistolas et Evangelia (Madrid, R. Academia de la Historia, San Mill\u00e1n Ms. 17 i 21)\u201d, in Catalunya rom\u00e0nica 18, ed. by ANTONI PLADEVALL I FONT, Barcelona 1991, 190 sq.<\/p>\n\n\n\n<p>ANSCARI MANUEL MUND\u00d3 [I MARCET]: \u201cEntorn de dos c\u00f2dexs del segle X\u00e8 de Sant Cugat del Vall\u00e8s\u201d, in Faventia 4, 2 (1982) 7\u201323.<\/p>\n\n\n\n<p>RAMON ORDEIG I MATA: Les dotalies de les esgl\u00e9sies de Catalunya (segles IX\u2013XII) 1\u20136, Vic 1993\u20132002.<\/p>\n\n\n\n<p>ELISA RUIZ GARC\u00cdA: Cat\u00e1logo de la secci\u00f3n de codices de la Real Academia de la Historia, Madrid 1997.<\/p>\n\n\n\n<p>MARTIN SCHANZ e. a.: Geschichte der r\u00f6mischen Literatur bis zum Gesetzgebungswerk des Kaisers Justinian (Handbuch der Altertumswissenschaft VIII. 4. 2), M\u00fcnchen 1920, 596.<\/p>\n\n\n\n<p>FRIEDRICH STEGM\u00dcLLER: Repertorium Biblicum Medii Aevi 3, Madrid, 1951, 529 sq. no 5408\u20135418.<\/p>\n\n\n\n<p>MATTHIAS M. TISCHLER: \u201cSupposed and true knowledge of the Qur\u2019\u0101n in early medieval Latin literature, eighth and ninth centuries\u201d, in Journal of Transcultural Medieval Studies 5 (2018) 7\u201354.<\/p>\n\n\n\n<p>\u00c1NGEL CUSTODIO VEGA [Y RODR\u00cdGUEZ]: \u201cEl Prof. Doctor August Eduard Anspach. Semblanza literaria\u201d, in JOS\u00c9 MAR\u00cdA FERN\u00c1NDEZ CAT\u00d3N: Cat\u00e1logo de los materiales codicol\u00f3gicos y bibliogr\u00e1ficos del legado cient\u00edfico del Prof. Dr. August Eduard Anspach, Le\u00f3n 1966, 9\u201328.<\/p>\n\n\n\n<p>MICHEL ZIMMERMANN: \u00c9crire et lire en Catalogne (IXe\u2013XIIe si\u00e8cle) 1\u20132 (Biblioth\u00e8que de la Casa de Vel\u00e1zquez 23), Madrid 2003.<\/p>\n","protected":false},"excerpt":{"rendered":"<p>1. Texts Luculentius, Homiliarium, ed. ANGELO MAI, Scriptorum veterum nova collectio e Vaticanis codicibus edita 9, Roma 1837, 189\u2013256 [repr. MIGNE PL 72, 803\u2013860]; ed. ALFONS M\u00dcLLER: \u201cEin neues Fragment aus dem Schriftkommentar des Luculentius\u201d, in Theologische Quartalschrift 93 (1911) 206\u2013222 [repr. MIGNE Suppl. 4, Paris, 1967\u20131971, 1416\u20131420]. Qur\u2019\u0101n, trad. \u2018Abdull\u0101h Y\u016aSUF \u2018AL\u012a, The Holy [&hellip;]<\/p>\n","protected":false},"author":20,"featured_media":0,"parent":0,"menu_order":0,"comment_status":"closed","ping_status":"closed","template":"","meta":{"footnotes":""},"class_list":["post-45","page","type-page","status-publish","hentry"],"_links":{"self":[{"href":"https:\/\/webs.uab.cat\/luculentius\/wp-json\/wp\/v2\/pages\/45","targetHints":{"allow":["GET"]}}],"collection":[{"href":"https:\/\/webs.uab.cat\/luculentius\/wp-json\/wp\/v2\/pages"}],"about":[{"href":"https:\/\/webs.uab.cat\/luculentius\/wp-json\/wp\/v2\/types\/page"}],"author":[{"embeddable":true,"href":"https:\/\/webs.uab.cat\/luculentius\/wp-json\/wp\/v2\/users\/20"}],"replies":[{"embeddable":true,"href":"https:\/\/webs.uab.cat\/luculentius\/wp-json\/wp\/v2\/comments?post=45"}],"version-history":[{"count":1,"href":"https:\/\/webs.uab.cat\/luculentius\/wp-json\/wp\/v2\/pages\/45\/revisions"}],"predecessor-version":[{"id":68,"href":"https:\/\/webs.uab.cat\/luculentius\/wp-json\/wp\/v2\/pages\/45\/revisions\/68"}],"wp:attachment":[{"href":"https:\/\/webs.uab.cat\/luculentius\/wp-json\/wp\/v2\/media?parent=45"}],"curies":[{"name":"wp","href":"https:\/\/api.w.org\/{rel}","templated":true}]}}