{"id":49,"date":"2020-12-02T10:31:00","date_gmt":"2020-12-02T10:31:00","guid":{"rendered":"https:\/\/webs.uab.cat\/luculentius\/publications-2\/"},"modified":"2026-01-19T08:41:27","modified_gmt":"2026-01-19T08:41:27","slug":"publications-2","status":"publish","type":"page","link":"https:\/\/webs.uab.cat\/luculentius\/publications-2\/","title":{"rendered":"Publications"},"content":{"rendered":"\n<ul class=\"wp-block-list\">\n<li><a href=\"https:\/\/icrea.academia.edu\/MatthiasMartinTischler\" target=\"_blank\" rel=\"noreferrer noopener\">Matthias M. Tischler<\/a>: <a href=\"https:\/\/www.taylorfrancis.com\/chapters\/edit\/10.4324\/9780429400551-7\/carolingian-early-medieval-catalonia-matthias-tischler\" target=\"_blank\" rel=\"noreferrer noopener\">How Carolingian was Early Medieval Catalonia?<\/a> , in Using and Not Using the Past after the Carolingian Empire, c. 900\u2013c. 1050 (Remembering the Medieval and Early Modern Worlds), ed. by S. Greer &#8211; A. Hicklin &#8211; S. Esders, London &#8211; New York 2019, p. 111\u2013133.<\/li>\n\n\n\n<li><a href=\"https:\/\/icrea.academia.edu\/MatthiasMartinTischler\" target=\"_blank\" rel=\"noreferrer noopener\">Matthias M. Tischler<\/a>: <a href=\"https:\/\/medievalworlds.net\/0xc1aa5576%200x003b0d70.pdf\" target=\"_blank\" rel=\"noreferrer noopener\">Using the Carolingian Past in a Society of Transformation: The Case of Early Medieval Septimania\/Catalonia in the Long Tenth Century (900\u20131050)<\/a>, Medieval Worlds 10 (2019) p. 72\u201386.<\/li>\n\n\n\n<li><a href=\"https:\/\/icrea.academia.edu\/MatthiasMartinTischler\" target=\"_blank\" rel=\"noreferrer noopener\">Matthias M. Tischler<\/a> &#8211; <a href=\"https:\/\/ub.academia.edu\/EulaliaVernetiPons\" target=\"_blank\" rel=\"noreferrer noopener\">Eul\u00e0lia Vernet i Pons<\/a>: An Untapped Treasure of Carolingian Text Culture: The Homiliary of Luculentius from the Spanish March (c. 900), Revue d\u2019histoire eccl\u00e9siastique 115 (2020) p. 715\u2013729.<\/li>\n\n\n\n<li><a href=\"https:\/\/icrea.academia.edu\/MatthiasMartinTischler\" target=\"_blank\" rel=\"noreferrer noopener\">Matthias M. Tischler<\/a> &#8211; <a href=\"https:\/\/ub.academia.edu\/EulaliaVernetiPons\" target=\"_blank\" rel=\"noreferrer noopener\">Eul\u00e0lia Vernet i Pons<\/a>: <a href=\"https:\/\/raco.cat\/index.php\/Miscellania\/article\/view\/379127\" target=\"_blank\" rel=\"noreferrer noopener\">L&#8217;Homiliari\u2019 de Luculentius (marca hisp\u00e0nica catalana, ca. 900): un tresor amagat de la cultura textual carol\u00edngia<\/a>,  Misce\u0140l\u00e0nia lit\u00fargica catalana 28 (2020) p. 67\u201395 [with 6 figures].<\/li>\n\n\n\n<li><a href=\"https:\/\/icrea.academia.edu\/MatthiasMartinTischler\" target=\"_blank\" rel=\"noreferrer noopener\">Matthias M. Tischler<\/a>: <a href=\"https:\/\/raco.cat\/index.php\/ArxiuTextos\/article\/view\/397560\" target=\"_blank\" rel=\"noreferrer noopener\">La transformaci\u00f3 carol\u00edngia de la Catalunya altmedieval<\/a>,  Arxiu de textos antics catalans 33 (2020\u20132021) p. 7\u201333.<\/li>\n\n\n\n<li><a href=\"https:\/\/icrea.academia.edu\/MatthiasMartinTischler\" target=\"_blank\" rel=\"noreferrer noopener\">Matthias M. Tischler<\/a>: <a href=\"https:\/\/www.tandfonline.com\/doi\/abs\/10.1080\/17546559.2022.2074071?journalCode=ribs20\" target=\"_blank\" rel=\"noreferrer noopener\">From Fragments to Codices: The Reconstruction of Copies of Carolingian Homiliaries and the &#8216;Homiliary of Luculentius&#8217;, a Case Study of Twenty-First Century Fragmentology in Septimania and Catalonia<\/a>,  Journal of Medieval Iberian Studies 14, 2 (2022) p. 181\u2013200 [with 7 figures].<\/li>\n\n\n\n<li><a href=\"https:\/\/icrea.academia.edu\/MatthiasMartinTischler\" target=\"_blank\" rel=\"noreferrer noopener\">Matthias M. Tischler<\/a>: Knowledge Transfer on the Carolingian Periphery: The Case of Early Medieval Catalonia, in Ibero-Medi\u00e4vistik. Grundlagen, Potentiale und Perspektiven eines internationalen Forschungsfeldes (Geschichte und Kultur der iberischen Welt 17), ed. by N. Jaspert, Munster\/W. 2022, p. 115\u2013144.<\/li>\n\n\n\n<li><a href=\"https:\/\/icrea.academia.edu\/MatthiasMartinTischler\" target=\"_blank\" rel=\"noreferrer noopener\">Matthias M. Tischler<\/a>: Das Homiliar des Paulus Diaconus an der s\u00fcdwesteurop\u00efschen Peripherie des Karolingerreiches. Methodische Anmerkungen und inhaltliche Erg\u00e4nzungen zu einer neuen Monographie, Mitteilungen des Instituts f\u00fcr \u00d6sterreichische Geschichtsforschung 131 (2023) p. 1\u201320.<\/li>\n\n\n\n<li><a href=\"https:\/\/icrea.academia.edu\/MatthiasMartinTischler\" target=\"_blank\" rel=\"noreferrer noopener\">Matthias M. Tischler<\/a>: Wie erforscht man die sogenannte \u2018Karolingische Reform\u2019 im 21. Jahrhundert? Beobachtungen zu Tendenzen in der gegenw\u00e4rtigen Fr\u00fchmittelalterforschung und Vorschl\u00e4ge zu ihrer Neuausrichtung anl\u00e4sslich einer Neuerscheinung, Mitteilungen des Instituts f\u00fcr \u00d6sterreichische Geschichtsforschung 132 (2024) p. 384\u2013394.<\/li>\n\n\n\n<li><a href=\"https:\/\/icrea.academia.edu\/MatthiasMartinTischler\" target=\"_blank\" rel=\"noreferrer noopener\">Matthias M. Tischler<\/a> &#8211; <a href=\"https:\/\/ub.academia.edu\/EulaliaVernetiPons\" target=\"_blank\" rel=\"noreferrer noopener\">Eul\u00e0lia Vernet i Pons<\/a>: <a href=\"https:\/\/raco.cat\/index.php\/Miscellania\/article\/view\/980000002390\" target=\"_blank\" rel=\"noreferrer noopener\">Un nou fragment d\u2019una c\u00f2pia primerenca de l\u2019Homiliari de Luculenci procedent de Sant Mateu de Bages (Vic, Arxiu i Biblioteca Episcopal, Fragm. XXV\/28)<\/a>, Misce\u0140l\u00e0nia lit\u00fargica catalana 33 (2025) 21\u201335 [with 2 figures].<\/li>\n\n\n\n<li><a href=\"https:\/\/icrea.academia.edu\/MatthiasMartinTischler\" target=\"_blank\" rel=\"noreferrer noopener\">Matthias M. Tischler<\/a>: <a href=\"https:\/\/www.fragmentology.ms\/article\/view\/AR_Tischler\/8728\" target=\"_blank\" rel=\"noreferrer noopener\">Bringing Missing Links Together: How Fragmentology and Digital Humanities Can Restore Catalonia\u2019s Disturbed Cultural Memory<\/a>, Fragmentology: A Journal for the Study of Medieval Manuscript Fragments 8 (2025) p. 47\u201396 [with 17 figures].<\/li>\n<\/ul>\n\n\n\n<p><\/p>\n","protected":false},"excerpt":{"rendered":"","protected":false},"author":20,"featured_media":0,"parent":0,"menu_order":0,"comment_status":"closed","ping_status":"closed","template":"","meta":{"footnotes":""},"class_list":["post-49","page","type-page","status-publish","hentry"],"_links":{"self":[{"href":"https:\/\/webs.uab.cat\/luculentius\/wp-json\/wp\/v2\/pages\/49","targetHints":{"allow":["GET"]}}],"collection":[{"href":"https:\/\/webs.uab.cat\/luculentius\/wp-json\/wp\/v2\/pages"}],"about":[{"href":"https:\/\/webs.uab.cat\/luculentius\/wp-json\/wp\/v2\/types\/page"}],"author":[{"embeddable":true,"href":"https:\/\/webs.uab.cat\/luculentius\/wp-json\/wp\/v2\/users\/20"}],"replies":[{"embeddable":true,"href":"https:\/\/webs.uab.cat\/luculentius\/wp-json\/wp\/v2\/comments?post=49"}],"version-history":[{"count":6,"href":"https:\/\/webs.uab.cat\/luculentius\/wp-json\/wp\/v2\/pages\/49\/revisions"}],"predecessor-version":[{"id":179,"href":"https:\/\/webs.uab.cat\/luculentius\/wp-json\/wp\/v2\/pages\/49\/revisions\/179"}],"wp:attachment":[{"href":"https:\/\/webs.uab.cat\/luculentius\/wp-json\/wp\/v2\/media?parent=49"}],"curies":[{"name":"wp","href":"https:\/\/api.w.org\/{rel}","templated":true}]}}