{"id":19,"date":"2016-01-28T14:18:00","date_gmt":"2016-01-28T13:18:00","guid":{"rendered":"http:\/\/blogs.uab.cat\/majmin\/?page_id=19"},"modified":"2016-01-28T14:18:00","modified_gmt":"2016-01-28T13:18:00","slug":"bibliografia","status":"publish","type":"page","link":"https:\/\/webs.uab.cat\/majmin\/bibliografia\/","title":{"rendered":"Bibliografia"},"content":{"rendered":"<ul>\n<li class=\"sagnatBibl\"><span class=\"autor\">Avui<\/span>.\u00a0<em><span class=\"titol\">Llibre d&#8217;estil<\/span><\/em>, in\u00e8dit, sense dataci\u00f3.<\/li>\n<li class=\"sagnatBibl\"><span class=\"autor\">Caixa d&#8217;Estalvis i Pensions de Barcelona<\/span>.\u00a0<em><span class=\"titol\">Llibre d&#8217;estil<\/span><\/em>. Barcelona, 1991.<\/li>\n<li class=\"sagnatBibl\"><span class=\"autor\">Coromina<\/span>,\u00a0<span class=\"autor\">E<\/span>.\u00a0<em><span class=\"titol\">El 9 Nou. Manual de redacci\u00f3 i d&#8217;estil<\/span><\/em>. Vic: EUMO, 1991.<\/li>\n<li class=\"sagnatBibl\"><span class=\"autor\">Diari de Barcelona<\/span>.\u00a0<em><span class=\"titol\">Un model de llengua pels mitjans de comunicaci\u00f3<\/span><\/em>. Barcelona: Emp\u00faries, 1988.<\/li>\n<li class=\"sagnatBibl\"><span class=\"autor\">Departament de Cultura de la Generalitat de Catalunya<\/span>.\u00a0<em><span class=\"titol\">Maj\u00fascules i min\u00fascules<\/span><\/em>. Barcelona, 1989.<\/li>\n<li class=\"sagnatBibl\"><span class=\"autor\">El Pa\u00eds<\/span>.<em>\u00a0<span class=\"titol\">Libro de estilo<\/span><\/em>. Madrid, 1990.<\/li>\n<li class=\"sagnatBibl\"><span class=\"autor\">Gabinet de Llengua Catalana de la Universitat Aut\u00f2noma de Barcelona<\/span>.\u00a0<em><span class=\"titol\">Les maj\u00fascules i les min\u00fascules<\/span>, a cura de Llu\u00eds P\u00e9rez-Carrasco<\/em>. Cap\u00edtol del\u00a0<em><span class=\"cursiva\">Llibre d&#8217;estil<\/span><\/em>, in\u00e8dit, 1991.<\/li>\n<li class=\"sagnatBibl\"><span class=\"autor\">Institut Cartogr\u00e0fic de Catalunya<\/span>.\u00a0<em><span class=\"titol\">Topon\u00edmia i cartografia. Assaig de sistematitzaci\u00f3<\/span><\/em>. Barcelona: Departament de Pol\u00edtica Territorial i Obres P\u00fabliques de la Generalitat de Catalunya, 1985.<\/li>\n<li class=\"sagnatBibl\"><span class=\"autor\">La Vanguardia<\/span>.\u00a0<em><span class=\"titol\">Libro de redacci\u00f3n<\/span><\/em>. Barcelona, 1986.<\/li>\n<li class=\"sagnatBibl\"><span class=\"autor\">Mart\u00ednez de Sousa<\/span>,\u00a0<span class=\"autor\">J<\/span>.\u00a0<em><span class=\"titol\">Diccionario de tipograf\u00eda y del libro<\/span><\/em>. Madrid: Paraninfo, 1981.<\/li>\n<li class=\"sagnatBibl\"><span class=\"autor\">Servei de Llengua Catalana de la Universitat de Barcelona<\/span>\u00a0<em><span class=\"titol\">Proposta d&#8217;\u00fas de maj\u00fascules i min\u00fascules<\/span><\/em>. Barcelona, 1989.<\/li>\n<li class=\"sagnatBibl\"><span class=\"autor\">The University of Chicago Press<\/span>.\u00a0<em><span class=\"titol\">The Chicago Manual of Style<\/span><\/em>. Chicago,1982.<\/li>\n<li class=\"sagnatBibl\"><span class=\"autor\">Tres i Quatre<\/span>.\u00a0<em><span class=\"titol\">Llibre d&#8217;estil<\/span><\/em>, in\u00e8dit, sense dataci\u00f3.<\/li>\n<\/ul>\n","protected":false},"excerpt":{"rendered":"<p>Avui.\u00a0Llibre d&#8217;estil, in\u00e8dit, sense dataci\u00f3. Caixa d&#8217;Estalvis i Pensions de Barcelona.\u00a0Llibre d&#8217;estil. Barcelona, 1991. Coromina,\u00a0E.\u00a0El 9 Nou. Manual de redacci\u00f3 i d&#8217;estil. Vic: EUMO, 1991. Diari de Barcelona.\u00a0Un model de llengua pels mitjans de comunicaci\u00f3. Barcelona: Emp\u00faries, 1988. Departament de Cultura de la Generalitat de Catalunya.\u00a0Maj\u00fascules i min\u00fascules. Barcelona, 1989. El Pa\u00eds.\u00a0Libro de estilo. Madrid, [&hellip;]<\/p>\n","protected":false},"author":59,"featured_media":0,"parent":0,"menu_order":3,"comment_status":"closed","ping_status":"closed","template":"","meta":{"footnotes":""},"class_list":["post-19","page","type-page","status-publish","hentry"],"_links":{"self":[{"href":"https:\/\/webs.uab.cat\/majmin\/wp-json\/wp\/v2\/pages\/19","targetHints":{"allow":["GET"]}}],"collection":[{"href":"https:\/\/webs.uab.cat\/majmin\/wp-json\/wp\/v2\/pages"}],"about":[{"href":"https:\/\/webs.uab.cat\/majmin\/wp-json\/wp\/v2\/types\/page"}],"author":[{"embeddable":true,"href":"https:\/\/webs.uab.cat\/majmin\/wp-json\/wp\/v2\/users\/59"}],"replies":[{"embeddable":true,"href":"https:\/\/webs.uab.cat\/majmin\/wp-json\/wp\/v2\/comments?post=19"}],"version-history":[{"count":0,"href":"https:\/\/webs.uab.cat\/majmin\/wp-json\/wp\/v2\/pages\/19\/revisions"}],"wp:attachment":[{"href":"https:\/\/webs.uab.cat\/majmin\/wp-json\/wp\/v2\/media?parent=19"}],"curies":[{"name":"wp","href":"https:\/\/api.w.org\/{rel}","templated":true}]}}