{"id":23,"date":"2016-01-28T14:30:23","date_gmt":"2016-01-28T13:30:23","guid":{"rendered":"http:\/\/blogs.uab.cat\/majmin\/?page_id=23"},"modified":"2024-02-12T10:37:29","modified_gmt":"2024-02-12T10:37:29","slug":"estudis","status":"publish","type":"page","link":"https:\/\/webs.uab.cat\/majmin\/index\/estudis\/","title":{"rendered":"Estudis"},"content":{"rendered":"<hr \/>\n<p><strong>Estudis i carreres<\/strong><\/p>\n<p>Cal escriure amb min\u00fascules les denominacions dels tipus d&#8217;estudis i de les etapes i cicles formatius i instructius.<\/p>\n<ul class=\"exemples\">\n<li class=\"exemple\">l&#8217;educaci\u00f3 secund\u00e0ria obligat\u00f2ria (ESO)<\/li>\n<li>batxillerat<\/li>\n<li class=\"exemple\">el curs d&#8217;orientaci\u00f3 universit\u00e0ria<\/li>\n<li class=\"exemple\">el segon grau de formaci\u00f3 professional<\/li>\n<li class=\"exemple\">el tercer cicle<\/li>\n<li class=\"exemple\">postgrau<\/li>\n<li class=\"exemple\">m\u00e0ster<\/li>\n<li class=\"exemple\">doctorat<\/li>\n<\/ul>\n<p>S&#8217;escriuen amb maj\u00fascules inicials, per\u00f2, els noms propis de les carreres i dels programes de doctorat, m\u00e0sters i diplomatures de postgrau.<\/p>\n<ul class=\"exemples\">\n<li class=\"exemple\">la carrera de Ci\u00e8ncies Pol\u00edtiques<\/li>\n<li>el grau en Matem\u00e0tiques<\/li>\n<li>el m\u00ednor en Estudis Portuguesos<\/li>\n<li class=\"exemple\">la diplomatura de postgrau en Estad\u00edstica<\/li>\n<li class=\"exemple\">el m\u00e0ster en Estudis Xinesos<\/li>\n<li class=\"exemple\">\u00e9s llicenciada en Filosofia i Lletres<\/li>\n<li>\u00e9s doctor en Traducci\u00f3 i Estudis Interculturals<\/li>\n<\/ul>\n<p>Escriurem amb maj\u00fascules inicials els noms de les assignatures.<\/p>\n<ul class=\"exemples\">\n<li class=\"exemple\">Hist\u00f2ria Medieval II<\/li>\n<li class=\"exemple\">Metodologia de les Ci\u00e8ncies del Comportament<\/li>\n<\/ul>\n<p>Tamb\u00e9 escriurem amb maj\u00fascules inicials els noms de les c\u00e0tedres i les \u00e0rees de coneixement.<\/p>\n<ul class=\"exemples\">\n<li class=\"exemple\">una c\u00e0tedra de Filosofia del Dret, Moral i Pol\u00edtica<\/li>\n<li class=\"exemple\">l&#8217;\u00e0rea de coneixement de Filologia Catalana<\/li>\n<\/ul>\n<p>Fora dels casos anteriors, els noms de les disciplines s&#8217;han d&#8217;escriure amb min\u00fascules.<\/p>\n<ul class=\"exemples\">\n<li class=\"exemple\">un treball de f\u00edsica<\/li>\n<li class=\"exemple\">un estudi sobre ecologia marina<\/li>\n<li class=\"exemple\">actualment es dedica a la glaciologia<\/li>\n<li class=\"exemple\">el progr\u00e9s de la biologia molecular<\/li>\n<\/ul>\n<hr \/>\n<p><a href=\"https:\/\/blogs.uab.cat\/majmin\/index\/\">\u00cdndex<\/a><\/p>\n","protected":false},"excerpt":{"rendered":"<p>Estudis i carreres Cal escriure amb min\u00fascules les denominacions dels tipus d&#8217;estudis i de les etapes i cicles formatius i instructius. l&#8217;educaci\u00f3 secund\u00e0ria obligat\u00f2ria (ESO) batxillerat el curs d&#8217;orientaci\u00f3 universit\u00e0ria el segon grau de formaci\u00f3 professional el tercer cicle postgrau m\u00e0ster doctorat S&#8217;escriuen amb maj\u00fascules inicials, per\u00f2, els noms propis de les carreres i dels [&hellip;]<\/p>\n","protected":false},"author":59,"featured_media":0,"parent":13,"menu_order":2,"comment_status":"closed","ping_status":"closed","template":"","meta":{"footnotes":""},"class_list":["post-23","page","type-page","status-publish","hentry"],"_links":{"self":[{"href":"https:\/\/webs.uab.cat\/majmin\/wp-json\/wp\/v2\/pages\/23","targetHints":{"allow":["GET"]}}],"collection":[{"href":"https:\/\/webs.uab.cat\/majmin\/wp-json\/wp\/v2\/pages"}],"about":[{"href":"https:\/\/webs.uab.cat\/majmin\/wp-json\/wp\/v2\/types\/page"}],"author":[{"embeddable":true,"href":"https:\/\/webs.uab.cat\/majmin\/wp-json\/wp\/v2\/users\/59"}],"replies":[{"embeddable":true,"href":"https:\/\/webs.uab.cat\/majmin\/wp-json\/wp\/v2\/comments?post=23"}],"version-history":[{"count":2,"href":"https:\/\/webs.uab.cat\/majmin\/wp-json\/wp\/v2\/pages\/23\/revisions"}],"predecessor-version":[{"id":101,"href":"https:\/\/webs.uab.cat\/majmin\/wp-json\/wp\/v2\/pages\/23\/revisions\/101"}],"up":[{"embeddable":true,"href":"https:\/\/webs.uab.cat\/majmin\/wp-json\/wp\/v2\/pages\/13"}],"wp:attachment":[{"href":"https:\/\/webs.uab.cat\/majmin\/wp-json\/wp\/v2\/media?parent=23"}],"curies":[{"name":"wp","href":"https:\/\/api.w.org\/{rel}","templated":true}]}}