{"id":25,"date":"2016-01-28T14:30:50","date_gmt":"2016-01-28T13:30:50","guid":{"rendered":"http:\/\/blogs.uab.cat\/majmin\/?page_id=25"},"modified":"2024-02-12T10:53:37","modified_gmt":"2024-02-12T10:53:37","slug":"textos-i-obres","status":"publish","type":"page","link":"https:\/\/webs.uab.cat\/majmin\/index\/textos-i-obres\/","title":{"rendered":"Textos i obres"},"content":{"rendered":"<div id=\"documents\" class=\"seccio\">\n<hr \/>\n<p class=\"titolSeccio\"><strong>Documents<\/strong><\/p>\n<hr \/>\n<p>En els t\u00edtols dels documents oficials escriurem amb maj\u00fascula inicial la paraula amb qu\u00e8 expressem la mena de document de qu\u00e8 es tracta (Llei, Decret, Reial decret, Pla director, etc.).<\/p>\n<ul class=\"exemples\">\n<li class=\"exemple\">la Llei 17\/1985, de 23 de juliol, de la funci\u00f3 p\u00fablica de l&#8217;Administraci\u00f3 de la Generalitat<\/li>\n<li class=\"exemple\">la Sent\u00e8ncia del Tribunal Suprem de 7 de febrer de 1986<\/li>\n<li class=\"exemple\">el Decret 181\/1991, de 30 de juliol, de cessament i nomenament&#8230;<\/li>\n<li class=\"exemple\">la Resoluci\u00f3 de 2 de setembre de 2011 per la qual es fa p\u00fablica&#8230;<\/li>\n<li class=\"exemple\">els Estatuts de la Universitat Aut\u00f2noma de Barcelona<\/li>\n<li class=\"exemple\">el Reglament del Servei de Biblioteques<\/li>\n<li class=\"exemple\">el Conveni col\u00b7lectiu del personal laboral de les universitats p\u00fabliques catalanes<\/li>\n<li class=\"exemple\">el Pressupost de la UAB per al 2019<\/li>\n<li class=\"exemple\">el Pla d&#8217;estudis del grau de Biologia<\/li>\n<li class=\"exemple\">el Pla quadriennal d&#8217;inversions<\/li>\n<\/ul>\n<p>Les tesis doctorals i de llicenciatura, els treballs d&#8217;investigaci\u00f3, els documents de treball i els informes s&#8217;escriuen amb maj\u00fascula inicial, encara que no hagin estat publicats.<\/p>\n<ul class=\"exemples\">\n<li class=\"exemple\">la tesi doctoral\u00a0<em><span class=\"cursiva\">Els preus del s\u00f2l (el cas de Barcelona)<\/span><\/em><\/li>\n<li class=\"exemple\">el document\u00a0<em><span class=\"cursiva\">La UAB amb vista als anys noranta<\/span><\/em><\/li>\n<\/ul>\n<p>Els documents acreditatius s&#8217;escriuen amb min\u00fascules.<\/p>\n<ul class=\"exemples\">\n<li class=\"exemple\">el document nacional d&#8217;identitat<\/li>\n<li class=\"exemple\">la llic\u00e8ncia fiscal<\/li>\n<li class=\"exemple\">el carnet d&#8217;estudiant<\/li>\n<li class=\"exemple\">el carnet jove<\/li>\n<\/ul>\n<\/div>\n<div id=\"llibres\" class=\"seccio\">\n<hr \/>\n<p class=\"titolSeccio\"><strong>Llibres, publicacions i obres en general<\/strong><\/p>\n<hr \/>\n<p>Els t\u00edtols dels llibres i de qualsevol mena d&#8217;obres o treballs intel\u00b7lectuals, art\u00edstics, cinematogr\u00e0fics, pl\u00e0stics, i els programes radiof\u00f2nics o televisi\u00f3 s&#8217;escriuen amb maj\u00fascula inicial.<\/p>\n<ul class=\"exemples\">\n<li class=\"exemple\"><em><span class=\"cursiva\">Diccionari de les pneumopaties professionals<\/span><\/em><\/li>\n<li class=\"exemple\"><span class=\"cursiva\">Guia de l&#8217;estudiant<\/span><\/li>\n<li class=\"exemple\"><em><span class=\"cursiva\">Mar i cel<\/span><\/em><\/li>\n<li class=\"exemple\">la Pedrera<\/li>\n<li class=\"exemple\">la <em>Pietat<\/em> de Miquel \u00c0ngel<\/li>\n<li class=\"exemple\">la <em>Tercera Simfonia<\/em> de Beethoven<\/li>\n<li>l&#8217;\u00f2pera <em>Elektra<\/em>, de Richard Strauss<\/li>\n<li class=\"exemple\"><em>Telenot\u00edcies<\/em><\/li>\n<li class=\"exemple\"><em><span class=\"cursiva\">Betes i films<\/span><\/em><\/li>\n<\/ul>\n<p>Els noms de les publicacions peri\u00f2diques s&#8217;escriuen amb maj\u00fascules inicials.<\/p>\n<ul class=\"exemples\">\n<li class=\"exemple\"><em><span class=\"cursiva\">Full Informatiu<\/span><\/em><\/li>\n<li class=\"exemple\"><em><span class=\"cursiva\">Diari de Sabadell<\/span><\/em><\/li>\n<li class=\"exemple\"><em><span class=\"cursiva\">Quaderns de Traducci\u00f3<\/span><\/em><\/li>\n<li class=\"exemple\"><em><span class=\"cursiva\">Poble Andorr\u00e0<\/span><\/em><\/li>\n<\/ul>\n<p>Les col\u00b7leccions editorials tamb\u00e9 s&#8217;escriuen amb maj\u00fascules inicials.<\/p>\n<ul class=\"exemples\">\n<li class=\"exemple\">\u00abManuals i Formularis\u00bb<\/li>\n<li class=\"exemple\">\u00abTextos per a l&#8217;Ensenyament\u00bb<\/li>\n<\/ul>\n<\/div>\n<div id=\"capitols\" class=\"seccio\">\n<hr \/>\n<p class=\"titolSeccio\"><strong>Cap\u00edtols i apartats de documents, llibres i publicacions<\/strong><\/p>\n<hr \/>\n<p>Els t\u00edtols dels articles publicats i les parts de cap\u00edtols, apartats, etc. o dels llibres s&#8217;escriuen amb maj\u00fascula inicial.<\/p>\n<ul class=\"exemples\">\n<li class=\"exemple\">va escriure l&#8217;article \u00abEl dret europeu i la poblaci\u00f3 penitenci\u00e0ria\u00bb<\/li>\n<li class=\"exemple\">consulteu l&#8217;apartat \u00abLa cimera de Londres\u00bb<\/li>\n<li class=\"exemple\">l&#8217;autora del cap\u00edtol \u00abVacances reials\u00bb<\/li>\n<\/ul>\n<p>Les parts gen\u00e8riques, per\u00f2, sempre s&#8217;escriuen amb min\u00fascules.<\/p>\n<ul class=\"exemples\">\n<li class=\"exemple\">el pr\u00f2leg<\/li>\n<li class=\"exemple\">l&#8217;\u00edndex<\/li>\n<li class=\"exemple\">l&#8217;annex<\/li>\n<li class=\"exemple\">el prefaci<\/li>\n<\/ul>\n<p>En els documents, les parts que els componen s&#8217;escriuen amb<br \/>\nmin\u00fascules.<\/p>\n<ul class=\"exemples\">\n<li class=\"exemple\">l&#8217;article 25<\/li>\n<li class=\"exemple\">la disposici\u00f3 addicional segona<\/li>\n<li class=\"exemple\">el t\u00edtol primer<\/li>\n<li class=\"exemple\">l&#8217;annex 2<\/li>\n<\/ul>\n<\/div>\n<div id=\"conferencies\" class=\"seccio\">\n<hr \/>\n<p class=\"titolSeccio\"><strong>Confer\u00e8ncies i discursos<\/strong><\/p>\n<hr \/>\n<p>Els t\u00edtols de les confer\u00e8ncies i els discursos s&#8217;escriuen amb maj\u00fascula inicial.<\/p>\n<ul class=\"exemples\">\n<li class=\"exemple\">un discurs que duia per t\u00edtol \u00abLa universitat de l&#8217;any 2000\u00bb<\/li>\n<li class=\"exemple\">la confer\u00e8ncia sobre \u00abLa investigaci\u00f3 dialectol\u00f2gica\u00bb<\/li>\n<li class=\"exemple\">la lli\u00e7\u00f3 magistral \u00abL&#8217;humanisme a la universitat\u00bb<\/li>\n<\/ul>\n<\/div>\n<hr \/>\n<p><a href=\"http:\/\/blogs.uab.cat\/majmin\/index\/\">\u00cdndex<\/a><\/p>\n","protected":false},"excerpt":{"rendered":"<p>Documents En els t\u00edtols dels documents oficials escriurem amb maj\u00fascula inicial la paraula amb qu\u00e8 expressem la mena de document de qu\u00e8 es tracta (Llei, Decret, Reial decret, Pla director, etc.). la Llei 17\/1985, de 23 de juliol, de la funci\u00f3 p\u00fablica de l&#8217;Administraci\u00f3 de la Generalitat la Sent\u00e8ncia del Tribunal Suprem de 7 de [&hellip;]<\/p>\n","protected":false},"author":59,"featured_media":0,"parent":13,"menu_order":3,"comment_status":"closed","ping_status":"closed","template":"","meta":{"footnotes":""},"class_list":["post-25","page","type-page","status-publish","hentry"],"_links":{"self":[{"href":"https:\/\/webs.uab.cat\/majmin\/wp-json\/wp\/v2\/pages\/25","targetHints":{"allow":["GET"]}}],"collection":[{"href":"https:\/\/webs.uab.cat\/majmin\/wp-json\/wp\/v2\/pages"}],"about":[{"href":"https:\/\/webs.uab.cat\/majmin\/wp-json\/wp\/v2\/types\/page"}],"author":[{"embeddable":true,"href":"https:\/\/webs.uab.cat\/majmin\/wp-json\/wp\/v2\/users\/59"}],"replies":[{"embeddable":true,"href":"https:\/\/webs.uab.cat\/majmin\/wp-json\/wp\/v2\/comments?post=25"}],"version-history":[{"count":2,"href":"https:\/\/webs.uab.cat\/majmin\/wp-json\/wp\/v2\/pages\/25\/revisions"}],"predecessor-version":[{"id":106,"href":"https:\/\/webs.uab.cat\/majmin\/wp-json\/wp\/v2\/pages\/25\/revisions\/106"}],"up":[{"embeddable":true,"href":"https:\/\/webs.uab.cat\/majmin\/wp-json\/wp\/v2\/pages\/13"}],"wp:attachment":[{"href":"https:\/\/webs.uab.cat\/majmin\/wp-json\/wp\/v2\/media?parent=25"}],"curies":[{"name":"wp","href":"https:\/\/api.w.org\/{rel}","templated":true}]}}