{"id":31,"date":"2016-01-28T14:33:04","date_gmt":"2016-01-28T13:33:04","guid":{"rendered":"http:\/\/blogs.uab.cat\/majmin\/?page_id=31"},"modified":"2025-01-30T11:55:15","modified_gmt":"2025-01-30T11:55:15","slug":"lloc","status":"publish","type":"page","link":"https:\/\/webs.uab.cat\/majmin\/index\/lloc\/","title":{"rendered":"Lloc"},"content":{"rendered":"<hr \/>\n<p><strong>Edificis<\/strong><\/p>\n<hr \/>\n<p>Els noms gen\u00e8rics dels edificis s&#8217;escriuen amb min\u00fascules. El nom que singularitza l&#8217;edifici, en canvi, s&#8217;escriu amb maj\u00fascules inicials.<\/p>\n<div id=\"edificis\" class=\"seccio\">\n<ul class=\"exemples\">\n<li class=\"exemple\">l&#8217;edifici A<\/li>\n<li class=\"exemple\">la torre M<\/li>\n<li class=\"exemple\">l&#8217;edifici d&#8217;Estudiants<\/li>\n<\/ul>\n<p>Escriurem amb maj\u00fascules inicials, per\u00f2, el nom sencer dels edificis singulars, ja que funcionen com a noms propis.<\/p>\n<ul class=\"exemples\">\n<li class=\"exemple\">el Palau Reial<\/li>\n<li class=\"exemple\">el Palau de la M\u00fasica Catalana<\/li>\n<li class=\"exemple\">la Llotja<\/li>\n<li class=\"exemple\">l&#8217;Estadi Ol\u00edmpic<\/li>\n<li class=\"exemple\">el Born<\/li>\n<li class=\"exemple\">la Casa Ametller<\/li>\n<\/ul>\n<p>Semblantment, els noms gen\u00e8rics de les parts d&#8217;un edifici s&#8217;escriuen amb min\u00fascules.<\/p>\n<ul class=\"exemples\">\n<li class=\"exemple\">la sala d&#8217;actes<\/li>\n<li class=\"exemple\">la sala de graus<\/li>\n<li class=\"exemple\">la sala de juntes<\/li>\n<li class=\"exemple\">l&#8217;auditori<\/li>\n<li class=\"exemple\">l&#8217;aula 12<\/li>\n<\/ul>\n<p>S&#8217;escriuen amb maj\u00fascules inicials, per\u00f2, els noms de les depend\u00e8ncies singulars.<\/p>\n<ul class=\"exemples\">\n<li class=\"exemple\">l&#8217;Aula Magna de la Universitat de Barcelona<\/li>\n<li class=\"exemple\">el Pati dels Tarongers<\/li>\n<li class=\"exemple\">el Sal\u00f3 de Cent<\/li>\n<li class=\"exemple\">el Sal\u00f3 Daurat de la Llotja<\/li>\n<li>la Sala d&#8217;Exposions de la UAB<\/li>\n<\/ul>\n<p>Els noms dels monuments s&#8217;escriuen amb maj\u00fascules incials.<\/p>\n<ul class=\"exemples\">\n<li class=\"exemple\">la Sagrada Fam\u00edlia<\/li>\n<li class=\"exemple\">la Porta de Brandenburg<\/li>\n<li class=\"exemple\">el Parten\u00f3<\/li>\n<li class=\"exemple\">la Torre Eiffel<\/li>\n<li class=\"exemple\">l&#8217;Est\u00e0tua de la Llibertat<\/li>\n<\/ul>\n<\/div>\n<div id=\"toponims\" class=\"seccio\">\n<hr \/>\n<p class=\"titolSeccio\"><strong>Top\u00f2nims catalans<\/strong><\/p>\n<hr \/>\n<p>L&#8217;article dels top\u00f2nims catalans s&#8217;escriu amb min\u00fascules i se sotmet a les regles d&#8217;aprostrofaci\u00f3 i contracci\u00f3.<\/p>\n<ul class=\"exemples\">\n<li class=\"exemple\">els Hostalets de Baleny\u00e0<\/li>\n<li class=\"exemple\">les Garrigues<\/li>\n<li class=\"exemple\">parlen de l&#8217;Hospitalet de l&#8217;Infant<\/li>\n<li class=\"exemple\">van anar a la Granadella<\/li>\n<li class=\"exemple\">ja han tornat del mass\u00eds del Montgr\u00ed<\/li>\n<\/ul>\n<\/div>\n<div id=\"toponimsNoCat\" class=\"seccio\">\n<hr \/>\n<p class=\"titolSeccio\"><strong>Top\u00f2nims no catalans<\/strong><\/p>\n<hr \/>\n<p>En els top\u00f2nims estrangers que tenen article, aquest s&#8217;escriu amb maj\u00fascula inicial i no se sotmet a les regles d&#8217;apostrofaci\u00f3 i contracci\u00f3.<\/p>\n<ul class=\"exemples\">\n<li class=\"exemple\">Las Alpujarras<\/li>\n<li class=\"exemple\">La Palma<\/li>\n<li class=\"exemple\">La Rioja<\/li>\n<li class=\"exemple\">Le Havre<\/li>\n<li class=\"exemple\">Los Angeles<\/li>\n<li class=\"exemple\">l&#8217;alcalde d&#8217;El Condado<\/li>\n<li class=\"exemple\">el viatge a El Salvador<\/li>\n<\/ul>\n<p>Els articles dels top\u00f2nims estrangers que tenen una forma catalanitzada, per\u00f2, s&#8217;escriuen amb min\u00fascules, s&#8217;apostrofen i es contrauen.<\/p>\n<ul class=\"exemples\">\n<li class=\"exemple\">un viatge a l&#8217;Havana<\/li>\n<li class=\"exemple\">van tornar del Caire<\/li>\n<\/ul>\n<\/div>\n<div id=\"toponimsUrbans\" class=\"seccio\">\n<hr \/>\n<p class=\"titolSeccio\"><strong>Top\u00f2nims urbans<\/strong><\/p>\n<hr \/>\n<p>Els noms gen\u00e8rics de les vies urbanes i interurbanes s&#8217;escriuen amb min\u00fascules; el nom propi de la via, amb maj\u00fascula inicial.<\/p>\n<ul class=\"exemples\">\n<li class=\"exemple\">la pla\u00e7a de Catalunya<\/li>\n<li class=\"exemple\">el carrer Ample<\/li>\n<li class=\"exemple\">la rambla de les Flors<\/li>\n<li class=\"exemple\">el passeig de Sant Joan<\/li>\n<li class=\"exemple\">la ronda de Sant Pere<\/li>\n<li class=\"exemple\">l&#8217;avinguda de Sarri\u00e0<\/li>\n<li class=\"exemple\">la pla\u00e7a C\u00edvica<\/li>\n<li class=\"exemple\">la pla\u00e7a Acad\u00e8mica<\/li>\n<li>l&#8217;avinguda de l&#8217;<span class=\"c-mrkdwn__highlight\">Eix<\/span>\u00a0<span class=\"c-mrkdwn__highlight\">Central<\/span><\/li>\n<\/ul>\n<p>Alguns noms gen\u00e8rics, per\u00f2, adquireixen el valor de propis, fet que ens obliga a escriure&#8217;ls amb maj\u00fascules inicials.<\/p>\n<ul class=\"exemples\">\n<li class=\"exemple\">la Diagonal [de Barcelona]<\/li>\n<li class=\"exemple\">la Rambla [de Barcelona]<\/li>\n<li class=\"exemple\">la Gran Via [de Barcelona]<\/li>\n<\/ul>\n<p>Han de dur maj\u00fascula inicial els noms gen\u00e8rics dels top\u00f2nims urbans estrangers si s\u00f3n escrits en la llengua original, tant si en aquesta llengua s&#8217;escriuen amb maj\u00fascula inicial com si no.<\/p>\n<ul class=\"exemples\">\n<li class=\"exemple\">Trafalgar Square<\/li>\n<li class=\"exemple\">Park Avenue<\/li>\n<li class=\"exemple\">Paseo de la Castellana<\/li>\n<\/ul>\n<p>Els noms dels nuclis de poblaci\u00f3 s&#8217;escriuen amb maj\u00fascules inicials.<\/p>\n<ul class=\"exemples\">\n<li class=\"exemple\">la Zona Franca<\/li>\n<li class=\"exemple\">el Raval<\/li>\n<li class=\"exemple\">la Creu Alta<\/li>\n<li class=\"exemple\">la Vila Universit\u00e0ria<\/li>\n<\/ul>\n<p>La paraula\u00a0<span class=\"cursiva\">campus<\/span>\u00a0s&#8217;escriu amb min\u00fascules.<\/p>\n<ul class=\"exemples\">\n<li class=\"exemple\">el campus de Bellaterra<\/li>\n<\/ul>\n<\/div>\n<div id=\"demarcacions\" class=\"seccio\">\n<hr \/>\n<p class=\"titolSeccio\"><strong>Demarcacions territorials<\/strong><\/p>\n<hr \/>\n<p>En les demarcacions territorials i en les divisions pol\u00edtiques o administratives, el nom gen\u00e8ric s&#8217;escriu amb min\u00fascules, i el propi, amb maj\u00fascules inicials.<\/p>\n<ul class=\"exemples\">\n<li class=\"exemple\">la comarca del Vall\u00e8s Oriental<\/li>\n<li class=\"exemple\">la prov\u00edncia de Castell\u00f3<\/li>\n<li class=\"exemple\">el terme municipal de Caldes de Montbui<\/li>\n<li class=\"exemple\">la comunitat aut\u00f2noma d&#8217;Extremadura<\/li>\n<\/ul>\n<\/div>\n<div id=\"accidents\" class=\"seccio\">\n<hr \/>\n<p class=\"titolSeccio\"><strong>Accidents i elements geogr\u00e0fics<\/strong><\/p>\n<hr \/>\n<p>Cal escriure&#8217;n amb min\u00fascules els noms gen\u00e8rics, i amb maj\u00fascula inicial el nom propi de cadascun.<\/p>\n<ul class=\"exemples\">\n<li class=\"exemple\">la badia de Roses<\/li>\n<li class=\"exemple\">la cala Castells<\/li>\n<li class=\"exemple\">el tur\u00f3 de l&#8217;Home<\/li>\n<li class=\"exemple\">l&#8217;estany de Banyoles<\/li>\n<li class=\"exemple\">la tossa d&#8217;Alp<\/li>\n<li class=\"exemple\">la vall de Bo\u00ed<\/li>\n<li class=\"exemple\">la mar Mediterr\u00e0nia<\/li>\n<li class=\"exemple\">la mar Cant\u00e0brica<\/li>\n<li class=\"exemple\">el delta del Llobregat<\/li>\n<li class=\"exemple\">les illes Balears<span class=\"superindex\"><span class=\"negreta\">*<\/span><\/span><\/li>\n<li class=\"exemple\">les illes Medes<\/li>\n<li class=\"exemple\">la pen\u00ednsula Ib\u00e8rica<\/li>\n<li class=\"exemple\">el golf P\u00e8rsic<\/li>\n<li class=\"exemple\">cal Paraire<\/li>\n<li class=\"exemple\">ca l&#8217;Amadeu<\/li>\n<\/ul>\n<div class=\"notaExemple\"><span class=\"negreta\">*<\/span>S&#8217;escriu\u00a0<span class=\"cursiva\">Illes Balears<\/span>\u00a0\u2014<span class=\"cursiva\">illes<\/span>\u00a0amb maj\u00fascula inicial\u2014 si s&#8217;usa com a nom de comunitat aut\u00f2noma.<\/div>\n<\/div>\n<div id=\"punts\" class=\"seccio\">\n<p class=\"titolSeccio\">Punts cardinals<\/p>\n<p>S&#8217;escriuen amb min\u00fascules.<\/p>\n<ul class=\"exemples\">\n<li class=\"exemple\">l&#8217;oest de Catalunya<\/li>\n<li class=\"exemple\">el nord-est de la comarca<\/li>\n<li class=\"exemple\">la \u00abpota sud\u00bb del segon cintur\u00f3 barcelon\u00ed<\/li>\n<\/ul>\n<p>Els s\u00edmbols corresponents s&#8217;escriuen amb maj\u00fascula, i duen maj\u00fascula inicial els punts cardinals i els punts de l&#8217;horitz\u00f3 que formen part d&#8217;un nom de lloc.<\/p>\n<ul class=\"exemples\">\n<li class=\"exemple\">S<\/li>\n<li class=\"exemple\">NO<\/li>\n<li class=\"exemple\">ENE<\/li>\n<li class=\"exemple\">Am\u00e8rica del Sud<\/li>\n<li class=\"exemple\">l&#8217;Orient Mitj\u00e0<\/li>\n<li class=\"exemple\">el cap Nord<\/li>\n<\/ul>\n<\/div>\n<hr \/>\n<p><a href=\"http:\/\/blogs.uab.cat\/majmin\/index\/\">\u00cdndex<\/a><\/p>\n","protected":false},"excerpt":{"rendered":"<p>Edificis Els noms gen\u00e8rics dels edificis s&#8217;escriuen amb min\u00fascules. El nom que singularitza l&#8217;edifici, en canvi, s&#8217;escriu amb maj\u00fascules inicials. l&#8217;edifici A la torre M l&#8217;edifici d&#8217;Estudiants Escriurem amb maj\u00fascules inicials, per\u00f2, el nom sencer dels edificis singulars, ja que funcionen com a noms propis. el Palau Reial el Palau de la M\u00fasica Catalana la [&hellip;]<\/p>\n","protected":false},"author":59,"featured_media":0,"parent":13,"menu_order":6,"comment_status":"closed","ping_status":"closed","template":"","meta":{"footnotes":""},"class_list":["post-31","page","type-page","status-publish","hentry"],"_links":{"self":[{"href":"https:\/\/webs.uab.cat\/majmin\/wp-json\/wp\/v2\/pages\/31","targetHints":{"allow":["GET"]}}],"collection":[{"href":"https:\/\/webs.uab.cat\/majmin\/wp-json\/wp\/v2\/pages"}],"about":[{"href":"https:\/\/webs.uab.cat\/majmin\/wp-json\/wp\/v2\/types\/page"}],"author":[{"embeddable":true,"href":"https:\/\/webs.uab.cat\/majmin\/wp-json\/wp\/v2\/users\/59"}],"replies":[{"embeddable":true,"href":"https:\/\/webs.uab.cat\/majmin\/wp-json\/wp\/v2\/comments?post=31"}],"version-history":[{"count":3,"href":"https:\/\/webs.uab.cat\/majmin\/wp-json\/wp\/v2\/pages\/31\/revisions"}],"predecessor-version":[{"id":213,"href":"https:\/\/webs.uab.cat\/majmin\/wp-json\/wp\/v2\/pages\/31\/revisions\/213"}],"up":[{"embeddable":true,"href":"https:\/\/webs.uab.cat\/majmin\/wp-json\/wp\/v2\/pages\/13"}],"wp:attachment":[{"href":"https:\/\/webs.uab.cat\/majmin\/wp-json\/wp\/v2\/media?parent=31"}],"curies":[{"name":"wp","href":"https:\/\/api.w.org\/{rel}","templated":true}]}}